{"id":4792,"date":"2024-08-26T15:09:07","date_gmt":"2024-08-26T18:09:07","guid":{"rendered":"https:\/\/www.kimarca.com.br\/site\/?post_type=product&#038;p=4792"},"modified":"2025-04-30T17:42:02","modified_gmt":"2025-04-30T20:42:02","slug":"saponaceo-cremoso-sapolio-300ml-girando-sol","status":"publish","type":"product","link":"https:\/\/www.kimarca.com.br\/site\/produto\/saponaceo-cremoso-sapolio-300ml-girando-sol\/","title":{"rendered":"Sapon\u00e1ceo Cremoso Sap\u00f3lio 300ml Girando Sol"},"content":{"rendered":"<p>&nbsp;<\/p>\n<p>&nbsp;<\/p>\n<p><img decoding=\"async\" class=\"\" src=\"https:\/\/down-br.img.susercontent.com\/file\/br-11134207-7qukw-lhz64uhle3im6b\" alt=\"Sapon\u00e1ceo Cremoso Sap\u00f3lio 300ml Girando Sol\" width=\"167\" height=\"167\"  loading=\"lazy\" \/><\/p>\n<p>Na busca por solu\u00e7\u00f5es de limpeza eficazes e pr\u00e1ticas, o<b>Sapon\u00e1ceo Cremoso<\/b>se destaca como um aliado indispens\u00e1vel para manter o lar impec\u00e1vel, principalmente quando falamos do cuidado e brilho dos banheiros e cozinhas.<\/p>\n<p><strong>Como usar o Sapon\u00e1ceo Cremoso?<\/strong><br \/>\nSeu uso \u00e9 f\u00e1cil e r\u00e1pido, basta aplicar o Sapon\u00e1ceo Cremoso Girando Sol diretamente na \u00e1rea e espalhar suavemente com um pano \u00famido ou uma esponja macia. Em seguida, enx\u00e1gue abundantemente e seque para revelar o brilho e a limpeza impec\u00e1vel.<\/p>\n<p><strong>Unidade individual de 300 ml.<\/strong><\/p>\n<p><strong>Fragr\u00e2ncias:<\/strong>\u00a0Original e lim\u00e3o.<\/p>\n","protected":false},"excerpt":{"rendered":"<p>&nbsp; &nbsp; Na busca por solu\u00e7\u00f5es de limpeza eficazes e pr\u00e1ticas, oSapon\u00e1ceo Cremosose destaca como [&hellip;]<\/p>\n","protected":false},"featured_media":4833,"comment_status":"closed","ping_status":"closed","template":"","meta":[],"product_brand":[],"product_cat":[299],"product_tag":[],"class_list":{"0":"post-4792","1":"product","2":"type-product","3":"status-publish","4":"has-post-thumbnail","6":"product_cat-saponaceo","8":"first","9":"instock","10":"shipping-taxable","11":"product-type-simple"},"_links":{"self":[{"href":"https:\/\/www.kimarca.com.br\/site\/wp-json\/wp\/v2\/product\/4792","targetHints":{"allow":["GET"]}}],"collection":[{"href":"https:\/\/www.kimarca.com.br\/site\/wp-json\/wp\/v2\/product"}],"about":[{"href":"https:\/\/www.kimarca.com.br\/site\/wp-json\/wp\/v2\/types\/product"}],"replies":[{"embeddable":true,"href":"https:\/\/www.kimarca.com.br\/site\/wp-json\/wp\/v2\/comments?post=4792"}],"wp:featuredmedia":[{"embeddable":true,"href":"https:\/\/www.kimarca.com.br\/site\/wp-json\/wp\/v2\/media\/4833"}],"wp:attachment":[{"href":"https:\/\/www.kimarca.com.br\/site\/wp-json\/wp\/v2\/media?parent=4792"}],"wp:term":[{"taxonomy":"product_brand","embeddable":true,"href":"https:\/\/www.kimarca.com.br\/site\/wp-json\/wp\/v2\/product_brand?post=4792"},{"taxonomy":"product_cat","embeddable":true,"href":"https:\/\/www.kimarca.com.br\/site\/wp-json\/wp\/v2\/product_cat?post=4792"},{"taxonomy":"product_tag","embeddable":true,"href":"https:\/\/www.kimarca.com.br\/site\/wp-json\/wp\/v2\/product_tag?post=4792"}],"curies":[{"name":"wp","href":"https:\/\/api.w.org\/{rel}","templated":true}]}}