{"id":4734,"date":"2022-11-10T15:52:42","date_gmt":"2022-11-10T18:52:42","guid":{"rendered":"https:\/\/www.kimarca.com.br\/site\/?post_type=product&#038;p=4734"},"modified":"2024-11-03T23:40:44","modified_gmt":"2024-11-04T02:40:44","slug":"detergente-clorado","status":"publish","type":"product","link":"https:\/\/www.kimarca.com.br\/site\/produto\/detergente-clorado\/","title":{"rendered":"Detergente clorado"},"content":{"rendered":"<div class=\"elementor-column elementor-col-50 elementor-top-column elementor-element elementor-element-178c445\" data-id=\"178c445\" data-element_type=\"column\">\n<div class=\"elementor-column-wrap elementor-element-populated\">\n<div class=\"elementor-widget-wrap\">\n<div class=\"elementor-element elementor-element-1495c429 elementor-vertical-align-middle elementor-position-top elementor-widget elementor-widget-image-box\" data-id=\"1495c429\" data-element_type=\"widget\" data-widget_type=\"image-box.default\">\n<div class=\"elementor-widget-container\">\n<div class=\"elementor-image-box-wrapper\">\n<div class=\"elementor-image-box-content\">\n<h3 class=\"elementor-image-box-title\"><a href=\"https:\/\/www.kimarca.com.br\/site\/wp-content\/uploads\/2022\/11\/clorosan.png\"><img decoding=\"async\" class=\"alignnone wp-image-4735\" src=\"https:\/\/www.kimarca.com.br\/site\/wp-content\/uploads\/2022\/11\/clorosan-225x300.png\" alt=\"\" width=\"182\" height=\"243\"  loading=\"lazy\" srcset=\"https:\/\/www.kimarca.com.br\/site\/wp-content\/uploads\/2022\/11\/clorosan-225x300.png 225w, https:\/\/www.kimarca.com.br\/site\/wp-content\/uploads\/2022\/11\/clorosan.png 600w\" sizes=\"auto, (max-width: 182px) 100vw, 182px\" \/><\/a><\/h3>\n<h5 class=\"elementor-image-box-title\">CLOROSAN<\/h5>\n<\/div>\n<\/div>\n<\/div>\n<\/div>\n<\/div>\n<\/div>\n<\/div>\n<div class=\"elementor-column elementor-col-50 elementor-top-column elementor-element elementor-element-6df8566\" data-id=\"6df8566\" data-element_type=\"column\">\n<div class=\"elementor-column-wrap elementor-element-populated\">\n<div class=\"elementor-widget-wrap\">\n<div class=\"elementor-element elementor-element-35e77b31 elementor-widget elementor-widget-heading\" data-id=\"35e77b31\" data-element_type=\"widget\" data-widget_type=\"heading.default\">\n<div class=\"elementor-widget-container\">\n<h2 class=\"elementor-heading-title elementor-size-default\">Descri\u00e7\u00e3o:<\/h2>\n<\/div>\n<\/div>\n<div class=\"elementor-element elementor-element-56b40dbd elementor-widget elementor-widget-text-editor\" data-id=\"56b40dbd\" data-element_type=\"widget\" data-widget_type=\"text-editor.default\">\n<div class=\"elementor-widget-container\">\n<div class=\"elementor-text-editor elementor-clearfix\">\n<p>Detergente desinfetante sanitizante alcalino\u00a0clorado para limpeza geral<\/p>\n<p>saco com25kg<\/p>\n<\/div>\n<\/div>\n<\/div>\n<div class=\"elementor-element elementor-element-79a75e52 elementor-widget elementor-widget-heading\" data-id=\"79a75e52\" data-element_type=\"widget\" data-widget_type=\"heading.default\">\n<div class=\"elementor-widget-container\">\n<h2 class=\"elementor-heading-title elementor-size-default\">Caracter\u00edsticas:<\/h2>\n<\/div>\n<\/div>\n<div class=\"elementor-element elementor-element-69d86367 elementor-mobile-align-center elementor-icon-list--layout-traditional elementor-list-item-link-full_width elementor-widget elementor-widget-icon-list\" data-id=\"69d86367\" data-element_type=\"widget\" data-widget_type=\"icon-list.default\">\n<div class=\"elementor-widget-container\">\n<ul class=\"elementor-icon-list-items\">\n<li class=\"elementor-icon-list-item\"><i class=\"fas fa-check\" aria-hidden=\"true\"><\/i><span class=\"elementor-icon-list-text\">Limpa e sanitiza em uma \u00fanica opera\u00e7\u00e3o, economizando tempo, \u00e1gua e m\u00e3o de obra<\/span><\/li>\n<li class=\"elementor-icon-list-item\"><i class=\"fas fa-check\" aria-hidden=\"true\"><\/i><span class=\"elementor-icon-list-text\">Elimina com efic\u00e1cia sujeiras, \u00f3leos e gorduras de origem proteica<\/span><\/li>\n<li class=\"elementor-icon-list-item\"><i class=\"fas fa-check\" aria-hidden=\"true\"><\/i><span class=\"elementor-icon-list-text\">Cont\u00e9m cloro em composto org\u00e2nico que garante uma eficiente limpeza<\/span><\/li>\n<li class=\"elementor-icon-list-item\"><i class=\"fas fa-check\" aria-hidden=\"true\"><\/i><span class=\"elementor-icon-list-text\">Elimina odores desagrad\u00e1veis<\/span><\/li>\n<li class=\"elementor-icon-list-item\"><i class=\"fas fa-check\" aria-hidden=\"true\"><\/i><span class=\"elementor-icon-list-text\">Espuma controlada que facilita o enx\u00e1gue final<\/span><\/li>\n<\/ul>\n<\/div>\n<\/div>\n<\/div>\n<\/div>\n<\/div>\n","protected":false},"excerpt":{"rendered":"<p>CLOROSAN Descri\u00e7\u00e3o: Detergente desinfetante sanitizante alcalino\u00a0clorado para limpeza geral saco com25kg Caracter\u00edsticas: Limpa e sanitiza [&hellip;]<\/p>\n","protected":false},"featured_media":4735,"comment_status":"closed","ping_status":"closed","template":"","meta":[],"product_brand":[],"product_cat":[244],"product_tag":[],"class_list":{"0":"post-4734","1":"product","2":"type-product","3":"status-publish","4":"has-post-thumbnail","6":"product_cat-detergentes","8":"first","9":"instock","10":"shipping-taxable","11":"product-type-simple"},"_links":{"self":[{"href":"https:\/\/www.kimarca.com.br\/site\/wp-json\/wp\/v2\/product\/4734","targetHints":{"allow":["GET"]}}],"collection":[{"href":"https:\/\/www.kimarca.com.br\/site\/wp-json\/wp\/v2\/product"}],"about":[{"href":"https:\/\/www.kimarca.com.br\/site\/wp-json\/wp\/v2\/types\/product"}],"replies":[{"embeddable":true,"href":"https:\/\/www.kimarca.com.br\/site\/wp-json\/wp\/v2\/comments?post=4734"}],"wp:featuredmedia":[{"embeddable":true,"href":"https:\/\/www.kimarca.com.br\/site\/wp-json\/wp\/v2\/media\/4735"}],"wp:attachment":[{"href":"https:\/\/www.kimarca.com.br\/site\/wp-json\/wp\/v2\/media?parent=4734"}],"wp:term":[{"taxonomy":"product_brand","embeddable":true,"href":"https:\/\/www.kimarca.com.br\/site\/wp-json\/wp\/v2\/product_brand?post=4734"},{"taxonomy":"product_cat","embeddable":true,"href":"https:\/\/www.kimarca.com.br\/site\/wp-json\/wp\/v2\/product_cat?post=4734"},{"taxonomy":"product_tag","embeddable":true,"href":"https:\/\/www.kimarca.com.br\/site\/wp-json\/wp\/v2\/product_tag?post=4734"}],"curies":[{"name":"wp","href":"https:\/\/api.w.org\/{rel}","templated":true}]}}