{"id":4729,"date":"2022-11-08T17:04:05","date_gmt":"2022-11-08T20:04:05","guid":{"rendered":"https:\/\/www.kimarca.com.br\/site\/?post_type=product&#038;p=4729"},"modified":"2024-11-03T23:40:44","modified_gmt":"2024-11-04T02:40:44","slug":"acabamento-acrilico","status":"publish","type":"product","link":"https:\/\/www.kimarca.com.br\/site\/produto\/acabamento-acrilico\/","title":{"rendered":"Acabamento para Acr\u00edlico"},"content":{"rendered":"<div class=\"elementor-column elementor-col-50 elementor-top-column elementor-element elementor-element-7f9e64fd\" data-id=\"7f9e64fd\" data-element_type=\"column\">\n<div class=\"elementor-column-wrap elementor-element-populated\">\n<div class=\"elementor-widget-wrap\">\n<div class=\"elementor-element elementor-element-6afcd63d elementor-vertical-align-middle elementor-position-top elementor-widget elementor-widget-image-box\" data-id=\"6afcd63d\" data-element_type=\"widget\" data-widget_type=\"image-box.default\">\n<div class=\"elementor-widget-container\">\n<div class=\"elementor-image-box-wrapper\">\n<div class=\"elementor-image-box-content\">\n<h5 class=\"elementor-image-box-title\"><a href=\"https:\/\/www.kimarca.com.br\/site\/wp-content\/uploads\/2022\/11\/wet-31.png\"><img decoding=\"async\" class=\"alignnone wp-image-4730\" src=\"https:\/\/www.kimarca.com.br\/site\/wp-content\/uploads\/2022\/11\/wet-31-225x300.png\" alt=\"\" width=\"198\" height=\"264\"  loading=\"lazy\" srcset=\"https:\/\/www.kimarca.com.br\/site\/wp-content\/uploads\/2022\/11\/wet-31-225x300.png 225w, https:\/\/www.kimarca.com.br\/site\/wp-content\/uploads\/2022\/11\/wet-31.png 600w\" sizes=\"auto, (max-width: 198px) 100vw, 198px\" \/><\/a><\/h5>\n<h5 class=\"elementor-image-box-title\">WET 31<\/h5>\n<\/div>\n<\/div>\n<\/div>\n<\/div>\n<\/div>\n<\/div>\n<\/div>\n<div class=\"elementor-column elementor-col-50 elementor-top-column elementor-element elementor-element-3ffc96b6\" data-id=\"3ffc96b6\" data-element_type=\"column\">\n<div class=\"elementor-column-wrap elementor-element-populated\">\n<div class=\"elementor-widget-wrap\">\n<div class=\"elementor-element elementor-element-19f4ea87 elementor-widget elementor-widget-heading\" data-id=\"19f4ea87\" data-element_type=\"widget\" data-widget_type=\"heading.default\">\n<div class=\"elementor-widget-container\">\n<h2 class=\"elementor-heading-title elementor-size-default\">Descri\u00e7\u00e3o:<\/h2>\n<\/div>\n<\/div>\n<div class=\"elementor-element elementor-element-3e41a773 elementor-widget elementor-widget-text-editor\" data-id=\"3e41a773\" data-element_type=\"widget\" data-widget_type=\"text-editor.default\">\n<div class=\"elementor-widget-container\">\n<div class=\"elementor-text-editor elementor-clearfix\">\n<p>Acabamento acr\u00edlico\u00a0autobrilhante e antiderrapante<\/p>\n<p>Bombona de 20lts<\/p>\n<\/div>\n<\/div>\n<\/div>\n<div class=\"elementor-element elementor-element-294a8396 elementor-widget elementor-widget-heading\" data-id=\"294a8396\" data-element_type=\"widget\" data-widget_type=\"heading.default\">\n<div class=\"elementor-widget-container\">\n<h2 class=\"elementor-heading-title elementor-size-default\">Caracter\u00edsticas:<\/h2>\n<\/div>\n<\/div>\n<div class=\"elementor-element elementor-element-4ef38887 elementor-mobile-align-center elementor-icon-list--layout-traditional elementor-list-item-link-full_width elementor-widget elementor-widget-icon-list\" data-id=\"4ef38887\" data-element_type=\"widget\" data-widget_type=\"icon-list.default\">\n<div class=\"elementor-widget-container\">\n<ul class=\"elementor-icon-list-items\">\n<li class=\"elementor-icon-list-item\"><i class=\"fas fa-check\" aria-hidden=\"true\"><\/i><span class=\"elementor-icon-list-text\">Cera l\u00edquida, auto nivelante, de f\u00e1cil aplica\u00e7\u00e3o, espalhamento e polimeriza\u00e7\u00e3o<\/span><\/li>\n<li class=\"elementor-icon-list-item\"><i class=\"fas fa-check\" aria-hidden=\"true\"><\/i><span class=\"elementor-icon-list-text\">Brilho instant\u00e2neo, dispensando o uso de enceradeira<\/span><\/li>\n<li class=\"elementor-icon-list-item\"><i class=\"fas fa-check\" aria-hidden=\"true\"><\/i><span class=\"elementor-icon-list-text\">Renova\u00e7\u00e3o f\u00e1cil do brilho em \u00e1rea de tr\u00e1fego intenso<\/span><\/li>\n<li class=\"elementor-icon-list-item\"><i class=\"fas fa-check\" aria-hidden=\"true\"><\/i><span class=\"elementor-icon-list-text\">Lav\u00e1vel com \u00e1gua ou detergentes neutros e completamente remov\u00edvel com WET 11<\/span><\/li>\n<li class=\"elementor-icon-list-item\"><i class=\"fas fa-check\" aria-hidden=\"true\"><\/i><span class=\"elementor-icon-list-text\">Totalmente transparente, mantendo inalteradas as cores do piso<\/span><\/li>\n<li class=\"elementor-icon-list-item\"><i class=\"fas fa-check\" aria-hidden=\"true\"><\/i><span class=\"elementor-icon-list-text\">Grande dureza e resist\u00eancia, protegendo os pisos contra riscos e desgaste<\/span><\/li>\n<li class=\"elementor-icon-list-item\"><i class=\"fas fa-check\" aria-hidden=\"true\"><\/i><span class=\"elementor-icon-list-text\">Elevada elasticidade capaz de resistir a extremas varia\u00e7\u00f5es de temperatura<\/span><\/li>\n<li class=\"elementor-icon-list-item\"><i class=\"fas fa-check\" aria-hidden=\"true\"><\/i><span class=\"elementor-icon-list-text\">Odor agrad\u00e1vel<\/span><\/li>\n<\/ul>\n<\/div>\n<\/div>\n<\/div>\n<\/div>\n<\/div>\n","protected":false},"excerpt":{"rendered":"<p>WET 31 Descri\u00e7\u00e3o: Acabamento acr\u00edlico\u00a0autobrilhante e antiderrapante Bombona de 20lts Caracter\u00edsticas: Cera l\u00edquida, auto nivelante, [&hellip;]<\/p>\n","protected":false},"featured_media":4730,"comment_status":"closed","ping_status":"closed","template":"","meta":[],"product_brand":[],"product_cat":[322],"product_tag":[],"class_list":{"0":"post-4729","1":"product","2":"type-product","3":"status-publish","4":"has-post-thumbnail","6":"product_cat-acabamento-para-acrilico","8":"first","9":"instock","10":"shipping-taxable","11":"product-type-simple"},"_links":{"self":[{"href":"https:\/\/www.kimarca.com.br\/site\/wp-json\/wp\/v2\/product\/4729","targetHints":{"allow":["GET"]}}],"collection":[{"href":"https:\/\/www.kimarca.com.br\/site\/wp-json\/wp\/v2\/product"}],"about":[{"href":"https:\/\/www.kimarca.com.br\/site\/wp-json\/wp\/v2\/types\/product"}],"replies":[{"embeddable":true,"href":"https:\/\/www.kimarca.com.br\/site\/wp-json\/wp\/v2\/comments?post=4729"}],"wp:featuredmedia":[{"embeddable":true,"href":"https:\/\/www.kimarca.com.br\/site\/wp-json\/wp\/v2\/media\/4730"}],"wp:attachment":[{"href":"https:\/\/www.kimarca.com.br\/site\/wp-json\/wp\/v2\/media?parent=4729"}],"wp:term":[{"taxonomy":"product_brand","embeddable":true,"href":"https:\/\/www.kimarca.com.br\/site\/wp-json\/wp\/v2\/product_brand?post=4729"},{"taxonomy":"product_cat","embeddable":true,"href":"https:\/\/www.kimarca.com.br\/site\/wp-json\/wp\/v2\/product_cat?post=4729"},{"taxonomy":"product_tag","embeddable":true,"href":"https:\/\/www.kimarca.com.br\/site\/wp-json\/wp\/v2\/product_tag?post=4729"}],"curies":[{"name":"wp","href":"https:\/\/api.w.org\/{rel}","templated":true}]}}