{"id":4727,"date":"2022-11-08T16:59:42","date_gmt":"2022-11-08T19:59:42","guid":{"rendered":"https:\/\/www.kimarca.com.br\/site\/?post_type=product&#038;p=4727"},"modified":"2024-11-03T23:40:44","modified_gmt":"2024-11-04T02:40:44","slug":"base-seladora-para-pisos","status":"publish","type":"product","link":"https:\/\/www.kimarca.com.br\/site\/produto\/base-seladora-para-pisos\/","title":{"rendered":"Base seladora para pisos"},"content":{"rendered":"<div class=\"elementor-column elementor-col-50 elementor-top-column elementor-element elementor-element-4575462d\" data-id=\"4575462d\" data-element_type=\"column\">\n<div class=\"elementor-column-wrap elementor-element-populated\">\n<div class=\"elementor-widget-wrap\">\n<div class=\"elementor-element elementor-element-7a5b9745 elementor-vertical-align-middle elementor-position-top elementor-widget elementor-widget-image-box\" data-id=\"7a5b9745\" data-element_type=\"widget\" data-widget_type=\"image-box.default\">\n<div class=\"elementor-widget-container\">\n<div class=\"elementor-image-box-wrapper\">\n<div class=\"elementor-image-box-content\">\n<h5><a href=\"https:\/\/www.kimarca.com.br\/site\/wp-content\/uploads\/2022\/11\/wet-21.png\"><img decoding=\"async\" class=\"alignnone size-medium wp-image-4728\" src=\"https:\/\/www.kimarca.com.br\/site\/wp-content\/uploads\/2022\/11\/wet-21-225x300.png\" alt=\"\" width=\"225\" height=\"300\"  loading=\"lazy\" srcset=\"https:\/\/www.kimarca.com.br\/site\/wp-content\/uploads\/2022\/11\/wet-21-225x300.png 225w, https:\/\/www.kimarca.com.br\/site\/wp-content\/uploads\/2022\/11\/wet-21.png 600w\" sizes=\"auto, (max-width: 225px) 100vw, 225px\" \/><\/a><\/h5>\n<\/div>\n<\/div>\n<\/div>\n<\/div>\n<div class=\"elementor-element elementor-element-7a5b9745 elementor-vertical-align-middle elementor-position-top elementor-widget elementor-widget-image-box\" data-id=\"7a5b9745\" data-element_type=\"widget\" data-widget_type=\"image-box.default\">\n<div class=\"elementor-widget-container\">\n<div class=\"elementor-image-box-wrapper\">\n<div class=\"elementor-image-box-content\">\n<h5 class=\"elementor-image-box-title\">WET 21<\/h5>\n<\/div>\n<\/div>\n<\/div>\n<\/div>\n<\/div>\n<\/div>\n<\/div>\n<div class=\"elementor-column elementor-col-50 elementor-top-column elementor-element elementor-element-fbcde23\" data-id=\"fbcde23\" data-element_type=\"column\">\n<div class=\"elementor-column-wrap elementor-element-populated\">\n<div class=\"elementor-widget-wrap\">\n<div class=\"elementor-element elementor-element-63c98724 elementor-widget elementor-widget-heading\" data-id=\"63c98724\" data-element_type=\"widget\" data-widget_type=\"heading.default\">\n<div class=\"elementor-widget-container\">\n<h2 class=\"elementor-heading-title elementor-size-default\">Descri\u00e7\u00e3o:<\/h2>\n<\/div>\n<\/div>\n<div class=\"elementor-element elementor-element-778e9826 elementor-widget elementor-widget-text-editor\" data-id=\"778e9826\" data-element_type=\"widget\" data-widget_type=\"text-editor.default\">\n<div class=\"elementor-widget-container\">\n<div class=\"elementor-text-editor elementor-clearfix\">\n<p>Base seladora metalizada\u00a0para pisos<\/p>\n<p>Bombona de 20lts<\/p>\n<\/div>\n<\/div>\n<\/div>\n<div class=\"elementor-element elementor-element-510a2779 elementor-widget elementor-widget-heading\" data-id=\"510a2779\" data-element_type=\"widget\" data-widget_type=\"heading.default\">\n<div class=\"elementor-widget-container\">\n<h2 class=\"elementor-heading-title elementor-size-default\">Caracter\u00edsticas:<\/h2>\n<\/div>\n<\/div>\n<div class=\"elementor-element elementor-element-609714ca elementor-mobile-align-center elementor-icon-list--layout-traditional elementor-list-item-link-full_width elementor-widget elementor-widget-icon-list\" data-id=\"609714ca\" data-element_type=\"widget\" data-widget_type=\"icon-list.default\">\n<div class=\"elementor-widget-container\">\n<ul class=\"elementor-icon-list-items\">\n<li class=\"elementor-icon-list-item\"><i class=\"fas fa-check\" aria-hidden=\"true\"><\/i><span class=\"elementor-icon-list-text\">Altamente resistente ao pisoteamento<\/span><\/li>\n<li class=\"elementor-icon-list-item\"><i class=\"fas fa-check\" aria-hidden=\"true\"><\/i><span class=\"elementor-icon-list-text\">Grande poder de impermeabiliza\u00e7\u00e3o<\/span><\/li>\n<li class=\"elementor-icon-list-item\"><i class=\"fas fa-check\" aria-hidden=\"true\"><\/i><span class=\"elementor-icon-list-text\">Completamente remov\u00edvel com WET 11<\/span><\/li>\n<li class=\"elementor-icon-list-item\"><i class=\"fas fa-check\" aria-hidden=\"true\"><\/i><span class=\"elementor-icon-list-text\">Totalmente transparente, mantendo inalteradas as cores do piso<\/span><\/li>\n<li class=\"elementor-icon-list-item\"><i class=\"fas fa-check\" aria-hidden=\"true\"><\/i><span class=\"elementor-icon-list-text\">Nivela o piso, eliminando a porosidade preparando o mesmo para aplica\u00e7\u00e3o de cera acr\u00edlica<\/span><\/li>\n<li class=\"elementor-icon-list-item\"><i class=\"fas fa-check\" aria-hidden=\"true\"><\/i><span class=\"elementor-icon-list-text\">Odor agrad\u00e1vel<\/span><\/li>\n<\/ul>\n<\/div>\n<\/div>\n<\/div>\n<\/div>\n<\/div>\n","protected":false},"excerpt":{"rendered":"<p>WET 21 Descri\u00e7\u00e3o: Base seladora metalizada\u00a0para pisos Bombona de 20lts Caracter\u00edsticas: Altamente resistente ao pisoteamento [&hellip;]<\/p>\n","protected":false},"featured_media":4728,"comment_status":"closed","ping_status":"closed","template":"","meta":[],"product_brand":[],"product_cat":[320],"product_tag":[],"class_list":{"0":"post-4727","1":"product","2":"type-product","3":"status-publish","4":"has-post-thumbnail","6":"product_cat-base-para-pisos","8":"first","9":"instock","10":"shipping-taxable","11":"product-type-simple"},"_links":{"self":[{"href":"https:\/\/www.kimarca.com.br\/site\/wp-json\/wp\/v2\/product\/4727","targetHints":{"allow":["GET"]}}],"collection":[{"href":"https:\/\/www.kimarca.com.br\/site\/wp-json\/wp\/v2\/product"}],"about":[{"href":"https:\/\/www.kimarca.com.br\/site\/wp-json\/wp\/v2\/types\/product"}],"replies":[{"embeddable":true,"href":"https:\/\/www.kimarca.com.br\/site\/wp-json\/wp\/v2\/comments?post=4727"}],"wp:featuredmedia":[{"embeddable":true,"href":"https:\/\/www.kimarca.com.br\/site\/wp-json\/wp\/v2\/media\/4728"}],"wp:attachment":[{"href":"https:\/\/www.kimarca.com.br\/site\/wp-json\/wp\/v2\/media?parent=4727"}],"wp:term":[{"taxonomy":"product_brand","embeddable":true,"href":"https:\/\/www.kimarca.com.br\/site\/wp-json\/wp\/v2\/product_brand?post=4727"},{"taxonomy":"product_cat","embeddable":true,"href":"https:\/\/www.kimarca.com.br\/site\/wp-json\/wp\/v2\/product_cat?post=4727"},{"taxonomy":"product_tag","embeddable":true,"href":"https:\/\/www.kimarca.com.br\/site\/wp-json\/wp\/v2\/product_tag?post=4727"}],"curies":[{"name":"wp","href":"https:\/\/api.w.org\/{rel}","templated":true}]}}