{"id":4705,"date":"2022-11-04T16:20:08","date_gmt":"2022-11-04T19:20:08","guid":{"rendered":"https:\/\/www.kimarca.com.br\/site\/?post_type=product&#038;p=4705"},"modified":"2024-11-03T23:40:45","modified_gmt":"2024-11-04T02:40:45","slug":"detergente-pre-lavagem","status":"publish","type":"product","link":"https:\/\/www.kimarca.com.br\/site\/produto\/detergente-pre-lavagem\/","title":{"rendered":"Detergente pr\u00e9-lavagem"},"content":{"rendered":"<div class=\"elementor-element elementor-element-1caa4840 elementor-widget elementor-widget-heading\" data-id=\"1caa4840\" data-element_type=\"widget\" data-widget_type=\"heading.default\">\n<div class=\"elementor-widget-container\">\n<h2 class=\"elementor-heading-title elementor-size-default\"><a href=\"https:\/\/www.kimarca.com.br\/site\/wp-content\/uploads\/2022\/11\/ativo-1.png\"><img decoding=\"async\" class=\"alignnone wp-image-4706\" src=\"https:\/\/www.kimarca.com.br\/site\/wp-content\/uploads\/2022\/11\/ativo-1-225x300.png\" alt=\"\" width=\"182\" height=\"243\"  loading=\"lazy\" srcset=\"https:\/\/www.kimarca.com.br\/site\/wp-content\/uploads\/2022\/11\/ativo-1-225x300.png 225w, https:\/\/www.kimarca.com.br\/site\/wp-content\/uploads\/2022\/11\/ativo-1.png 600w\" sizes=\"auto, (max-width: 182px) 100vw, 182px\" \/><\/a><\/h2>\n<h5 class=\"elementor-image-box-title\">ATIVO 1<\/h5>\n<h2><strong>Descri\u00e7\u00e3o:<\/strong><\/h2>\n<\/div>\n<\/div>\n<div class=\"elementor-element elementor-element-6c1fbdff elementor-widget elementor-widget-text-editor\" data-id=\"6c1fbdff\" data-element_type=\"widget\" data-widget_type=\"text-editor.default\">\n<div class=\"elementor-widget-container\">\n<div class=\"elementor-text-editor elementor-clearfix\">\n<p>Detergente l\u00edquido com PH \u00e1cido\u00a0para pr\u00e9-lavagem e lavagem na\u00a0remo\u00e7\u00e3o de manchas de \u00f3leos\u00a0e gorduras<\/p>\n<p>Bombona de 20lt e 5lt<\/p>\n<\/div>\n<\/div>\n<\/div>\n","protected":false},"excerpt":{"rendered":"<p>ATIVO 1 Descri\u00e7\u00e3o: Detergente l\u00edquido com PH \u00e1cido\u00a0para pr\u00e9-lavagem e lavagem na\u00a0remo\u00e7\u00e3o de manchas de [&hellip;]<\/p>\n","protected":false},"featured_media":4706,"comment_status":"closed","ping_status":"closed","template":"","meta":[],"product_brand":[],"product_cat":[244],"product_tag":[],"class_list":{"0":"post-4705","1":"product","2":"type-product","3":"status-publish","4":"has-post-thumbnail","6":"product_cat-detergentes","8":"first","9":"instock","10":"shipping-taxable","11":"product-type-simple"},"_links":{"self":[{"href":"https:\/\/www.kimarca.com.br\/site\/wp-json\/wp\/v2\/product\/4705","targetHints":{"allow":["GET"]}}],"collection":[{"href":"https:\/\/www.kimarca.com.br\/site\/wp-json\/wp\/v2\/product"}],"about":[{"href":"https:\/\/www.kimarca.com.br\/site\/wp-json\/wp\/v2\/types\/product"}],"replies":[{"embeddable":true,"href":"https:\/\/www.kimarca.com.br\/site\/wp-json\/wp\/v2\/comments?post=4705"}],"wp:featuredmedia":[{"embeddable":true,"href":"https:\/\/www.kimarca.com.br\/site\/wp-json\/wp\/v2\/media\/4706"}],"wp:attachment":[{"href":"https:\/\/www.kimarca.com.br\/site\/wp-json\/wp\/v2\/media?parent=4705"}],"wp:term":[{"taxonomy":"product_brand","embeddable":true,"href":"https:\/\/www.kimarca.com.br\/site\/wp-json\/wp\/v2\/product_brand?post=4705"},{"taxonomy":"product_cat","embeddable":true,"href":"https:\/\/www.kimarca.com.br\/site\/wp-json\/wp\/v2\/product_cat?post=4705"},{"taxonomy":"product_tag","embeddable":true,"href":"https:\/\/www.kimarca.com.br\/site\/wp-json\/wp\/v2\/product_tag?post=4705"}],"curies":[{"name":"wp","href":"https:\/\/api.w.org\/{rel}","templated":true}]}}