{"id":4695,"date":"2022-11-03T17:29:22","date_gmt":"2022-11-03T20:29:22","guid":{"rendered":"https:\/\/www.kimarca.com.br\/site\/?post_type=product&#038;p=4695"},"modified":"2024-11-03T23:40:45","modified_gmt":"2024-11-04T02:40:45","slug":"desinfetante-e-desodorizante","status":"publish","type":"product","link":"https:\/\/www.kimarca.com.br\/site\/produto\/desinfetante-e-desodorizante\/","title":{"rendered":"Desinfetante e desodorizante"},"content":{"rendered":"<div class=\"elementor-element elementor-element-375406ce elementor-widget elementor-widget-heading\" data-id=\"375406ce\" data-element_type=\"widget\" data-widget_type=\"heading.default\">\n<div class=\"elementor-widget-container\">\n<h2 class=\"elementor-heading-title elementor-size-default\"><a href=\"https:\/\/www.kimarca.com.br\/site\/wp-content\/uploads\/2022\/11\/colaaau.png\"><img decoding=\"async\" class=\"alignnone wp-image-4696\" src=\"https:\/\/www.kimarca.com.br\/site\/wp-content\/uploads\/2022\/11\/colaaau-225x300.png\" alt=\"\" width=\"180\" height=\"240\"  loading=\"lazy\" srcset=\"https:\/\/www.kimarca.com.br\/site\/wp-content\/uploads\/2022\/11\/colaaau-225x300.png 225w, https:\/\/www.kimarca.com.br\/site\/wp-content\/uploads\/2022\/11\/colaaau.png 600w\" sizes=\"auto, (max-width: 180px) 100vw, 180px\" \/><\/a><\/h2>\n<h5 class=\"elementor-image-box-title\">SKY BLUE<\/h5>\n<h2 class=\"elementor-heading-title elementor-size-default\">Descri\u00e7\u00e3o:<\/h2>\n<\/div>\n<\/div>\n<div class=\"elementor-element elementor-element-6039e3d1 elementor-widget elementor-widget-text-editor\" data-id=\"6039e3d1\" data-element_type=\"widget\" data-widget_type=\"text-editor.default\">\n<div class=\"elementor-widget-container\">\n<div class=\"elementor-text-editor elementor-clearfix\">\n<p>Desinfetante com a\u00e7\u00e3o efetiva e\u00a0perfumada sobre os odores\u00a0desagrad\u00e1veis<\/p>\n<p>Bombona de 20lts e 5lts<\/p>\n<p>Aroma: lavanda<\/p>\n<\/div>\n<\/div>\n<\/div>\n<div class=\"elementor-element elementor-element-1b5f96d5 elementor-widget elementor-widget-heading\" data-id=\"1b5f96d5\" data-element_type=\"widget\" data-widget_type=\"heading.default\">\n<div class=\"elementor-widget-container\">\n<h2 class=\"elementor-heading-title elementor-size-default\">Caracter\u00edsticas:<\/h2>\n<\/div>\n<\/div>\n<div class=\"elementor-element elementor-element-2086fe5e elementor-mobile-align-center elementor-icon-list--layout-traditional elementor-list-item-link-full_width elementor-widget elementor-widget-icon-list\" data-id=\"2086fe5e\" data-element_type=\"widget\" data-widget_type=\"icon-list.default\">\n<div class=\"elementor-widget-container\">\n<ul class=\"elementor-icon-list-items\">\n<li class=\"elementor-icon-list-item\"><i class=\"fas fa-check\" aria-hidden=\"true\"><\/i><span class=\"elementor-icon-list-text\">Excelente poder de desinfec\u00e7\u00e3o deixando o ambiente agradavelmente perfumado<\/span><\/li>\n<li class=\"elementor-icon-list-item\"><i class=\"fas fa-check\" aria-hidden=\"true\"><\/i><span class=\"elementor-icon-list-text\">A\u00e7\u00e3o bactericida e bacteriost\u00e1tica<\/span><\/li>\n<li class=\"elementor-icon-list-item\"><i class=\"fas fa-check\" aria-hidden=\"true\"><\/i><span class=\"elementor-icon-list-text\">Produto com excelente balanceamento com a\u00e7\u00e3o efetiva sobre odores desagrad\u00e1veis<\/span><\/li>\n<li class=\"elementor-icon-list-item\"><i class=\"fas fa-check\" aria-hidden=\"true\"><\/i><span class=\"elementor-icon-list-text\">Controla efetivamente o n\u00edvel de contaminantes, preservando contra a degrada\u00e7\u00e3o advinda de atividades antimicrobianas<\/span><\/li>\n<\/ul>\n<\/div>\n<\/div>\n<div class=\"elementor-element elementor-element-6646e45f elementor-widget elementor-widget-spacer\" data-id=\"6646e45f\" data-element_type=\"widget\" data-widget_type=\"spacer.default\">\n<div class=\"elementor-widget-container\">\n<div class=\"elementor-spacer\"><\/div>\n<\/div>\n<\/div>\n","protected":false},"excerpt":{"rendered":"<p>SKY BLUE Descri\u00e7\u00e3o: Desinfetante com a\u00e7\u00e3o efetiva e\u00a0perfumada sobre os odores\u00a0desagrad\u00e1veis Bombona de 20lts e [&hellip;]<\/p>\n","protected":false},"featured_media":4696,"comment_status":"closed","ping_status":"closed","template":"","meta":[],"product_brand":[],"product_cat":[243],"product_tag":[],"class_list":{"0":"post-4695","1":"product","2":"type-product","3":"status-publish","4":"has-post-thumbnail","6":"product_cat-desinfetantes","8":"first","9":"instock","10":"shipping-taxable","11":"product-type-simple"},"_links":{"self":[{"href":"https:\/\/www.kimarca.com.br\/site\/wp-json\/wp\/v2\/product\/4695","targetHints":{"allow":["GET"]}}],"collection":[{"href":"https:\/\/www.kimarca.com.br\/site\/wp-json\/wp\/v2\/product"}],"about":[{"href":"https:\/\/www.kimarca.com.br\/site\/wp-json\/wp\/v2\/types\/product"}],"replies":[{"embeddable":true,"href":"https:\/\/www.kimarca.com.br\/site\/wp-json\/wp\/v2\/comments?post=4695"}],"wp:featuredmedia":[{"embeddable":true,"href":"https:\/\/www.kimarca.com.br\/site\/wp-json\/wp\/v2\/media\/4696"}],"wp:attachment":[{"href":"https:\/\/www.kimarca.com.br\/site\/wp-json\/wp\/v2\/media?parent=4695"}],"wp:term":[{"taxonomy":"product_brand","embeddable":true,"href":"https:\/\/www.kimarca.com.br\/site\/wp-json\/wp\/v2\/product_brand?post=4695"},{"taxonomy":"product_cat","embeddable":true,"href":"https:\/\/www.kimarca.com.br\/site\/wp-json\/wp\/v2\/product_cat?post=4695"},{"taxonomy":"product_tag","embeddable":true,"href":"https:\/\/www.kimarca.com.br\/site\/wp-json\/wp\/v2\/product_tag?post=4695"}],"curies":[{"name":"wp","href":"https:\/\/api.w.org\/{rel}","templated":true}]}}