{"id":4683,"date":"2022-10-25T16:19:28","date_gmt":"2022-10-25T19:19:28","guid":{"rendered":"https:\/\/www.kimarca.com.br\/site\/?post_type=product&#038;p=4683"},"modified":"2024-11-03T23:40:45","modified_gmt":"2024-11-04T02:40:45","slug":"detergente-limpeza-geral","status":"publish","type":"product","link":"https:\/\/www.kimarca.com.br\/site\/produto\/detergente-limpeza-geral\/","title":{"rendered":"Detergente limpeza geral"},"content":{"rendered":"<p>&nbsp;<\/p>\n<div class=\"elementor-element elementor-element-f4474be elementor-widget elementor-widget-heading\" data-id=\"f4474be\" data-element_type=\"widget\" data-widget_type=\"heading.default\">\n<div class=\"elementor-widget-container\"><\/div>\n<\/div>\n<div class=\"elementor-element elementor-element-2b555aaa elementor-widget elementor-widget-text-editor\" data-id=\"2b555aaa\" data-element_type=\"widget\" data-widget_type=\"text-editor.default\">\n<div class=\"elementor-widget-container\">\n<div class=\"elementor-text-editor elementor-clearfix\">\n<p>&nbsp;<\/p>\n<\/div>\n<\/div>\n<\/div>\n<p><a href=\"https:\/\/www.kimarca.com.br\/site\/wp-content\/uploads\/2022\/10\/colau.png\"><img decoding=\"async\" class=\"alignnone size-medium wp-image-4684\" src=\"https:\/\/www.kimarca.com.br\/site\/wp-content\/uploads\/2022\/10\/colau-225x300.png\" alt=\"\" width=\"225\" height=\"300\"  loading=\"lazy\" srcset=\"https:\/\/www.kimarca.com.br\/site\/wp-content\/uploads\/2022\/10\/colau-225x300.png 225w, https:\/\/www.kimarca.com.br\/site\/wp-content\/uploads\/2022\/10\/colau.png 600w\" sizes=\"auto, (max-width: 225px) 100vw, 225px\" \/><\/a><\/p>\n<div id=\"outer-wrap\" class=\"site clr\">\n<div id=\"wrap\" class=\"clr\">\n<div class=\"elementor elementor-341\" data-elementor-type=\"wp-page\" data-elementor-id=\"341\" data-elementor-settings=\"[]\">\n<div class=\"elementor-inner\">\n<div class=\"elementor-section-wrap\">\n<section class=\"elementor-section elementor-top-section elementor-element elementor-element-14f7a225 elementor-section-boxed elementor-section-height-default elementor-section-height-default\" data-id=\"14f7a225\" data-element_type=\"section\">\n<div class=\"elementor-container elementor-column-gap-default\">\n<div class=\"elementor-row\">\n<div class=\"elementor-column elementor-col-50 elementor-top-column elementor-element elementor-element-65218bc2\" data-id=\"65218bc2\" data-element_type=\"column\">\n<div class=\"elementor-column-wrap elementor-element-populated\">\n<div class=\"elementor-widget-wrap\">\n<div class=\"elementor-element elementor-element-71b75804 elementor-widget elementor-widget-heading\" data-id=\"71b75804\" data-element_type=\"widget\" data-widget_type=\"heading.default\">\n<div class=\"elementor-widget-container\">\n<div class=\"elementor-element elementor-element-f4474be elementor-widget elementor-widget-heading\" data-id=\"f4474be\" data-element_type=\"widget\" data-widget_type=\"heading.default\">\n<div class=\"elementor-widget-container\">\n<h5 class=\"elementor-image-box-title\">DETERCOL AM<\/h5>\n<h2 class=\"elementor-heading-title elementor-size-default\">Descri\u00e7\u00e3o:<\/h2>\n<\/div>\n<\/div>\n<div class=\"elementor-element elementor-element-2b555aaa elementor-widget elementor-widget-text-editor\" data-id=\"2b555aaa\" data-element_type=\"widget\" data-widget_type=\"text-editor.default\">\n<div class=\"elementor-widget-container\">\n<div class=\"elementor-text-editor elementor-clearfix\">\n<p>Detergente multiuso desengordurante\u00a0concentrado para limpeza de superf\u00edcies em geral<\/p>\n<p>Bombona 20lt e 5lt<\/p>\n<\/div>\n<\/div>\n<\/div>\n<h2 class=\"elementor-heading-title elementor-size-default\">Caracter\u00edsticas:<\/h2>\n<\/div>\n<\/div>\n<div class=\"elementor-element elementor-element-67e9cafe elementor-mobile-align-center elementor-icon-list--layout-traditional elementor-list-item-link-full_width elementor-widget elementor-widget-icon-list\" data-id=\"67e9cafe\" data-element_type=\"widget\" data-widget_type=\"icon-list.default\">\n<div class=\"elementor-widget-container\">\n<ul class=\"elementor-icon-list-items\">\n<li class=\"elementor-icon-list-item\"><i class=\"fas fa-check\" aria-hidden=\"true\"><\/i><span class=\"elementor-icon-list-text\">Grande efici\u00eancia na remo\u00e7\u00e3o de gorduras de todos os tipos<\/span><\/li>\n<li class=\"elementor-icon-list-item\"><i class=\"fas fa-check\" aria-hidden=\"true\"><\/i><span class=\"elementor-icon-list-text\">Efeito sinerg\u00e9tico incomum pela combina\u00e7\u00e3o de dois detergentes sint\u00e9ticos e sab\u00e3o<\/span><\/li>\n<li class=\"elementor-icon-list-item\"><i class=\"fas fa-check\" aria-hidden=\"true\"><\/i><span class=\"elementor-icon-list-text\">Capaz de retirar a sujeira mais entranhada pela for\u00e7a limpadora do amon\u00cdaco<\/span><\/li>\n<li class=\"elementor-icon-list-item\"><i class=\"fas fa-check\" aria-hidden=\"true\"><\/i><span class=\"elementor-icon-list-text\">Espuma de poder controlado, facilitando a opera\u00e7\u00e3o de limpeza<\/span><\/li>\n<li class=\"elementor-icon-list-item\"><i class=\"fas fa-check\" aria-hidden=\"true\"><\/i><span class=\"elementor-icon-list-text\">Mascara o forte cheiro de gorduras e frituras velhas<\/span><\/li>\n<li class=\"elementor-icon-list-item\"><i class=\"fas fa-check\" aria-hidden=\"true\"><\/i><span class=\"elementor-icon-list-text\">Dispensa enx\u00e1gues finais, em alguns casos<\/span><\/li>\n<li class=\"elementor-icon-list-item\"><i class=\"fas fa-check\" aria-hidden=\"true\"><\/i><span class=\"elementor-icon-list-text\">Elevada concentra\u00e7a\u00f5 de ativos com custo final extremamente baixo<\/span><\/li>\n<li class=\"elementor-icon-list-item\"><i class=\"fas fa-check\" aria-hidden=\"true\"><\/i><span class=\"elementor-icon-list-text\">Biodegrad\u00e1vel<\/span><\/li>\n<\/ul>\n<\/div>\n<\/div>\n<div class=\"elementor-element elementor-element-1b4c69d5 elementor-widget elementor-widget-spacer\" data-id=\"1b4c69d5\" data-element_type=\"widget\" data-widget_type=\"spacer.default\">\n<div class=\"elementor-widget-container\">\n<div class=\"elementor-spacer\">\n<div class=\"elementor-spacer-inner\">\n<div class=\"elementor-element elementor-element-f4474be elementor-widget elementor-widget-heading\" data-id=\"f4474be\" data-element_type=\"widget\" data-widget_type=\"heading.default\">\n<div class=\"elementor-widget-container\"><\/div>\n<\/div>\n<div class=\"elementor-element elementor-element-2b555aaa elementor-widget elementor-widget-text-editor\" data-id=\"2b555aaa\" data-element_type=\"widget\" data-widget_type=\"text-editor.default\">\n<div class=\"elementor-widget-container\">\n<div class=\"elementor-text-editor elementor-clearfix\">\n<p>&nbsp;<\/p>\n<\/div>\n<\/div>\n<\/div>\n<\/div>\n<\/div>\n<\/div>\n<\/div>\n<\/div>\n<\/div>\n<\/div>\n<\/div>\n<\/div>\n<\/section>\n<section class=\"elementor-section elementor-top-section elementor-element elementor-element-3f513cc8 elementor-section-boxed elementor-section-height-default elementor-section-height-default\" data-id=\"3f513cc8\" data-element_type=\"section\">\n<div class=\"elementor-container elementor-column-gap-default\">\n<div class=\"elementor-row\">\n<div class=\"elementor-column elementor-col-100 elementor-top-column elementor-element elementor-element-7c3a7e31\" data-id=\"7c3a7e31\" data-element_type=\"column\">\n<div class=\"elementor-column-wrap elementor-element-populated\">\n<div class=\"elementor-widget-wrap\">\n<div class=\"elementor-element elementor-element-2b43a93c elementor-widget elementor-widget-menu-anchor\" data-id=\"2b43a93c\" data-element_type=\"widget\" data-widget_type=\"menu-anchor.default\">\n<div class=\"elementor-widget-container\">\n<div id=\"cotacao\" class=\"elementor-menu-anchor\"><\/div>\n<\/div>\n<\/div>\n<\/div>\n<\/div>\n<\/div>\n<\/div>\n<\/div>\n<\/section>\n<\/div>\n<\/div>\n<\/div>\n<footer id=\"footer\" class=\"site-footer\" role=\"contentinfo\">\n<div id=\"footer-inner\" class=\"clr\">\n<div id=\"footer-widgets\" class=\"oceanwp-row clr\">\n<div class=\"footer-widgets-inner\">\n<div class=\"elementor elementor-97\" data-elementor-type=\"wp-post\" data-elementor-id=\"97\" data-elementor-settings=\"[]\">\n<div class=\"elementor-inner\">\n<div class=\"elementor-section-wrap\">\n<section class=\"elementor-section elementor-top-section elementor-element elementor-element-2f7ff4c1 elementor-section-boxed elementor-section-height-default elementor-section-height-default\" data-id=\"2f7ff4c1\" data-element_type=\"section\" data-settings=\"{&quot;background_background&quot;:&quot;classic&quot;}\">\n<div class=\"elementor-container elementor-column-gap-default\">\n<div class=\"elementor-row\">\n<div class=\"elementor-column elementor-col-33 elementor-top-column elementor-element elementor-element-1de41535\" data-id=\"1de41535\" data-element_type=\"column\">\n<div class=\"elementor-column-wrap elementor-element-populated\">\n<div class=\"elementor-widget-wrap\">\n<div class=\"elementor-element elementor-element-76236418 elementor-widget elementor-widget-image\" data-id=\"76236418\" data-element_type=\"widget\" data-widget_type=\"image.default\">\n<div class=\"elementor-widget-container\">\n<div class=\"elementor-image\"><\/div>\n<\/div>\n<\/div>\n<\/div>\n<\/div>\n<\/div>\n<\/div>\n<\/div>\n<\/section>\n<\/div>\n<\/div>\n<\/div>\n<\/div>\n<\/div>\n<\/div>\n<\/footer>\n<\/div>\n<\/div>\n","protected":false},"excerpt":{"rendered":"<p>&nbsp; &nbsp; DETERCOL AM Descri\u00e7\u00e3o: Detergente multiuso desengordurante\u00a0concentrado para limpeza de superf\u00edcies em geral Bombona [&hellip;]<\/p>\n","protected":false},"featured_media":4684,"comment_status":"closed","ping_status":"closed","template":"","meta":[],"product_brand":[],"product_cat":[244],"product_tag":[],"class_list":{"0":"post-4683","1":"product","2":"type-product","3":"status-publish","4":"has-post-thumbnail","6":"product_cat-detergentes","8":"first","9":"instock","10":"shipping-taxable","11":"product-type-simple"},"_links":{"self":[{"href":"https:\/\/www.kimarca.com.br\/site\/wp-json\/wp\/v2\/product\/4683","targetHints":{"allow":["GET"]}}],"collection":[{"href":"https:\/\/www.kimarca.com.br\/site\/wp-json\/wp\/v2\/product"}],"about":[{"href":"https:\/\/www.kimarca.com.br\/site\/wp-json\/wp\/v2\/types\/product"}],"replies":[{"embeddable":true,"href":"https:\/\/www.kimarca.com.br\/site\/wp-json\/wp\/v2\/comments?post=4683"}],"wp:featuredmedia":[{"embeddable":true,"href":"https:\/\/www.kimarca.com.br\/site\/wp-json\/wp\/v2\/media\/4684"}],"wp:attachment":[{"href":"https:\/\/www.kimarca.com.br\/site\/wp-json\/wp\/v2\/media?parent=4683"}],"wp:term":[{"taxonomy":"product_brand","embeddable":true,"href":"https:\/\/www.kimarca.com.br\/site\/wp-json\/wp\/v2\/product_brand?post=4683"},{"taxonomy":"product_cat","embeddable":true,"href":"https:\/\/www.kimarca.com.br\/site\/wp-json\/wp\/v2\/product_cat?post=4683"},{"taxonomy":"product_tag","embeddable":true,"href":"https:\/\/www.kimarca.com.br\/site\/wp-json\/wp\/v2\/product_tag?post=4683"}],"curies":[{"name":"wp","href":"https:\/\/api.w.org\/{rel}","templated":true}]}}