{"id":4639,"date":"2022-07-12T17:33:22","date_gmt":"2022-07-12T20:33:22","guid":{"rendered":"https:\/\/www.kimarca.com.br\/site\/?post_type=product&#038;p=4639"},"modified":"2024-11-03T23:40:45","modified_gmt":"2024-11-04T02:40:45","slug":"multi-sept-gel-antisseptico-alcool-gel-70-refil-800ml","status":"publish","type":"product","link":"https:\/\/www.kimarca.com.br\/site\/produto\/multi-sept-gel-antisseptico-alcool-gel-70-refil-800ml\/","title":{"rendered":"MULTI SEPT &#8211; GEL ANTISS\u00c9PTICO &#8211; \u00c1LCOOL GEL 70% &#8211; REFIL 800ML"},"content":{"rendered":"<p><strong>MS-P800\u00a0<\/strong><strong>MULTI SEPT GEL ANTISS\u00c9PTICO<\/strong><\/p>\n<div>MULTI SEPT\u00a0 GEL ANTISS\u00e9PTICO \u00c1LCOOL GEL PARA AS M\u00c3OS (70%INPM)<\/div>\n<div>Aloe Vera + Glicerina, Dermatologicamente Testado.<\/div>\n<div><\/div>\n<div>Refil &#8211; 704g (800 mL)<\/div>\n<div>Elimina 99,99% dos microrganismos testados*<\/div>\n<div>Desenvolvido para higieniza\u00e7\u00e3o das m\u00e3os, apresenta a\u00e7\u00e3o antiss\u00e9ptica devido a sua concentra\u00e7\u00e3o alco\u00f3lica e proporciona hidrata\u00e7\u00e3o pelos efeitos ben\u00e9ficos do extrato de Aloe Vera e da glicerina, essas combina\u00e7\u00f5es aliadas a mat\u00e9rias-primas de ponta, tornam o Multi Sept um antiss\u00e9ptico para as m\u00e3os em perfeito equil\u00edbrio, adequado para o uso constante e repetido.<\/div>\n<div>\u00e9 um produto sem enx\u00e1gue, com r\u00e1pida secagem das m\u00e3os.<\/div>\n<div>Fundamental para as a\u00e7\u00f5es de higiene das m\u00e3os contra as infec\u00e7\u00f5es cruzadas.<\/div>\n<div><\/div>\n<div>*Microrganismos testados: Pseudomonas aeruginosa, Staphylococcus aureus, Escherichia coli, Salmonella choleraesuis.<\/div>\n<div><strong>\u00a0<\/strong><\/div>\n<div><strong>Utiliza\u00e7\u00e3o:<\/strong><\/div>\n<div>Saboneteira Trilha, Trilha Sustent\u00e1vel, Exaccta Plus ou Exaccta Plus Sustent\u00e1vel para sabonetes refil com mangueira de latex.<\/div>\n<div><\/div>\n<div><strong>A v\u00e1lvula de latex ejeta 1,2 mL por acionamento.<\/strong><\/div>\n<div><\/div>\n<div><strong>Capacidade do refil Eco F\u00e1cil:<\/strong><\/div>\n<div>800 ml<\/div>\n","protected":false},"excerpt":{"rendered":"<p>MS-P800\u00a0MULTI SEPT GEL ANTISS\u00c9PTICO MULTI SEPT\u00a0 GEL ANTISS\u00e9PTICO \u00c1LCOOL GEL PARA AS M\u00c3OS (70%INPM) Aloe [&hellip;]<\/p>\n","protected":false},"featured_media":4640,"comment_status":"closed","ping_status":"closed","template":"","meta":[],"product_brand":[],"product_cat":[237,209],"product_tag":[],"class_list":{"0":"post-4639","1":"product","2":"type-product","3":"status-publish","4":"has-post-thumbnail","6":"product_cat-alcool","7":"product_cat-quimicos","9":"first","10":"instock","11":"shipping-taxable","12":"product-type-simple"},"_links":{"self":[{"href":"https:\/\/www.kimarca.com.br\/site\/wp-json\/wp\/v2\/product\/4639","targetHints":{"allow":["GET"]}}],"collection":[{"href":"https:\/\/www.kimarca.com.br\/site\/wp-json\/wp\/v2\/product"}],"about":[{"href":"https:\/\/www.kimarca.com.br\/site\/wp-json\/wp\/v2\/types\/product"}],"replies":[{"embeddable":true,"href":"https:\/\/www.kimarca.com.br\/site\/wp-json\/wp\/v2\/comments?post=4639"}],"wp:featuredmedia":[{"embeddable":true,"href":"https:\/\/www.kimarca.com.br\/site\/wp-json\/wp\/v2\/media\/4640"}],"wp:attachment":[{"href":"https:\/\/www.kimarca.com.br\/site\/wp-json\/wp\/v2\/media?parent=4639"}],"wp:term":[{"taxonomy":"product_brand","embeddable":true,"href":"https:\/\/www.kimarca.com.br\/site\/wp-json\/wp\/v2\/product_brand?post=4639"},{"taxonomy":"product_cat","embeddable":true,"href":"https:\/\/www.kimarca.com.br\/site\/wp-json\/wp\/v2\/product_cat?post=4639"},{"taxonomy":"product_tag","embeddable":true,"href":"https:\/\/www.kimarca.com.br\/site\/wp-json\/wp\/v2\/product_tag?post=4639"}],"curies":[{"name":"wp","href":"https:\/\/api.w.org\/{rel}","templated":true}]}}