{"id":4076,"date":"2019-07-12T11:55:45","date_gmt":"2019-07-12T14:55:45","guid":{"rendered":"https:\/\/www.kimarca.com.br\/site\/?post_type=product&#038;p=4076"},"modified":"2024-12-13T17:45:21","modified_gmt":"2024-12-13T20:45:21","slug":"e-dhin-dispensador-papel-higienico-intercalado-2","status":"publish","type":"product","link":"https:\/\/www.kimarca.com.br\/site\/produto\/e-dhin-dispensador-papel-higienico-intercalado-2\/","title":{"rendered":"Dispenser  Papel Higi\u00eanico Intercalado"},"content":{"rendered":"<p>Desenvolvido e Fabricado com tecnologia de ponta, utilizando materiais de alta resist\u00eancia.<\/p>\n<p>Design inovador com sobre tampa que permite seu uso como decora\u00e7\u00e3o em diversos ambientes e\/ou como excelente ferramenta de marketing.<\/p>\n<p>F\u00e1cil manuten\u00e7\u00e3o e limpeza.<\/p>\n<p>Dispon\u00edvel na embalagem Master, caixa de embarque com 24 unidades, embalados individualmente em sacos pl\u00e1sticos. Perfeito para quem faz comodato!<br \/>\nConsulte nosso representante.<\/p>\n<div>\n<h4>Medidas:<\/h4>\n<p>Altura: 318mm<br \/>\nLargura: 144mm<br \/>\nProfundidade: 128mm<\/p>\n<h4>Material do Dispensador:<\/h4>\n<p>Tampa: Polipropileno<br \/>\nBase: Poliestireno<br \/>\nSobre tampa: Sangel<\/p>\n<h4>Pap\u00e9is Higi\u00eanicos Utilizados<\/h4>\n<p>Pap\u00e9is Higi\u00eanicos Intercalados<\/p>\n<h4>Instala\u00e7\u00e3o:<\/h4>\n<p>Buchas e parafusos (inclu\u00eddos)<br \/>\nFita dupla-face (n\u00e3o inclu\u00edda)<\/p>\n<p>Sistema de Abertura e Fechamento com chave<\/p>\n<\/div>\n<div>\n<h4>Embalagem de Embarque:<\/h4>\n<p>Caixa de Papel\u00e3o com 06 unidades<\/p>\n<\/div>\n","protected":false},"excerpt":{"rendered":"<p>Desenvolvido e Fabricado com tecnologia de ponta, utilizando materiais de alta resist\u00eancia. Design inovador com [&hellip;]<\/p>\n","protected":false},"featured_media":4821,"comment_status":"closed","ping_status":"closed","template":"","meta":[],"product_brand":[],"product_cat":[276,215],"product_tag":[],"class_list":{"0":"post-4076","1":"product","2":"type-product","3":"status-publish","4":"has-post-thumbnail","6":"product_cat-dispenser-de-papeis","7":"product_cat-dispensers","9":"first","10":"instock","11":"shipping-taxable","12":"product-type-simple"},"_links":{"self":[{"href":"https:\/\/www.kimarca.com.br\/site\/wp-json\/wp\/v2\/product\/4076","targetHints":{"allow":["GET"]}}],"collection":[{"href":"https:\/\/www.kimarca.com.br\/site\/wp-json\/wp\/v2\/product"}],"about":[{"href":"https:\/\/www.kimarca.com.br\/site\/wp-json\/wp\/v2\/types\/product"}],"replies":[{"embeddable":true,"href":"https:\/\/www.kimarca.com.br\/site\/wp-json\/wp\/v2\/comments?post=4076"}],"wp:featuredmedia":[{"embeddable":true,"href":"https:\/\/www.kimarca.com.br\/site\/wp-json\/wp\/v2\/media\/4821"}],"wp:attachment":[{"href":"https:\/\/www.kimarca.com.br\/site\/wp-json\/wp\/v2\/media?parent=4076"}],"wp:term":[{"taxonomy":"product_brand","embeddable":true,"href":"https:\/\/www.kimarca.com.br\/site\/wp-json\/wp\/v2\/product_brand?post=4076"},{"taxonomy":"product_cat","embeddable":true,"href":"https:\/\/www.kimarca.com.br\/site\/wp-json\/wp\/v2\/product_cat?post=4076"},{"taxonomy":"product_tag","embeddable":true,"href":"https:\/\/www.kimarca.com.br\/site\/wp-json\/wp\/v2\/product_tag?post=4076"}],"curies":[{"name":"wp","href":"https:\/\/api.w.org\/{rel}","templated":true}]}}