{"id":4072,"date":"2019-07-12T11:50:39","date_gmt":"2019-07-12T14:50:39","guid":{"rendered":"https:\/\/www.kimarca.com.br\/site\/?post_type=product&#038;p=4072"},"modified":"2024-12-13T17:36:20","modified_gmt":"2024-12-13T20:36:20","slug":"e-dpa-perfumador-de-ambiente-automatico-2","status":"publish","type":"product","link":"https:\/\/www.kimarca.com.br\/site\/produto\/e-dpa-perfumador-de-ambiente-automatico-2\/","title":{"rendered":"Perfumador de Ambiente Autom\u00e1tico"},"content":{"rendered":"<p>Exaccta aparelho perfumador de ambiente, tem designer moderno e compacto, comp\u00f5e com harmonia em qualquer ambiente e decora\u00e7\u00e3o.<\/p>\n<p>Seu Sistema Inteligente deixa o aparelho em estado de espera ap\u00f3s 12 horas de uso, voltando a funcionar ap\u00f3s 12 horas, proporcionando economia sem precisar desligar manualmente o aparelho.<\/p>\n<h4>Medidas:<\/h4>\n<p>Altura: 195mm<br \/>\nLargura: 75mm<br \/>\nProfundidade: 80mm<\/p>\n<h4>Material do Dispensador:<\/h4>\n<p>Confeccionado em Pl\u00e1stico Polipropileno, resistente e f\u00e1cil de limpar.<br \/>\nFunciona com 02 pilhas alcalinas pequenas Tamanho AA (N\u00c3O INCLUSAS)<\/p>\n<h4>Capacidade do refil:<\/h4>\n<p>196 grs\/ 300 ml \u2013 3000 Sprays<\/p>\n<h4>Chave de seguran\u00e7a:<\/h4>\n<p>Led verde: ligado<br \/>\nLed vermelho: desligado<\/p>\n<h4>Embalagem de Embarque:<\/h4>\n<p><strong>E-DPA168:\u00a0<\/strong>Caixa com 04 unidades<br \/>\n<strong>E-DPA169:<\/strong>\u00a0Caixa com 10 unidades<\/p>\n<h4>Cor do Aparelho:<\/h4>\n<p>Branco com detalhe cromado<\/p>\n","protected":false},"excerpt":{"rendered":"<p>Exaccta aparelho perfumador de ambiente, tem designer moderno e compacto, comp\u00f5e com harmonia em qualquer [&hellip;]<\/p>\n","protected":false},"featured_media":4073,"comment_status":"closed","ping_status":"closed","template":"","meta":[],"product_brand":[],"product_cat":[215],"product_tag":[],"class_list":{"0":"post-4072","1":"product","2":"type-product","3":"status-publish","4":"has-post-thumbnail","6":"product_cat-dispensers","8":"first","9":"instock","10":"shipping-taxable","11":"product-type-simple"},"_links":{"self":[{"href":"https:\/\/www.kimarca.com.br\/site\/wp-json\/wp\/v2\/product\/4072","targetHints":{"allow":["GET"]}}],"collection":[{"href":"https:\/\/www.kimarca.com.br\/site\/wp-json\/wp\/v2\/product"}],"about":[{"href":"https:\/\/www.kimarca.com.br\/site\/wp-json\/wp\/v2\/types\/product"}],"replies":[{"embeddable":true,"href":"https:\/\/www.kimarca.com.br\/site\/wp-json\/wp\/v2\/comments?post=4072"}],"wp:featuredmedia":[{"embeddable":true,"href":"https:\/\/www.kimarca.com.br\/site\/wp-json\/wp\/v2\/media\/4073"}],"wp:attachment":[{"href":"https:\/\/www.kimarca.com.br\/site\/wp-json\/wp\/v2\/media?parent=4072"}],"wp:term":[{"taxonomy":"product_brand","embeddable":true,"href":"https:\/\/www.kimarca.com.br\/site\/wp-json\/wp\/v2\/product_brand?post=4072"},{"taxonomy":"product_cat","embeddable":true,"href":"https:\/\/www.kimarca.com.br\/site\/wp-json\/wp\/v2\/product_cat?post=4072"},{"taxonomy":"product_tag","embeddable":true,"href":"https:\/\/www.kimarca.com.br\/site\/wp-json\/wp\/v2\/product_tag?post=4072"}],"curies":[{"name":"wp","href":"https:\/\/api.w.org\/{rel}","templated":true}]}}