{"id":4038,"date":"2019-07-08T14:24:35","date_gmt":"2019-07-08T17:24:35","guid":{"rendered":"https:\/\/www.kimarca.com.br\/site\/?post_type=product&#038;p=4038"},"modified":"2024-11-03T23:40:45","modified_gmt":"2024-11-04T02:40:45","slug":"soft-works","status":"publish","type":"product","link":"https:\/\/www.kimarca.com.br\/site\/produto\/soft-works\/","title":{"rendered":"SOFT WORKS"},"content":{"rendered":"<p>O Cabedal do Soft Works \u00e9 confeccionado em EVA (Etil Vinil Acetato), um material super leve, que permite extremo conforto e alta absor\u00e7\u00e3o de impacto.<\/p>\n<div id=\"u22124-4\" class=\"AccordionPanelTab clearfix colelem AccordionPanelTabOpen\" tabindex=\"0\" role=\"tab\" data-sizepolicy=\"fixed\" data-pintopage=\"page_fixedLeft\" aria-selected=\"true\">\n<p class=\"shared_content\" data-content-guid=\"u22124-4_0_content\">CONFORTO<\/p>\n<\/div>\n<div class=\"AccordionPanelContent colelem AccordionPanelContentActive\" role=\"tabpanel\" aria-labelledby=\"u22124-4\">\n<div class=\"AccordionPanelContentClip\">\n<div id=\"u22125\" class=\"clearfix\">\n<div id=\"u5547\" class=\"clip_frame grpelem shared_content\" data-content-guid=\"u5547_content\"><img decoding=\"async\" id=\"u5547_img\" class=\"block\" src=\"http:\/\/softworksepi.com.br\/images\/ibtec.png?crc=4110877053\" alt=\"\" data-heightwidthratio=\"0.9894736842105263\" data-image-width=\"95\" data-image-height=\"94\" data-widget-id=\"accordionu22122\"  loading=\"lazy\" \/><\/div>\n<div id=\"u22126-6\" class=\"clearfix grpelem shared_content\" data-content-guid=\"u22126-6_content\">\n<p>O Soft Works possui o selo de conforto emitido pelo\u00a0<span id=\"u22126-2\">IBTeC<\/span>\u00a0(Instituto Brasileiro de Tecnologia do Couro, Cal\u00e7ados e Artefatos), um \u00f3rg\u00e3o brasileiro que realiza testes de conforto nos cal\u00e7ados, conferindo-lhes um certificado.<\/p>\n<p>O Solado \u00e9 composto por uma borracha especial, com Tecnologia Super Grip resistente ao escorregamento em piso cer\u00e2mico com solu\u00e7\u00e3o de detergente e em piso de a\u00e7o com solu\u00e7\u00e3o de glicerol, resistente ao \u00f3leo combust\u00edvel e \u00e0 absor\u00e7\u00e3o de energia na regi\u00e3o do salto\u00a0<span id=\"u22161-2\">(o mais elevado n\u00edvel de teste escorregamento)<\/span><\/p>\n<\/div>\n<\/div>\n<\/div>\n<\/div>\n","protected":false},"excerpt":{"rendered":"<p>O Cabedal do Soft Works \u00e9 confeccionado em EVA (Etil Vinil Acetato), um material super [&hellip;]<\/p>\n","protected":false},"featured_media":4039,"comment_status":"closed","ping_status":"closed","template":"","meta":[],"product_brand":[],"product_cat":[221],"product_tag":[],"class_list":{"0":"post-4038","1":"product","2":"type-product","3":"status-publish","4":"has-post-thumbnail","6":"product_cat-calcados","8":"first","9":"instock","10":"shipping-taxable","11":"product-type-simple"},"_links":{"self":[{"href":"https:\/\/www.kimarca.com.br\/site\/wp-json\/wp\/v2\/product\/4038","targetHints":{"allow":["GET"]}}],"collection":[{"href":"https:\/\/www.kimarca.com.br\/site\/wp-json\/wp\/v2\/product"}],"about":[{"href":"https:\/\/www.kimarca.com.br\/site\/wp-json\/wp\/v2\/types\/product"}],"replies":[{"embeddable":true,"href":"https:\/\/www.kimarca.com.br\/site\/wp-json\/wp\/v2\/comments?post=4038"}],"wp:featuredmedia":[{"embeddable":true,"href":"https:\/\/www.kimarca.com.br\/site\/wp-json\/wp\/v2\/media\/4039"}],"wp:attachment":[{"href":"https:\/\/www.kimarca.com.br\/site\/wp-json\/wp\/v2\/media?parent=4038"}],"wp:term":[{"taxonomy":"product_brand","embeddable":true,"href":"https:\/\/www.kimarca.com.br\/site\/wp-json\/wp\/v2\/product_brand?post=4038"},{"taxonomy":"product_cat","embeddable":true,"href":"https:\/\/www.kimarca.com.br\/site\/wp-json\/wp\/v2\/product_cat?post=4038"},{"taxonomy":"product_tag","embeddable":true,"href":"https:\/\/www.kimarca.com.br\/site\/wp-json\/wp\/v2\/product_tag?post=4038"}],"curies":[{"name":"wp","href":"https:\/\/api.w.org\/{rel}","templated":true}]}}