{"id":4033,"date":"2019-07-08T14:16:47","date_gmt":"2019-07-08T17:16:47","guid":{"rendered":"https:\/\/www.kimarca.com.br\/site\/?post_type=product&#038;p=4033"},"modified":"2024-11-03T23:40:45","modified_gmt":"2024-11-04T02:40:45","slug":"tenis-works-bb80","status":"publish","type":"product","link":"https:\/\/www.kimarca.com.br\/site\/produto\/tenis-works-bb80\/","title":{"rendered":"T\u00caNIS WORKS &#8211; BB80"},"content":{"rendered":"<p id=\"u22836-2\">O Cabedal do T\u00eanis Works \u00e9 confeccionado em EVA (Etil Vinil Acetato), um material super leve, que permite extremo conforto e alta absor\u00e7\u00e3o de impacto.<\/p>\n<p id=\"u22836-6\"><span id=\"u22836-4\">PALMILHA\u00a0<\/span>&#8211; EVA, com tecido parte superior.<br \/>\nCont\u00e9m antimicrobiano que atenua o odor nos p\u00e9s.<\/p>\n<div id=\"u4953525\" class=\"clip_frame grpelem shared_content\" data-content-guid=\"u4953525_content\"><img decoding=\"async\" id=\"u4953525_img\" class=\"block\" src=\"http:\/\/softworksepi.com.br\/images\/ibtec.png?crc=4110877053\" alt=\"\" data-heightwidthratio=\"0.9894736842105263\" data-image-width=\"95\" data-image-height=\"94\" data-widget-id=\"accordionu22807\"  loading=\"lazy\" \/><\/div>\n<div id=\"u4953524-6\" class=\"clearfix grpelem shared_content\" data-content-guid=\"u4953524-6_content\">\n<p>O T\u00eanis Works possui o selo de conforto emitido pelo\u00a0<span id=\"u4953524-2\">IBTeC<\/span>\u00a0(Instituto Brasileiro de Tecnologia do Couro, Cal\u00e7ados e Artefatos), um \u00f3rg\u00e3o brasileiro que realiza testes de conforto nos cal\u00e7ados, conferindo-lhes um certificado.<\/p>\n<p>Fechado na parte superior e traseira, o T\u00eanis Works atende plenamente as exig\u00eancias da\u00a0<span id=\"u22811-2\">Norma NR-32<\/span>\u00a0da Seguran\u00e7a e Sa\u00fade dos Trabalhadores em Servi\u00e7os de Sa\u00fade.<\/p>\n<\/div>\n","protected":false},"excerpt":{"rendered":"<p>O Cabedal do T\u00eanis Works \u00e9 confeccionado em EVA (Etil Vinil Acetato), um material super [&hellip;]<\/p>\n","protected":false},"featured_media":4034,"comment_status":"closed","ping_status":"closed","template":"","meta":[],"product_brand":[],"product_cat":[221],"product_tag":[],"class_list":{"0":"post-4033","1":"product","2":"type-product","3":"status-publish","4":"has-post-thumbnail","6":"product_cat-calcados","8":"first","9":"instock","10":"shipping-taxable","11":"product-type-simple"},"_links":{"self":[{"href":"https:\/\/www.kimarca.com.br\/site\/wp-json\/wp\/v2\/product\/4033","targetHints":{"allow":["GET"]}}],"collection":[{"href":"https:\/\/www.kimarca.com.br\/site\/wp-json\/wp\/v2\/product"}],"about":[{"href":"https:\/\/www.kimarca.com.br\/site\/wp-json\/wp\/v2\/types\/product"}],"replies":[{"embeddable":true,"href":"https:\/\/www.kimarca.com.br\/site\/wp-json\/wp\/v2\/comments?post=4033"}],"wp:featuredmedia":[{"embeddable":true,"href":"https:\/\/www.kimarca.com.br\/site\/wp-json\/wp\/v2\/media\/4034"}],"wp:attachment":[{"href":"https:\/\/www.kimarca.com.br\/site\/wp-json\/wp\/v2\/media?parent=4033"}],"wp:term":[{"taxonomy":"product_brand","embeddable":true,"href":"https:\/\/www.kimarca.com.br\/site\/wp-json\/wp\/v2\/product_brand?post=4033"},{"taxonomy":"product_cat","embeddable":true,"href":"https:\/\/www.kimarca.com.br\/site\/wp-json\/wp\/v2\/product_cat?post=4033"},{"taxonomy":"product_tag","embeddable":true,"href":"https:\/\/www.kimarca.com.br\/site\/wp-json\/wp\/v2\/product_tag?post=4033"}],"curies":[{"name":"wp","href":"https:\/\/api.w.org\/{rel}","templated":true}]}}