{"id":3914,"date":"2019-01-24T21:25:01","date_gmt":"2019-01-24T23:25:01","guid":{"rendered":"https:\/\/www.kimarca.com.br\/site\/?post_type=product&#038;p=3914"},"modified":"2024-12-13T17:58:28","modified_gmt":"2024-12-13T20:58:28","slug":"dispenser-de-agua-e-cafe","status":"publish","type":"product","link":"https:\/\/www.kimarca.com.br\/site\/produto\/dispenser-de-agua-e-cafe\/","title":{"rendered":"Dispenser de \u00c1gua e Caf\u00e9"},"content":{"rendered":"<p>POUP COPO \u00e9 sin\u00f4nimo de praticidade e economia na utiliza\u00e7\u00e3o de copos descart\u00e1veis. Dispon\u00edvel nas vers\u00f5es: copo caf\u00e9 (50 ml), copo \u00e1gua (180 ou 200 ml) e conjuntos para copos caf\u00e9 e \u00e1gua.\u00a0Na cor branca, com bot\u00f5es nas cores: azul, branca ou preto.<\/p>\n<div>\n<h4>Apresenta\u00e7\u00f5es:<\/h4>\n<\/div>\n<p><strong>E-DPCA001:\u00a0\u00a0<\/strong>Dispensador para copos de \u00e1gua (180 ou 200 ml), cor branca com bot\u00e3o azul.<\/p>\n<p>Caixa com 01 unidade<\/p>\n<div>\n<p><strong>E-DPCA002:\u00a0\u00a0<\/strong>Dispensador para copos de \u00e1gua (180 ou 200 ml), cor branca com bot\u00e3o branco.<\/p>\n<p>Caixa com 01 unidade<\/p>\n<\/div>\n<p><strong>E-DPCA003:\u00a0\u00a0<\/strong>Dispensador para copos de \u00e1gua (180 ou 200 ml), cor branca com bot\u00e3o preto.<\/p>\n<p>Caixa com 01 unidade<\/p>\n<p><strong>E-DPCA004:\u00a0\u00a0<\/strong>Dispensador para copos de caf\u00e9 (50 ml), cor branca com bot\u00e3o azul.<\/p>\n<p>Caixa com 01 unidade<\/p>\n<div>\n<p><strong>E-DPCA005:\u00a0\u00a0<\/strong>Dispensador para copos de caf\u00e9 (50 ml), cor branca com bot\u00e3o branco.<\/p>\n<p>Caixa com 01 unidade<\/p>\n<\/div>\n<p><strong>E-DPCA006:\u00a0\u00a0<\/strong>Dispensador para copos de caf\u00e9 (50 ml), cor branca com bot\u00e3o preto.<\/p>\n<p>Caixa com 01 unidade<\/p>\n<p><strong>E-DPCA007:\u00a0\u00a0<\/strong>Conjunto<strong>\u00a0<\/strong>dispensador para copos de caf\u00e9 e \u00e1gua (50 ml \/180 ou 200 ml), cor branca com bot\u00e3o azul.<\/p>\n<p>Caixa com 01 conjunto<\/p>\n<div>\n<p><strong>E-DPCA008:\u00a0\u00a0<\/strong>Dispensador para copos de caf\u00e9 e \u00a0\u00e1gua (50 ml\/180 ou 200 ml), cor branca com bot\u00e3o branco.<\/p>\n<p>Caixa com 01 conjunto<\/p>\n<\/div>\n<p><strong>E-DPCA009:\u00a0\u00a0<\/strong>Dispensador para copos de caf\u00e9 e \u00e1gua (50ml\/180 ou 200 ml), cor branca com bot\u00e3o preto.<\/p>\n<p>Caixa com 01 conjunto<\/p>\n<p>L\u00e2mina de Apresenta\u00e7\u00e3o<\/p>\n<div class=\"tabbable tabs_style1 tabs-\">\n<div class=\"tab-content\">\n<div id=\"custom-tab-0-lamina-de-apresentacao\" class=\"tab-pane active\">Acesso Restrito &#8211; Fa\u00e7a o login para ter acesso<\/div>\n<\/div>\n<\/div>\n","protected":false},"excerpt":{"rendered":"<p>POUP COPO \u00e9 sin\u00f4nimo de praticidade e economia na utiliza\u00e7\u00e3o de copos descart\u00e1veis. Dispon\u00edvel nas [&hellip;]<\/p>\n","protected":false},"featured_media":4825,"comment_status":"closed","ping_status":"closed","template":"","meta":[],"product_brand":[],"product_cat":[307,215],"product_tag":[],"class_list":{"0":"post-3914","1":"product","2":"type-product","3":"status-publish","4":"has-post-thumbnail","6":"product_cat-dispenser-agua-e-cafe","7":"product_cat-dispensers","9":"first","10":"instock","11":"shipping-taxable","12":"product-type-simple"},"_links":{"self":[{"href":"https:\/\/www.kimarca.com.br\/site\/wp-json\/wp\/v2\/product\/3914","targetHints":{"allow":["GET"]}}],"collection":[{"href":"https:\/\/www.kimarca.com.br\/site\/wp-json\/wp\/v2\/product"}],"about":[{"href":"https:\/\/www.kimarca.com.br\/site\/wp-json\/wp\/v2\/types\/product"}],"replies":[{"embeddable":true,"href":"https:\/\/www.kimarca.com.br\/site\/wp-json\/wp\/v2\/comments?post=3914"}],"wp:featuredmedia":[{"embeddable":true,"href":"https:\/\/www.kimarca.com.br\/site\/wp-json\/wp\/v2\/media\/4825"}],"wp:attachment":[{"href":"https:\/\/www.kimarca.com.br\/site\/wp-json\/wp\/v2\/media?parent=3914"}],"wp:term":[{"taxonomy":"product_brand","embeddable":true,"href":"https:\/\/www.kimarca.com.br\/site\/wp-json\/wp\/v2\/product_brand?post=3914"},{"taxonomy":"product_cat","embeddable":true,"href":"https:\/\/www.kimarca.com.br\/site\/wp-json\/wp\/v2\/product_cat?post=3914"},{"taxonomy":"product_tag","embeddable":true,"href":"https:\/\/www.kimarca.com.br\/site\/wp-json\/wp\/v2\/product_tag?post=3914"}],"curies":[{"name":"wp","href":"https:\/\/api.w.org\/{rel}","templated":true}]}}