{"id":3884,"date":"2019-01-16T16:18:36","date_gmt":"2019-01-16T18:18:36","guid":{"rendered":"https:\/\/www.kimarca.com.br\/site\/?post_type=product&#038;p=3884"},"modified":"2024-11-03T23:40:45","modified_gmt":"2024-11-04T02:40:45","slug":"touca-sanfonada-tnt","status":"publish","type":"product","link":"https:\/\/www.kimarca.com.br\/site\/produto\/touca-sanfonada-tnt\/","title":{"rendered":"Touca Sanfonada TNT"},"content":{"rendered":"<p>Com el\u00e1stico super resistente. Tamanho ideal para n\u00e3o apertar a cabe\u00e7a. Di\u00e2metro de 20 cm.<br \/>\nPacote<\/p>\n<p>Quantidade: 100 unidades<br \/>\nCaixa master: 50 pacotes<\/p>\n<p>Quantidade: 12 unidades<br \/>\nCaixa master: 60 pacotes<\/p>\n","protected":false},"excerpt":{"rendered":"<p>Com el\u00e1stico super resistente. Tamanho ideal para n\u00e3o apertar a cabe\u00e7a. Di\u00e2metro de 20 cm. [&hellip;]<\/p>\n","protected":false},"featured_media":3885,"comment_status":"closed","ping_status":"closed","template":"","meta":[],"product_brand":[],"product_cat":[207],"product_tag":[],"class_list":{"0":"post-3884","1":"product","2":"type-product","3":"status-publish","4":"has-post-thumbnail","6":"product_cat-epis","8":"first","9":"instock","10":"shipping-taxable","11":"product-type-simple"},"_links":{"self":[{"href":"https:\/\/www.kimarca.com.br\/site\/wp-json\/wp\/v2\/product\/3884","targetHints":{"allow":["GET"]}}],"collection":[{"href":"https:\/\/www.kimarca.com.br\/site\/wp-json\/wp\/v2\/product"}],"about":[{"href":"https:\/\/www.kimarca.com.br\/site\/wp-json\/wp\/v2\/types\/product"}],"replies":[{"embeddable":true,"href":"https:\/\/www.kimarca.com.br\/site\/wp-json\/wp\/v2\/comments?post=3884"}],"wp:featuredmedia":[{"embeddable":true,"href":"https:\/\/www.kimarca.com.br\/site\/wp-json\/wp\/v2\/media\/3885"}],"wp:attachment":[{"href":"https:\/\/www.kimarca.com.br\/site\/wp-json\/wp\/v2\/media?parent=3884"}],"wp:term":[{"taxonomy":"product_brand","embeddable":true,"href":"https:\/\/www.kimarca.com.br\/site\/wp-json\/wp\/v2\/product_brand?post=3884"},{"taxonomy":"product_cat","embeddable":true,"href":"https:\/\/www.kimarca.com.br\/site\/wp-json\/wp\/v2\/product_cat?post=3884"},{"taxonomy":"product_tag","embeddable":true,"href":"https:\/\/www.kimarca.com.br\/site\/wp-json\/wp\/v2\/product_tag?post=3884"}],"curies":[{"name":"wp","href":"https:\/\/api.w.org\/{rel}","templated":true}]}}