{"id":3880,"date":"2019-01-16T16:12:31","date_gmt":"2019-01-16T18:12:31","guid":{"rendered":"https:\/\/www.kimarca.com.br\/site\/?post_type=product&#038;p=3880"},"modified":"2024-11-03T23:40:46","modified_gmt":"2024-11-04T02:40:46","slug":"fenix-oculos-de-seguranca","status":"publish","type":"product","link":"https:\/\/www.kimarca.com.br\/site\/produto\/fenix-oculos-de-seguranca\/","title":{"rendered":"F\u00caNIX &#8211; \u00d3culos de Seguran\u00e7a"},"content":{"rendered":"<div id=\"corpo-van-prod\">\n<div id=\"txt-van-prod\">\n<p><b>Benef\u00edcios<\/b><\/p>\n<ul>\n<li><img decoding=\"async\" src=\"https:\/\/www.danny.com.br\/wp-content\/uploads\/2017\/02\/beneficio-aprovado.png\"  loading=\"lazy\" \/>Tratamento antirrisco e antiemba\u00e7ante (opcional)<\/li>\n<li><img decoding=\"async\" src=\"https:\/\/www.danny.com.br\/wp-content\/uploads\/2017\/02\/beneficio-aprovado.png\"  loading=\"lazy\" \/>Haste com regulagem de comprimento<\/li>\n<li><img decoding=\"async\" src=\"https:\/\/www.danny.com.br\/wp-content\/uploads\/2017\/02\/beneficio-aprovado.png\"  loading=\"lazy\" \/>A curvatura lateral de suas lentes aumenta a \u00e1rea de prote\u00e7\u00e3o<\/li>\n<\/ul>\n<\/div>\n<\/div>\n<div id=\"corpo-desc-prod\"><b>Descri\u00e7\u00e3o<\/b><br \/>\n\u00d3culos de seguran\u00e7a confeccionado em policarbonato \u00f3ptico, com arma\u00e7\u00e3o de nylon e hastes com comprimento regul\u00e1vel. Filtra 99,9% dos raios UVA e UVB.<\/div>\n<div id=\"corpo-desc-prod\">\n<div id=\"txt-van-prod\">\n<p><b>Aplica\u00e7\u00f5es<\/b><\/p>\n<ul>\n<li><img decoding=\"async\" src=\"https:\/\/www.danny.com.br\/wp-content\/uploads\/2017\/02\/beneficio-aprovado.png\"  loading=\"lazy\" \/>Prote\u00e7\u00e3o dos olhos contra impactos de part\u00edculas volantes<\/li>\n<li><img decoding=\"async\" src=\"https:\/\/www.danny.com.br\/wp-content\/uploads\/2017\/02\/beneficio-aprovado.png\"  loading=\"lazy\" \/>Industrias em geral (automobil\u00edstica, metalmec\u00e2nica, petroqu\u00edmica, agroind\u00fastria, constru\u00e7\u00e3o civil)<\/li>\n<li><img decoding=\"async\" src=\"https:\/\/www.danny.com.br\/wp-content\/uploads\/2017\/02\/beneficio-aprovado.png\"  loading=\"lazy\" \/>Trabalhos a c\u00e9u aberto<\/li>\n<li><img decoding=\"async\" src=\"https:\/\/www.danny.com.br\/wp-content\/uploads\/2017\/02\/beneficio-aprovado.png\"  loading=\"lazy\" \/>Radia\u00e7\u00e3o ultravioleta<\/li>\n<li><img decoding=\"async\" src=\"https:\/\/www.danny.com.br\/wp-content\/uploads\/2017\/02\/beneficio-aprovado.png\"  loading=\"lazy\" \/>Luminosidade intensa (luz vis\u00edvel) no caso da lente cinza e verde<br \/>\n<b>C\u00f3digo:<\/b>\u00a0DA-14.500, VIC-51.110, VIC-51.120, VIC-51.150<br \/>\n<b>Tamanho(s):<\/b>\u00a0\u00danico<br \/>\n<b>Cor:<\/b>\u00a0Cinza, incolor e verde<br \/>\n<b>Normas T\u00e9cnicas:<\/b>\u00a0CA 9.722 ANSI\/ISEA Z87.1-2015 | CA 19.625 ANSI Z87.1-2003<\/li>\n<\/ul>\n<\/div>\n<\/div>\n","protected":false},"excerpt":{"rendered":"<p>Benef\u00edcios Tratamento antirrisco e antiemba\u00e7ante (opcional) Haste com regulagem de comprimento A curvatura lateral de [&hellip;]<\/p>\n","protected":false},"featured_media":3881,"comment_status":"closed","ping_status":"closed","template":"","meta":[],"product_brand":[],"product_cat":[219],"product_tag":[],"class_list":{"0":"post-3880","1":"product","2":"type-product","3":"status-publish","4":"has-post-thumbnail","6":"product_cat-oculos-protetores","8":"first","9":"instock","10":"shipping-taxable","11":"product-type-simple"},"_links":{"self":[{"href":"https:\/\/www.kimarca.com.br\/site\/wp-json\/wp\/v2\/product\/3880","targetHints":{"allow":["GET"]}}],"collection":[{"href":"https:\/\/www.kimarca.com.br\/site\/wp-json\/wp\/v2\/product"}],"about":[{"href":"https:\/\/www.kimarca.com.br\/site\/wp-json\/wp\/v2\/types\/product"}],"replies":[{"embeddable":true,"href":"https:\/\/www.kimarca.com.br\/site\/wp-json\/wp\/v2\/comments?post=3880"}],"wp:featuredmedia":[{"embeddable":true,"href":"https:\/\/www.kimarca.com.br\/site\/wp-json\/wp\/v2\/media\/3881"}],"wp:attachment":[{"href":"https:\/\/www.kimarca.com.br\/site\/wp-json\/wp\/v2\/media?parent=3880"}],"wp:term":[{"taxonomy":"product_brand","embeddable":true,"href":"https:\/\/www.kimarca.com.br\/site\/wp-json\/wp\/v2\/product_brand?post=3880"},{"taxonomy":"product_cat","embeddable":true,"href":"https:\/\/www.kimarca.com.br\/site\/wp-json\/wp\/v2\/product_cat?post=3880"},{"taxonomy":"product_tag","embeddable":true,"href":"https:\/\/www.kimarca.com.br\/site\/wp-json\/wp\/v2\/product_tag?post=3880"}],"curies":[{"name":"wp","href":"https:\/\/api.w.org\/{rel}","templated":true}]}}