{"id":3873,"date":"2019-01-16T15:58:48","date_gmt":"2019-01-16T17:58:48","guid":{"rendered":"https:\/\/www.kimarca.com.br\/site\/?post_type=product&#038;p=3873"},"modified":"2024-12-13T17:18:17","modified_gmt":"2024-12-13T20:18:17","slug":"lava-roupas-liquido-glicerina-2l","status":"publish","type":"product","link":"https:\/\/www.kimarca.com.br\/site\/produto\/lava-roupas-liquido-glicerina-2l\/","title":{"rendered":"Lava-roupas l\u00edquido Glicerina  2L e 5L"},"content":{"rendered":"<p>Nova f\u00f3rmula com enzimas ativas que limpam profundamente os tecidos e proporcionam a lavagem de roupas perfeita para cada momento. Devido a sua biotecnologia enzim\u00e1tica. Ele realiza essa limpeza sem agredir as pe\u00e7as ou deixar res\u00edduos acumulados em suas fibras, proporcionando aquele toque de leveza que tanto adoramos ao vestir as roupas.<\/p>\n","protected":false},"excerpt":{"rendered":"<p>Nova f\u00f3rmula com enzimas ativas que limpam profundamente os tecidos e proporcionam a lavagem de [&hellip;]<\/p>\n","protected":false},"featured_media":4819,"comment_status":"closed","ping_status":"closed","template":"","meta":[],"product_brand":[],"product_cat":[246],"product_tag":[],"class_list":{"0":"post-3873","1":"product","2":"type-product","3":"status-publish","4":"has-post-thumbnail","6":"product_cat-sabao","8":"first","9":"instock","10":"shipping-taxable","11":"product-type-simple"},"_links":{"self":[{"href":"https:\/\/www.kimarca.com.br\/site\/wp-json\/wp\/v2\/product\/3873","targetHints":{"allow":["GET"]}}],"collection":[{"href":"https:\/\/www.kimarca.com.br\/site\/wp-json\/wp\/v2\/product"}],"about":[{"href":"https:\/\/www.kimarca.com.br\/site\/wp-json\/wp\/v2\/types\/product"}],"replies":[{"embeddable":true,"href":"https:\/\/www.kimarca.com.br\/site\/wp-json\/wp\/v2\/comments?post=3873"}],"wp:featuredmedia":[{"embeddable":true,"href":"https:\/\/www.kimarca.com.br\/site\/wp-json\/wp\/v2\/media\/4819"}],"wp:attachment":[{"href":"https:\/\/www.kimarca.com.br\/site\/wp-json\/wp\/v2\/media?parent=3873"}],"wp:term":[{"taxonomy":"product_brand","embeddable":true,"href":"https:\/\/www.kimarca.com.br\/site\/wp-json\/wp\/v2\/product_brand?post=3873"},{"taxonomy":"product_cat","embeddable":true,"href":"https:\/\/www.kimarca.com.br\/site\/wp-json\/wp\/v2\/product_cat?post=3873"},{"taxonomy":"product_tag","embeddable":true,"href":"https:\/\/www.kimarca.com.br\/site\/wp-json\/wp\/v2\/product_tag?post=3873"}],"curies":[{"name":"wp","href":"https:\/\/api.w.org\/{rel}","templated":true}]}}