{"id":3595,"date":"2018-04-05T16:34:15","date_gmt":"2018-04-05T19:34:15","guid":{"rendered":"https:\/\/www.kimarca.com.br\/site\/?post_type=product&#038;p=3595"},"modified":"2024-11-03T23:40:46","modified_gmt":"2024-11-04T02:40:46","slug":"pa-metalica","status":"publish","type":"product","link":"https:\/\/www.kimarca.com.br\/site\/produto\/pa-metalica\/","title":{"rendered":"P\u00e1 Met\u00e1lica"},"content":{"rendered":"<p>P\u00e1 em metal galvanizado. N\u00e3o enferruja. Ideal para limpeza de p\u00e1tios, garagens e para tirar brasas de lareiras ou churrasqueiras.<\/p>\n","protected":false},"excerpt":{"rendered":"<p>P\u00e1 em metal galvanizado. N\u00e3o enferruja. Ideal para limpeza de p\u00e1tios, garagens e para tirar [&hellip;]<\/p>\n","protected":false},"featured_media":3596,"comment_status":"closed","ping_status":"closed","template":"","meta":[],"product_brand":[],"product_cat":[255],"product_tag":[],"class_list":{"0":"post-3595","1":"product","2":"type-product","3":"status-publish","4":"has-post-thumbnail","6":"product_cat-pas-e-vassouras","8":"first","9":"instock","10":"shipping-taxable","11":"product-type-simple"},"_links":{"self":[{"href":"https:\/\/www.kimarca.com.br\/site\/wp-json\/wp\/v2\/product\/3595","targetHints":{"allow":["GET"]}}],"collection":[{"href":"https:\/\/www.kimarca.com.br\/site\/wp-json\/wp\/v2\/product"}],"about":[{"href":"https:\/\/www.kimarca.com.br\/site\/wp-json\/wp\/v2\/types\/product"}],"replies":[{"embeddable":true,"href":"https:\/\/www.kimarca.com.br\/site\/wp-json\/wp\/v2\/comments?post=3595"}],"wp:featuredmedia":[{"embeddable":true,"href":"https:\/\/www.kimarca.com.br\/site\/wp-json\/wp\/v2\/media\/3596"}],"wp:attachment":[{"href":"https:\/\/www.kimarca.com.br\/site\/wp-json\/wp\/v2\/media?parent=3595"}],"wp:term":[{"taxonomy":"product_brand","embeddable":true,"href":"https:\/\/www.kimarca.com.br\/site\/wp-json\/wp\/v2\/product_brand?post=3595"},{"taxonomy":"product_cat","embeddable":true,"href":"https:\/\/www.kimarca.com.br\/site\/wp-json\/wp\/v2\/product_cat?post=3595"},{"taxonomy":"product_tag","embeddable":true,"href":"https:\/\/www.kimarca.com.br\/site\/wp-json\/wp\/v2\/product_tag?post=3595"}],"curies":[{"name":"wp","href":"https:\/\/api.w.org\/{rel}","templated":true}]}}