{"id":3569,"date":"2018-04-05T16:15:17","date_gmt":"2018-04-05T19:15:17","guid":{"rendered":"https:\/\/www.kimarca.com.br\/site\/?post_type=product&#038;p=3569"},"modified":"2024-11-03T23:40:47","modified_gmt":"2024-11-04T02:40:47","slug":"vassoura-brava-max","status":"publish","type":"product","link":"https:\/\/www.kimarca.com.br\/site\/produto\/vassoura-brava-max\/","title":{"rendered":"Vassoura Brava Max"},"content":{"rendered":"<p>Cerdas mais duras. Maior quantidade de cerdas..<br \/>\nIdeal para carpetes, pisos r\u00fasticos, p\u00e1tios e cal\u00e7adas.<\/p>\n","protected":false},"excerpt":{"rendered":"<p>Cerdas mais duras. Maior quantidade de cerdas.. Ideal para carpetes, pisos r\u00fasticos, p\u00e1tios e cal\u00e7adas.<\/p>\n","protected":false},"featured_media":3570,"comment_status":"closed","ping_status":"closed","template":"","meta":[],"product_brand":[],"product_cat":[260,255],"product_tag":[],"class_list":{"0":"post-3569","1":"product","2":"type-product","3":"status-publish","4":"has-post-thumbnail","6":"product_cat-extensoes-e-partes","7":"product_cat-pas-e-vassouras","9":"first","10":"instock","11":"shipping-taxable","12":"product-type-simple"},"_links":{"self":[{"href":"https:\/\/www.kimarca.com.br\/site\/wp-json\/wp\/v2\/product\/3569","targetHints":{"allow":["GET"]}}],"collection":[{"href":"https:\/\/www.kimarca.com.br\/site\/wp-json\/wp\/v2\/product"}],"about":[{"href":"https:\/\/www.kimarca.com.br\/site\/wp-json\/wp\/v2\/types\/product"}],"replies":[{"embeddable":true,"href":"https:\/\/www.kimarca.com.br\/site\/wp-json\/wp\/v2\/comments?post=3569"}],"wp:featuredmedia":[{"embeddable":true,"href":"https:\/\/www.kimarca.com.br\/site\/wp-json\/wp\/v2\/media\/3570"}],"wp:attachment":[{"href":"https:\/\/www.kimarca.com.br\/site\/wp-json\/wp\/v2\/media?parent=3569"}],"wp:term":[{"taxonomy":"product_brand","embeddable":true,"href":"https:\/\/www.kimarca.com.br\/site\/wp-json\/wp\/v2\/product_brand?post=3569"},{"taxonomy":"product_cat","embeddable":true,"href":"https:\/\/www.kimarca.com.br\/site\/wp-json\/wp\/v2\/product_cat?post=3569"},{"taxonomy":"product_tag","embeddable":true,"href":"https:\/\/www.kimarca.com.br\/site\/wp-json\/wp\/v2\/product_tag?post=3569"}],"curies":[{"name":"wp","href":"https:\/\/api.w.org\/{rel}","templated":true}]}}