{"id":3565,"date":"2018-04-05T16:11:36","date_gmt":"2018-04-05T19:11:36","guid":{"rendered":"https:\/\/www.kimarca.com.br\/site\/?post_type=product&#038;p=3565"},"modified":"2024-11-03T23:40:47","modified_gmt":"2024-11-04T02:40:47","slug":"vassoura-cantos","status":"publish","type":"product","link":"https:\/\/www.kimarca.com.br\/site\/produto\/vassoura-cantos\/","title":{"rendered":"Vassoura Cantos"},"content":{"rendered":"<p>Modelo ampliado da tradicional vassoura Limpa F\u00e1cil.<br \/>\nCom cerdas mais compridas e em maior quantidade.<br \/>\nPor seu \u00e2ngulo ampliado, alcan\u00e7a cantos mais dif\u00edceis.<br \/>\nMaior capacidade de varri\u00e7\u00e3o.<\/p>\n","protected":false},"excerpt":{"rendered":"<p>Modelo ampliado da tradicional vassoura Limpa F\u00e1cil. Com cerdas mais compridas e em maior quantidade. [&hellip;]<\/p>\n","protected":false},"featured_media":3566,"comment_status":"closed","ping_status":"closed","template":"","meta":[],"product_brand":[],"product_cat":[260,255],"product_tag":[],"class_list":{"0":"post-3565","1":"product","2":"type-product","3":"status-publish","4":"has-post-thumbnail","6":"product_cat-extensoes-e-partes","7":"product_cat-pas-e-vassouras","9":"first","10":"instock","11":"shipping-taxable","12":"product-type-simple"},"_links":{"self":[{"href":"https:\/\/www.kimarca.com.br\/site\/wp-json\/wp\/v2\/product\/3565","targetHints":{"allow":["GET"]}}],"collection":[{"href":"https:\/\/www.kimarca.com.br\/site\/wp-json\/wp\/v2\/product"}],"about":[{"href":"https:\/\/www.kimarca.com.br\/site\/wp-json\/wp\/v2\/types\/product"}],"replies":[{"embeddable":true,"href":"https:\/\/www.kimarca.com.br\/site\/wp-json\/wp\/v2\/comments?post=3565"}],"wp:featuredmedia":[{"embeddable":true,"href":"https:\/\/www.kimarca.com.br\/site\/wp-json\/wp\/v2\/media\/3566"}],"wp:attachment":[{"href":"https:\/\/www.kimarca.com.br\/site\/wp-json\/wp\/v2\/media?parent=3565"}],"wp:term":[{"taxonomy":"product_brand","embeddable":true,"href":"https:\/\/www.kimarca.com.br\/site\/wp-json\/wp\/v2\/product_brand?post=3565"},{"taxonomy":"product_cat","embeddable":true,"href":"https:\/\/www.kimarca.com.br\/site\/wp-json\/wp\/v2\/product_cat?post=3565"},{"taxonomy":"product_tag","embeddable":true,"href":"https:\/\/www.kimarca.com.br\/site\/wp-json\/wp\/v2\/product_tag?post=3565"}],"curies":[{"name":"wp","href":"https:\/\/api.w.org\/{rel}","templated":true}]}}