{"id":3533,"date":"2018-04-05T15:31:04","date_gmt":"2018-04-05T18:31:04","guid":{"rendered":"https:\/\/www.kimarca.com.br\/site\/?post_type=product&#038;p=3533"},"modified":"2024-11-12T17:00:04","modified_gmt":"2024-11-12T20:00:04","slug":"canudo-milk-shake","status":"publish","type":"product","link":"https:\/\/www.kimarca.com.br\/site\/produto\/canudo-milk-shake\/","title":{"rendered":"CANUDO MILK SHAKE"},"content":{"rendered":"<p>Deixe seu dia mais pr\u00e1tico com os canudos PLAZAPEL, produzidos com mat\u00e9ria prima de alta qualidade, oferecem higiene, resist\u00eancia e versatilidade.<\/p>\n<p>embalagem individual .<\/p>\n","protected":false},"excerpt":{"rendered":"<p>Deixe seu dia mais pr\u00e1tico com os canudos PLAZAPEL, produzidos com mat\u00e9ria prima de alta [&hellip;]<\/p>\n","protected":false},"featured_media":4812,"comment_status":"closed","ping_status":"closed","template":"","meta":[],"product_brand":[],"product_cat":[208],"product_tag":[],"class_list":{"0":"post-3533","1":"product","2":"type-product","3":"status-publish","4":"has-post-thumbnail","6":"product_cat-descartaveis","8":"first","9":"instock","10":"shipping-taxable","11":"product-type-simple"},"_links":{"self":[{"href":"https:\/\/www.kimarca.com.br\/site\/wp-json\/wp\/v2\/product\/3533","targetHints":{"allow":["GET"]}}],"collection":[{"href":"https:\/\/www.kimarca.com.br\/site\/wp-json\/wp\/v2\/product"}],"about":[{"href":"https:\/\/www.kimarca.com.br\/site\/wp-json\/wp\/v2\/types\/product"}],"replies":[{"embeddable":true,"href":"https:\/\/www.kimarca.com.br\/site\/wp-json\/wp\/v2\/comments?post=3533"}],"wp:featuredmedia":[{"embeddable":true,"href":"https:\/\/www.kimarca.com.br\/site\/wp-json\/wp\/v2\/media\/4812"}],"wp:attachment":[{"href":"https:\/\/www.kimarca.com.br\/site\/wp-json\/wp\/v2\/media?parent=3533"}],"wp:term":[{"taxonomy":"product_brand","embeddable":true,"href":"https:\/\/www.kimarca.com.br\/site\/wp-json\/wp\/v2\/product_brand?post=3533"},{"taxonomy":"product_cat","embeddable":true,"href":"https:\/\/www.kimarca.com.br\/site\/wp-json\/wp\/v2\/product_cat?post=3533"},{"taxonomy":"product_tag","embeddable":true,"href":"https:\/\/www.kimarca.com.br\/site\/wp-json\/wp\/v2\/product_tag?post=3533"}],"curies":[{"name":"wp","href":"https:\/\/api.w.org\/{rel}","templated":true}]}}