{"id":3529,"date":"2018-04-05T15:28:02","date_gmt":"2018-04-05T18:28:02","guid":{"rendered":"https:\/\/www.kimarca.com.br\/site\/?post_type=product&#038;p=3529"},"modified":"2024-11-03T23:40:47","modified_gmt":"2024-11-04T02:40:47","slug":"garfo-sobremesa","status":"publish","type":"product","link":"https:\/\/www.kimarca.com.br\/site\/produto\/garfo-sobremesa\/","title":{"rendered":"Garfo Sobremesa"},"content":{"rendered":"<p>Deixe seu dia mais pr\u00e1tico com os talheres PLAZAPEL, produzidos com mat\u00e9ria prima de alta qualidade, oferecem higiene, resist\u00eancia e versatilidade.<\/p>\n","protected":false},"excerpt":{"rendered":"<p>Deixe seu dia mais pr\u00e1tico com os talheres PLAZAPEL, produzidos com mat\u00e9ria prima de alta [&hellip;]<\/p>\n","protected":false},"featured_media":3530,"comment_status":"closed","ping_status":"closed","template":"","meta":[],"product_brand":[],"product_cat":[208,228],"product_tag":[],"class_list":{"0":"post-3529","1":"product","2":"type-product","3":"status-publish","4":"has-post-thumbnail","6":"product_cat-descartaveis","7":"product_cat-garfos-colheres-e-facas","9":"first","10":"instock","11":"shipping-taxable","12":"product-type-simple"},"_links":{"self":[{"href":"https:\/\/www.kimarca.com.br\/site\/wp-json\/wp\/v2\/product\/3529","targetHints":{"allow":["GET"]}}],"collection":[{"href":"https:\/\/www.kimarca.com.br\/site\/wp-json\/wp\/v2\/product"}],"about":[{"href":"https:\/\/www.kimarca.com.br\/site\/wp-json\/wp\/v2\/types\/product"}],"replies":[{"embeddable":true,"href":"https:\/\/www.kimarca.com.br\/site\/wp-json\/wp\/v2\/comments?post=3529"}],"wp:featuredmedia":[{"embeddable":true,"href":"https:\/\/www.kimarca.com.br\/site\/wp-json\/wp\/v2\/media\/3530"}],"wp:attachment":[{"href":"https:\/\/www.kimarca.com.br\/site\/wp-json\/wp\/v2\/media?parent=3529"}],"wp:term":[{"taxonomy":"product_brand","embeddable":true,"href":"https:\/\/www.kimarca.com.br\/site\/wp-json\/wp\/v2\/product_brand?post=3529"},{"taxonomy":"product_cat","embeddable":true,"href":"https:\/\/www.kimarca.com.br\/site\/wp-json\/wp\/v2\/product_cat?post=3529"},{"taxonomy":"product_tag","embeddable":true,"href":"https:\/\/www.kimarca.com.br\/site\/wp-json\/wp\/v2\/product_tag?post=3529"}],"curies":[{"name":"wp","href":"https:\/\/api.w.org\/{rel}","templated":true}]}}