{"id":3511,"date":"2018-04-05T15:11:09","date_gmt":"2018-04-05T18:11:09","guid":{"rendered":"https:\/\/www.kimarca.com.br\/site\/?post_type=product&#038;p=3511"},"modified":"2024-11-03T23:40:47","modified_gmt":"2024-11-04T02:40:47","slug":"odorizante-sanitario-font-marine","status":"publish","type":"product","link":"https:\/\/www.kimarca.com.br\/site\/produto\/odorizante-sanitario-font-marine\/","title":{"rendered":"Odorizante Sanit\u00e1rio Font Marine"},"content":{"rendered":"<p>Higieniza e perfuma o vaso sanit\u00e1rio deixando no ambiente o frescor de limpeza de forma agrad\u00e1vel e duradoura a cada descarga. Mant\u00e9m o sanit\u00e1rio saud\u00e1vel, livre de bact\u00e9rias, com muita limpeza. Suporte pl\u00e1stico descart\u00e1vel, de f\u00e1cil aplica\u00e7\u00e3o, inclu\u00eddo.<\/p>\n","protected":false},"excerpt":{"rendered":"<p>Higieniza e perfuma o vaso sanit\u00e1rio deixando no ambiente o frescor de limpeza de forma [&hellip;]<\/p>\n","protected":false},"featured_media":3512,"comment_status":"closed","ping_status":"closed","template":"","meta":[],"product_brand":[],"product_cat":[293],"product_tag":[],"class_list":{"0":"post-3511","1":"product","2":"type-product","3":"status-publish","4":"has-post-thumbnail","6":"product_cat-uncategorized","8":"first","9":"instock","10":"shipping-taxable","11":"product-type-simple"},"_links":{"self":[{"href":"https:\/\/www.kimarca.com.br\/site\/wp-json\/wp\/v2\/product\/3511","targetHints":{"allow":["GET"]}}],"collection":[{"href":"https:\/\/www.kimarca.com.br\/site\/wp-json\/wp\/v2\/product"}],"about":[{"href":"https:\/\/www.kimarca.com.br\/site\/wp-json\/wp\/v2\/types\/product"}],"replies":[{"embeddable":true,"href":"https:\/\/www.kimarca.com.br\/site\/wp-json\/wp\/v2\/comments?post=3511"}],"wp:featuredmedia":[{"embeddable":true,"href":"https:\/\/www.kimarca.com.br\/site\/wp-json\/wp\/v2\/media\/3512"}],"wp:attachment":[{"href":"https:\/\/www.kimarca.com.br\/site\/wp-json\/wp\/v2\/media?parent=3511"}],"wp:term":[{"taxonomy":"product_brand","embeddable":true,"href":"https:\/\/www.kimarca.com.br\/site\/wp-json\/wp\/v2\/product_brand?post=3511"},{"taxonomy":"product_cat","embeddable":true,"href":"https:\/\/www.kimarca.com.br\/site\/wp-json\/wp\/v2\/product_cat?post=3511"},{"taxonomy":"product_tag","embeddable":true,"href":"https:\/\/www.kimarca.com.br\/site\/wp-json\/wp\/v2\/product_tag?post=3511"}],"curies":[{"name":"wp","href":"https:\/\/api.w.org\/{rel}","templated":true}]}}