{"id":3442,"date":"2018-04-04T14:54:24","date_gmt":"2018-04-04T17:54:24","guid":{"rendered":"https:\/\/www.kimarca.com.br\/site\/?post_type=product&#038;p=3442"},"modified":"2024-11-03T23:40:48","modified_gmt":"2024-11-04T02:40:48","slug":"esponja-de-la-de-aco-assolan","status":"publish","type":"product","link":"https:\/\/www.kimarca.com.br\/site\/produto\/esponja-de-la-de-aco-assolan\/","title":{"rendered":"Esponja de L\u00e3 de A\u00e7o Assolan"},"content":{"rendered":"<p>A L\u00e3 de A\u00e7o Assolan, um produto com mais de 50 anos, faz parte do portf\u00f3lio de produtos Yp\u00ea desde 2011 e \u00e9 o seu principal aliado para acabar com a sujeira dif\u00edcil.<\/p>\n<p>Al\u00e9m de facilitar a limpeza mais pesada, Assolan tamb\u00e9m deixa tudo brilhando. O produto passa por rigorosos processos de controle de qualidade durante todas as etapas de fabrica\u00e7\u00e3o, garantindo sempre um excelente resultado de limpeza e com \u00f3timo custo benef\u00edcio.<\/p>\n<p>Tradicional na rotina de muitos lares brasileiros, Assolan te ajuda a remover a sujeira dif\u00edcil do dia a dia com alta performance e pre\u00e7o justo. Assim, Assolan pega pesado com a sujeira para voc\u00ea pegar mais leve com a rotina de limpeza e com o seu bolso!<\/p>\n","protected":false},"excerpt":{"rendered":"<p>A L\u00e3 de A\u00e7o Assolan, um produto com mais de 50 anos, faz parte do [&hellip;]<\/p>\n","protected":false},"featured_media":3443,"comment_status":"closed","ping_status":"closed","template":"","meta":[],"product_brand":[],"product_cat":[287],"product_tag":[],"class_list":{"0":"post-3442","1":"product","2":"type-product","3":"status-publish","4":"has-post-thumbnail","6":"product_cat-fibras-abrasivas-para-limpeza","8":"first","9":"instock","10":"shipping-taxable","11":"product-type-simple"},"_links":{"self":[{"href":"https:\/\/www.kimarca.com.br\/site\/wp-json\/wp\/v2\/product\/3442","targetHints":{"allow":["GET"]}}],"collection":[{"href":"https:\/\/www.kimarca.com.br\/site\/wp-json\/wp\/v2\/product"}],"about":[{"href":"https:\/\/www.kimarca.com.br\/site\/wp-json\/wp\/v2\/types\/product"}],"replies":[{"embeddable":true,"href":"https:\/\/www.kimarca.com.br\/site\/wp-json\/wp\/v2\/comments?post=3442"}],"wp:featuredmedia":[{"embeddable":true,"href":"https:\/\/www.kimarca.com.br\/site\/wp-json\/wp\/v2\/media\/3443"}],"wp:attachment":[{"href":"https:\/\/www.kimarca.com.br\/site\/wp-json\/wp\/v2\/media?parent=3442"}],"wp:term":[{"taxonomy":"product_brand","embeddable":true,"href":"https:\/\/www.kimarca.com.br\/site\/wp-json\/wp\/v2\/product_brand?post=3442"},{"taxonomy":"product_cat","embeddable":true,"href":"https:\/\/www.kimarca.com.br\/site\/wp-json\/wp\/v2\/product_cat?post=3442"},{"taxonomy":"product_tag","embeddable":true,"href":"https:\/\/www.kimarca.com.br\/site\/wp-json\/wp\/v2\/product_tag?post=3442"}],"curies":[{"name":"wp","href":"https:\/\/api.w.org\/{rel}","templated":true}]}}