{"id":3440,"date":"2018-04-04T14:48:55","date_gmt":"2018-04-04T17:48:55","guid":{"rendered":"https:\/\/www.kimarca.com.br\/site\/?post_type=product&#038;p=3440"},"modified":"2024-11-03T23:40:48","modified_gmt":"2024-11-04T02:40:48","slug":"luva-petroleira-mista","status":"publish","type":"product","link":"https:\/\/www.kimarca.com.br\/site\/produto\/luva-petroleira-mista\/","title":{"rendered":"LUVA PETROLEIRA MISTA"},"content":{"rendered":"<p><strong>Luva de Vaqueta Mista<\/strong>\u00a0<strong>Tipo Petroleira<\/strong>,\u00a0confeccionada em\u00a0Vaqueta\u00a0na palma e dorso em Raspa, ambos couro bovino curtido ao cromo, com refor\u00e7o entre o polegar e o indicador, com ou sem refor\u00e7o palmar interno, tipo petroleira, com el\u00e1stico embutido no dorso, acabamento em vi\u00e9s vermelho, costurada com linha de nylon, largura da palma 12,5 cm e comprimento total de 25 cm, com espessura em m\u00e9dia 1,20 mm e gramatura 0,057 gramas\/cm\u00b2 ou 0,57 kg\/m\u00b2. (Pode haver varia\u00e7\u00e3o de +- 5 mm).<\/p>\n<h2>Descri\u00e7\u00e3o<\/h2>\n<p><b>Indicada para uso nas \u00e1reas de:<\/b><br \/>\nCarga e descarga de materiais em geral<br \/>\nConstru\u00e7\u00e3o civil<br \/>\nInd\u00fastria moveleira<br \/>\nMinera\u00e7\u00e3o<br \/>\nMontagem de estruturas met\u00e1licas<br \/>\nTrabalhos de manuten\u00e7\u00e3o em geral<\/p>\n<p><b>Informa\u00e7\u00f5es sobre os resultados obtidos em ensaios de conformidade efetuados para determinar os n\u00edveis ou classes de prote\u00e7\u00e3o do EPI, quando for o caso:<\/b><\/p>\n<p><b>Restri\u00e7\u00f5es e limita\u00e7\u00f5es do equipamento:<\/b><br \/>\nN\u00e3o recomendado quando utilizado fora das especifica\u00e7\u00f5es das classes de prote\u00e7\u00e3o.<\/p>\n<p><b>Informa\u00e7\u00f5es importantes:<\/b><br \/>\nEm calor excessivo poder\u00e1 sofrer altera\u00e7\u00f5es na cor da raspa de couro.<br \/>\n\u00c1cidos poder\u00e3o corroer a raspa.<br \/>\nQuando com excesso de graxas, outros lubrificantes ou at\u00e9 umidade excessiva poder\u00e1 perder a ader\u00eancia.<\/p>\n<p><b>Instru\u00e7\u00f5es sobre o armazenamento, transporte, higieniza\u00e7\u00e3o e manuten\u00e7\u00e3o:<\/b><br \/>\nGuardar a\u00a0<strong>Luva de Vaqueta Mista\u00a0<\/strong>ao abrigo da luz ultravioleta;<br \/>\nArmazenar em local seco, livre de qualquer umidade ou calor excessivo;<br \/>\nTransportar separadamente de outros produtos;<br \/>\nN\u00e3o lavar;<br \/>\nSomente utilize luvas secas;<br \/>\nN\u00e3o secar em calor excessivo.<\/p>\n","protected":false},"excerpt":{"rendered":"<p>Luva de Vaqueta Mista\u00a0Tipo Petroleira,\u00a0confeccionada em\u00a0Vaqueta\u00a0na palma e dorso em Raspa, ambos couro bovino curtido [&hellip;]<\/p>\n","protected":false},"featured_media":3441,"comment_status":"closed","ping_status":"closed","template":"","meta":[],"product_brand":[],"product_cat":[208,207,218],"product_tag":[],"class_list":{"0":"post-3440","1":"product","2":"type-product","3":"status-publish","4":"has-post-thumbnail","6":"product_cat-descartaveis","7":"product_cat-epis","8":"product_cat-luvas","10":"first","11":"instock","12":"shipping-taxable","13":"product-type-simple"},"_links":{"self":[{"href":"https:\/\/www.kimarca.com.br\/site\/wp-json\/wp\/v2\/product\/3440","targetHints":{"allow":["GET"]}}],"collection":[{"href":"https:\/\/www.kimarca.com.br\/site\/wp-json\/wp\/v2\/product"}],"about":[{"href":"https:\/\/www.kimarca.com.br\/site\/wp-json\/wp\/v2\/types\/product"}],"replies":[{"embeddable":true,"href":"https:\/\/www.kimarca.com.br\/site\/wp-json\/wp\/v2\/comments?post=3440"}],"wp:featuredmedia":[{"embeddable":true,"href":"https:\/\/www.kimarca.com.br\/site\/wp-json\/wp\/v2\/media\/3441"}],"wp:attachment":[{"href":"https:\/\/www.kimarca.com.br\/site\/wp-json\/wp\/v2\/media?parent=3440"}],"wp:term":[{"taxonomy":"product_brand","embeddable":true,"href":"https:\/\/www.kimarca.com.br\/site\/wp-json\/wp\/v2\/product_brand?post=3440"},{"taxonomy":"product_cat","embeddable":true,"href":"https:\/\/www.kimarca.com.br\/site\/wp-json\/wp\/v2\/product_cat?post=3440"},{"taxonomy":"product_tag","embeddable":true,"href":"https:\/\/www.kimarca.com.br\/site\/wp-json\/wp\/v2\/product_tag?post=3440"}],"curies":[{"name":"wp","href":"https:\/\/api.w.org\/{rel}","templated":true}]}}