{"id":3436,"date":"2018-04-04T14:45:48","date_gmt":"2018-04-04T17:45:48","guid":{"rendered":"https:\/\/www.kimarca.com.br\/site\/?post_type=product&#038;p=3436"},"modified":"2024-11-03T23:40:48","modified_gmt":"2024-11-04T02:40:48","slug":"luva-petroleira-vaqueta","status":"publish","type":"product","link":"https:\/\/www.kimarca.com.br\/site\/produto\/luva-petroleira-vaqueta\/","title":{"rendered":"LUVA PETROLEIRA VAQUETA"},"content":{"rendered":"<p><strong>Descri\u00e7\u00e3o:\u00a0<\/strong>Luva de seguran\u00e7a, confeccionada em vaqueta total, com refor\u00e7o, costurada com linha de nylon ou algod\u00e3o, el\u00e1stico para ajuste no dorso, prote\u00e7\u00e3o de couro embutida nas principais costuras do polegar e dedos, modelo Petroleiro.<\/p>\n<h2>Descri\u00e7\u00e3o<\/h2>\n<p><strong>Aplica\u00e7\u00e3o:\u00a0<\/strong>Acess\u00f3rio utilizado na prote\u00e7\u00e3o das m\u00e3os, para servi\u00e7os que requeiram prote\u00e7\u00e3o com o maior tato no manuseio de materiais, ferramentas e outros.<\/p>\n<p><b>Indicada para uso nas \u00e1reas de:<\/b><br \/>\nCarga e descarga de materiais em geral<br \/>\nConstru\u00e7\u00e3o civil<br \/>\nInd\u00fastria moveleira<br \/>\nMinera\u00e7\u00e3o<br \/>\nMontagem de estruturas met\u00e1licas<br \/>\nTrabalhos de manuten\u00e7\u00e3o em geral<\/p>\n<p><b>Informa\u00e7\u00f5es sobre os resultados obtidos em ensaios de conformidade efetuados para determinar os n\u00edveis ou classes de prote\u00e7\u00e3o do EPI, quando for o caso:<\/b><\/p>\n<p><b>Restri\u00e7\u00f5es e limita\u00e7\u00f5es do equipamento:<\/b><br \/>\nN\u00e3o recomendado quando utilizado fora das especifica\u00e7\u00f5es das classes de prote\u00e7\u00e3o.<\/p>\n<p><b>Informa\u00e7\u00f5es importantes:<\/b><br \/>\nEm calor excessivo poder\u00e1 sofrer altera\u00e7\u00f5es na cor da raspa de couro.<br \/>\n\u00c1cidos poder\u00e3o corroer a raspa.<br \/>\nQuando com excesso de graxas, outros lubrificantes ou at\u00e9 umidade excessiva poder\u00e1 perder a ader\u00eancia.<\/p>\n<p><b>Instru\u00e7\u00f5es sobre o armazenamento, transporte, higieniza\u00e7\u00e3o e manuten\u00e7\u00e3o:<\/b><br \/>\nGuardar a\u00a0<strong>Luva de Vaqueta<\/strong>\u00a0ao abrigo da luz ultravioleta;<br \/>\nArmazenar em local seco, livre de qualquer umidade ou calor excessivo;<br \/>\nTransportar separadamente de outros produtos;<br \/>\nN\u00e3o lavar;<br \/>\nSomente utilize luvas secas;<br \/>\nN\u00e3o secar em calor excessivo.<\/p>\n","protected":false},"excerpt":{"rendered":"<p>Descri\u00e7\u00e3o:\u00a0Luva de seguran\u00e7a, confeccionada em vaqueta total, com refor\u00e7o, costurada com linha de nylon ou [&hellip;]<\/p>\n","protected":false},"featured_media":3437,"comment_status":"closed","ping_status":"closed","template":"","meta":[],"product_brand":[],"product_cat":[208,207,218],"product_tag":[],"class_list":{"0":"post-3436","1":"product","2":"type-product","3":"status-publish","4":"has-post-thumbnail","6":"product_cat-descartaveis","7":"product_cat-epis","8":"product_cat-luvas","10":"first","11":"instock","12":"shipping-taxable","13":"product-type-simple"},"_links":{"self":[{"href":"https:\/\/www.kimarca.com.br\/site\/wp-json\/wp\/v2\/product\/3436","targetHints":{"allow":["GET"]}}],"collection":[{"href":"https:\/\/www.kimarca.com.br\/site\/wp-json\/wp\/v2\/product"}],"about":[{"href":"https:\/\/www.kimarca.com.br\/site\/wp-json\/wp\/v2\/types\/product"}],"replies":[{"embeddable":true,"href":"https:\/\/www.kimarca.com.br\/site\/wp-json\/wp\/v2\/comments?post=3436"}],"wp:featuredmedia":[{"embeddable":true,"href":"https:\/\/www.kimarca.com.br\/site\/wp-json\/wp\/v2\/media\/3437"}],"wp:attachment":[{"href":"https:\/\/www.kimarca.com.br\/site\/wp-json\/wp\/v2\/media?parent=3436"}],"wp:term":[{"taxonomy":"product_brand","embeddable":true,"href":"https:\/\/www.kimarca.com.br\/site\/wp-json\/wp\/v2\/product_brand?post=3436"},{"taxonomy":"product_cat","embeddable":true,"href":"https:\/\/www.kimarca.com.br\/site\/wp-json\/wp\/v2\/product_cat?post=3436"},{"taxonomy":"product_tag","embeddable":true,"href":"https:\/\/www.kimarca.com.br\/site\/wp-json\/wp\/v2\/product_tag?post=3436"}],"curies":[{"name":"wp","href":"https:\/\/api.w.org\/{rel}","templated":true}]}}