{"id":3432,"date":"2018-04-04T14:41:32","date_gmt":"2018-04-04T17:41:32","guid":{"rendered":"https:\/\/www.kimarca.com.br\/site\/?post_type=product&#038;p=3432"},"modified":"2024-11-03T23:40:48","modified_gmt":"2024-11-04T02:40:48","slug":"avental-de-raspa","status":"publish","type":"product","link":"https:\/\/www.kimarca.com.br\/site\/produto\/avental-de-raspa\/","title":{"rendered":"AVENTAL DE RASPA"},"content":{"rendered":"<p>Avental de seguran\u00e7a confeccionado em raspa, tira em raspa e fivelas pl\u00e1sticas no pesco\u00e7o e na cintura para ajustes.<\/p>\n<h2>Descri\u00e7\u00e3o<\/h2>\n<p><strong>Aplica\u00e7\u00e3o:\u00a0<\/strong>Para prote\u00e7\u00e3o do tronco contra respingos de materiais em fus\u00e3o, opera\u00e7\u00e3o de solda e corte.<\/p>\n","protected":false},"excerpt":{"rendered":"<p>Avental de seguran\u00e7a confeccionado em raspa, tira em raspa e fivelas pl\u00e1sticas no pesco\u00e7o e [&hellip;]<\/p>\n","protected":false},"featured_media":3433,"comment_status":"closed","ping_status":"closed","template":"","meta":[],"product_brand":[],"product_cat":[207,211],"product_tag":[],"class_list":{"0":"post-3432","1":"product","2":"type-product","3":"status-publish","4":"has-post-thumbnail","6":"product_cat-epis","7":"product_cat-acessorios","9":"first","10":"instock","11":"shipping-taxable","12":"product-type-simple"},"_links":{"self":[{"href":"https:\/\/www.kimarca.com.br\/site\/wp-json\/wp\/v2\/product\/3432","targetHints":{"allow":["GET"]}}],"collection":[{"href":"https:\/\/www.kimarca.com.br\/site\/wp-json\/wp\/v2\/product"}],"about":[{"href":"https:\/\/www.kimarca.com.br\/site\/wp-json\/wp\/v2\/types\/product"}],"replies":[{"embeddable":true,"href":"https:\/\/www.kimarca.com.br\/site\/wp-json\/wp\/v2\/comments?post=3432"}],"wp:featuredmedia":[{"embeddable":true,"href":"https:\/\/www.kimarca.com.br\/site\/wp-json\/wp\/v2\/media\/3433"}],"wp:attachment":[{"href":"https:\/\/www.kimarca.com.br\/site\/wp-json\/wp\/v2\/media?parent=3432"}],"wp:term":[{"taxonomy":"product_brand","embeddable":true,"href":"https:\/\/www.kimarca.com.br\/site\/wp-json\/wp\/v2\/product_brand?post=3432"},{"taxonomy":"product_cat","embeddable":true,"href":"https:\/\/www.kimarca.com.br\/site\/wp-json\/wp\/v2\/product_cat?post=3432"},{"taxonomy":"product_tag","embeddable":true,"href":"https:\/\/www.kimarca.com.br\/site\/wp-json\/wp\/v2\/product_tag?post=3432"}],"curies":[{"name":"wp","href":"https:\/\/api.w.org\/{rel}","templated":true}]}}