{"id":3428,"date":"2018-04-04T14:38:14","date_gmt":"2018-04-04T17:38:14","guid":{"rendered":"https:\/\/www.kimarca.com.br\/site\/?post_type=product&#038;p=3428"},"modified":"2024-11-03T23:40:48","modified_gmt":"2024-11-04T02:40:48","slug":"capacete-classe-b","status":"publish","type":"product","link":"https:\/\/www.kimarca.com.br\/site\/produto\/capacete-classe-b\/","title":{"rendered":"CAPACETE CLASSE B"},"content":{"rendered":"<p>Capacete de Seguran\u00e7a de aba frontal, constitu\u00eddo de um casco inteiri\u00e7o, confeccionado em polietileno de alta densidade, possui tr\u00eas nervuras em seu casco. Dotado de suspens\u00e3o regul\u00e1vel de tamanho, com ajuste simples, fixas no casco atrav\u00e9s de seis pontos de encaixe, com tira absorvedora de suor. Dispon\u00edvel nas cores azul, branco, amarelo, laranja, cinza, marrom, verde, vermelho e preto.<\/p>\n<h2>Descri\u00e7\u00e3o<\/h2>\n<p><strong>Aplica\u00e7\u00e3o:<\/strong>\u00a0Prote\u00e7\u00e3o da cabe\u00e7a do usu\u00e1rio contra impactos de objetos sobre o cr\u00e2nio e contra\u00a0choques el\u00e9tricos.<\/p>\n<p><strong>Cerificado de Aprova\u00e7\u00e3o:<\/strong><a href=\"http:\/\/consultaca.com\/ca30184\">\u00a0CA 30184.<\/a><\/p>\n","protected":false},"excerpt":{"rendered":"<p>Capacete de Seguran\u00e7a de aba frontal, constitu\u00eddo de um casco inteiri\u00e7o, confeccionado em polietileno de [&hellip;]<\/p>\n","protected":false},"featured_media":3429,"comment_status":"closed","ping_status":"closed","template":"","meta":[],"product_brand":[],"product_cat":[220,207,211],"product_tag":[],"class_list":{"0":"post-3428","1":"product","2":"type-product","3":"status-publish","4":"has-post-thumbnail","6":"product_cat-capacetes","7":"product_cat-epis","8":"product_cat-acessorios","10":"first","11":"instock","12":"shipping-taxable","13":"product-type-simple"},"_links":{"self":[{"href":"https:\/\/www.kimarca.com.br\/site\/wp-json\/wp\/v2\/product\/3428","targetHints":{"allow":["GET"]}}],"collection":[{"href":"https:\/\/www.kimarca.com.br\/site\/wp-json\/wp\/v2\/product"}],"about":[{"href":"https:\/\/www.kimarca.com.br\/site\/wp-json\/wp\/v2\/types\/product"}],"replies":[{"embeddable":true,"href":"https:\/\/www.kimarca.com.br\/site\/wp-json\/wp\/v2\/comments?post=3428"}],"wp:featuredmedia":[{"embeddable":true,"href":"https:\/\/www.kimarca.com.br\/site\/wp-json\/wp\/v2\/media\/3429"}],"wp:attachment":[{"href":"https:\/\/www.kimarca.com.br\/site\/wp-json\/wp\/v2\/media?parent=3428"}],"wp:term":[{"taxonomy":"product_brand","embeddable":true,"href":"https:\/\/www.kimarca.com.br\/site\/wp-json\/wp\/v2\/product_brand?post=3428"},{"taxonomy":"product_cat","embeddable":true,"href":"https:\/\/www.kimarca.com.br\/site\/wp-json\/wp\/v2\/product_cat?post=3428"},{"taxonomy":"product_tag","embeddable":true,"href":"https:\/\/www.kimarca.com.br\/site\/wp-json\/wp\/v2\/product_tag?post=3428"}],"curies":[{"name":"wp","href":"https:\/\/api.w.org\/{rel}","templated":true}]}}