{"id":3422,"date":"2018-04-04T14:32:25","date_gmt":"2018-04-04T17:32:25","guid":{"rendered":"https:\/\/www.kimarca.com.br\/site\/?post_type=product&#038;p=3422"},"modified":"2024-11-03T23:40:48","modified_gmt":"2024-11-04T02:40:48","slug":"concha-2001","status":"publish","type":"product","link":"https:\/\/www.kimarca.com.br\/site\/produto\/concha-2001\/","title":{"rendered":"Concha 2001"},"content":{"rendered":"<p>Abafador de Ru\u00eddo tipo concha, composto por uma haste circum-auricular de alta\u00a0resist\u00eancia. Conchas com espumas internas, e nas abas s\u00e3o revestidas por uma almofada, garantido um melhor conforto. Isento de pe\u00e7as met\u00e1licas, ideal para locais onde\u00a0possuem riscos el\u00e9tricos. Dispon\u00edvel nas cores preto, azul, amarelo e laranja. Pode ser fornecida\u00a0juntamente com a capa de conforto.\u00a0<strong>Atenua\u00e7\u00e3o de 16dB (NRRsf)<\/strong>. O Abafador tem o CA e o nome da Dystray gravados no corpo do produto, evitando a falsifica\u00e7\u00e3o e o uso de equipamento \u201cgenerico\u201d.<\/p>\n<h2>Descri\u00e7\u00e3o<\/h2>\n<p><strong>Aplica\u00e7\u00e3o:<\/strong>\u00a0Prote\u00e7\u00e3o do sistema auditivo do usu\u00e1rio contra n\u00edveis de press\u00e3o sonora superiores ao\u00a0estabelecido na NR 15 (Anexos I e II), conforme a tabela de atenua\u00e7\u00e3o.<\/p>\n<p><strong>Controle de Uso:<\/strong>\u00a0Indicamos a troca do equipamento de 14 a 16 semanas de uso, em fun\u00e7\u00e3o da higieniza\u00e7\u00e3o e conserva\u00e7\u00e3o do equipamento, pois com o uso a haste pl\u00e1stica diminuir\u00e1 a press\u00e3o das conchas sobre o cr\u00e2nio diminuindo assim a efici\u00eancia do equipamento, todos os abafadores com hastes totalmente pl\u00e1sticas tem essa caracter\u00edstica de perda de press\u00e3o com o tempo de uso , para a implementa\u00e7\u00e3o desse controle, indicamos uma tabela de uso por meses, sendo que a troca e o controle do equipamento se dar\u00e1 pela cor da concha, facilitando a a\u00e7\u00e3o do t\u00e9cnico de seguran\u00e7a ou do departamento que executa a distribui\u00e7\u00e3o e controle do EPI, sendo regra at\u00e9 o pessoal da CIPA pode atuar como fiscal de uso do EPI.<\/p>\n<p><strong>Observa\u00e7\u00e3o:<\/strong>\u00a0Muitas empresas mand\u00e3o fabricar em diversos fabricantes os Abafadores, sem identifica\u00e7\u00e3o e utilizam como sendo sempre de uma mesma fonte, isso al\u00e9m de ilegal, pode vir a prejudicar o colaborador da empresa que compra o produto pelo CA da empresa.<\/p>\n<p><strong>Certificado de aprova\u00e7\u00e3o:<\/strong>\u00a0<a href=\"http:\/\/consultaca.com\/ca11567\">CA 11567.<\/a><\/p>\n","protected":false},"excerpt":{"rendered":"<p>Abafador de Ru\u00eddo tipo concha, composto por uma haste circum-auricular de alta\u00a0resist\u00eancia. Conchas com espumas [&hellip;]<\/p>\n","protected":false},"featured_media":3423,"comment_status":"closed","ping_status":"closed","template":"","meta":[],"product_brand":[],"product_cat":[211,224],"product_tag":[],"class_list":{"0":"post-3422","1":"product","2":"type-product","3":"status-publish","4":"has-post-thumbnail","6":"product_cat-acessorios","7":"product_cat-protetor-articular","9":"first","10":"instock","11":"shipping-taxable","12":"product-type-simple"},"_links":{"self":[{"href":"https:\/\/www.kimarca.com.br\/site\/wp-json\/wp\/v2\/product\/3422","targetHints":{"allow":["GET"]}}],"collection":[{"href":"https:\/\/www.kimarca.com.br\/site\/wp-json\/wp\/v2\/product"}],"about":[{"href":"https:\/\/www.kimarca.com.br\/site\/wp-json\/wp\/v2\/types\/product"}],"replies":[{"embeddable":true,"href":"https:\/\/www.kimarca.com.br\/site\/wp-json\/wp\/v2\/comments?post=3422"}],"wp:featuredmedia":[{"embeddable":true,"href":"https:\/\/www.kimarca.com.br\/site\/wp-json\/wp\/v2\/media\/3423"}],"wp:attachment":[{"href":"https:\/\/www.kimarca.com.br\/site\/wp-json\/wp\/v2\/media?parent=3422"}],"wp:term":[{"taxonomy":"product_brand","embeddable":true,"href":"https:\/\/www.kimarca.com.br\/site\/wp-json\/wp\/v2\/product_brand?post=3422"},{"taxonomy":"product_cat","embeddable":true,"href":"https:\/\/www.kimarca.com.br\/site\/wp-json\/wp\/v2\/product_cat?post=3422"},{"taxonomy":"product_tag","embeddable":true,"href":"https:\/\/www.kimarca.com.br\/site\/wp-json\/wp\/v2\/product_tag?post=3422"}],"curies":[{"name":"wp","href":"https:\/\/api.w.org\/{rel}","templated":true}]}}