{"id":3398,"date":"2018-02-20T10:45:58","date_gmt":"2018-02-20T13:45:58","guid":{"rendered":"https:\/\/www.kimarca.com.br\/site\/?post_type=product&#038;p=3398"},"modified":"2024-11-03T23:40:48","modified_gmt":"2024-11-04T02:40:48","slug":"avental-impermeavel","status":"publish","type":"product","link":"https:\/\/www.kimarca.com.br\/site\/produto\/avental-impermeavel\/","title":{"rendered":"Avental Imperme\u00e1vel"},"content":{"rendered":"<p><strong>Especifica\u00e7\u00f5es T\u00e9cnicas :\u00a0<\/strong>Confeccionado em Nylon Emborrachado Externamente (tecido de Poliamida de 190 fios com base de Polivinil Cloreto &#8211; PVC, com espessura total de 0.20mm). Fechamento com costuras duplas usando linha 100% Poli\u00e9ster n\u00ba 60, batido com m\u00e1quina reta, acabamentos em m\u00e1quina de costura overloque e impermeabilizada com adesivo aquoso poliuretano (PU).<\/p>\n<p>Com al\u00e7a no pesco\u00e7o e tirante inteiro na cintura com medida total de 1,40m, confeccionados no mesmo tecido do avental.<\/p>\n","protected":false},"excerpt":{"rendered":"<p>Especifica\u00e7\u00f5es T\u00e9cnicas :\u00a0Confeccionado em Nylon Emborrachado Externamente (tecido de Poliamida de 190 fios com base [&hellip;]<\/p>\n","protected":false},"featured_media":3399,"comment_status":"closed","ping_status":"closed","template":"","meta":[],"product_brand":[],"product_cat":[207,211],"product_tag":[],"class_list":{"0":"post-3398","1":"product","2":"type-product","3":"status-publish","4":"has-post-thumbnail","6":"product_cat-epis","7":"product_cat-acessorios","9":"first","10":"instock","11":"shipping-taxable","12":"product-type-simple"},"_links":{"self":[{"href":"https:\/\/www.kimarca.com.br\/site\/wp-json\/wp\/v2\/product\/3398","targetHints":{"allow":["GET"]}}],"collection":[{"href":"https:\/\/www.kimarca.com.br\/site\/wp-json\/wp\/v2\/product"}],"about":[{"href":"https:\/\/www.kimarca.com.br\/site\/wp-json\/wp\/v2\/types\/product"}],"replies":[{"embeddable":true,"href":"https:\/\/www.kimarca.com.br\/site\/wp-json\/wp\/v2\/comments?post=3398"}],"wp:featuredmedia":[{"embeddable":true,"href":"https:\/\/www.kimarca.com.br\/site\/wp-json\/wp\/v2\/media\/3399"}],"wp:attachment":[{"href":"https:\/\/www.kimarca.com.br\/site\/wp-json\/wp\/v2\/media?parent=3398"}],"wp:term":[{"taxonomy":"product_brand","embeddable":true,"href":"https:\/\/www.kimarca.com.br\/site\/wp-json\/wp\/v2\/product_brand?post=3398"},{"taxonomy":"product_cat","embeddable":true,"href":"https:\/\/www.kimarca.com.br\/site\/wp-json\/wp\/v2\/product_cat?post=3398"},{"taxonomy":"product_tag","embeddable":true,"href":"https:\/\/www.kimarca.com.br\/site\/wp-json\/wp\/v2\/product_tag?post=3398"}],"curies":[{"name":"wp","href":"https:\/\/api.w.org\/{rel}","templated":true}]}}