{"id":3395,"date":"2018-02-19T15:43:14","date_gmt":"2018-02-19T18:43:14","guid":{"rendered":"https:\/\/www.kimarca.com.br\/site\/?post_type=product&#038;p=3395"},"modified":"2024-11-03T23:40:48","modified_gmt":"2024-11-04T02:40:48","slug":"conjunto-impermeavel-copel","status":"publish","type":"product","link":"https:\/\/www.kimarca.com.br\/site\/produto\/conjunto-impermeavel-copel\/","title":{"rendered":"Conjunto Imperme\u00e1vel Copel"},"content":{"rendered":"<p><strong>Especifica\u00e7\u00f5es T\u00e9cnicas :\u00a0<\/strong>Confeccionado em Nylon Emborrachado Externamente (tecido de Poliamida de 190 fios com base de Polivinil Cloreto &#8211; PVC, com espessura total de 0.20mm). Fechamento com costuras duplas usando linha 100% Poli\u00e9ster n\u00ba 60, batido com m\u00e1quina reta, acabamentos em m\u00e1quina de costura overloque e impermeabilizada com adesivo aquoso poliuretano (PU). O conjunto \u00e9 composto por jaqueta e cal\u00e7a com as seguintes especifica\u00e7\u00f5es:<\/p>\n<p>Jaqueta: Fechamento frontal com dois z\u00edperes de Nylon n\u00ba5, com 60cm de comprimento, modelo dente de c\u00e3o. Com capuz fixo (com aba) ajustado por dois cadar\u00e7os paralelos, com regulador e ponteira em PVC, punhos ajustados com el\u00e1stico com 14mm de largura. Ventila\u00e7\u00e3o na parte anterior e posterior do t\u00f3rax, constitu\u00edda por aberturas, coberta por pala confeccionada com o mesmo tecido da jaqueta.<\/p>\n<p>Cal\u00e7a: Ajustada na cintura com el\u00e1stico de 30mm de largura e com cadar\u00e7o de Nylon de 3mm de espessura com terminais em PVC. Com refor\u00e7o entrepernas modelo sanfona.<\/p>\n","protected":false},"excerpt":{"rendered":"<p>Especifica\u00e7\u00f5es T\u00e9cnicas :\u00a0Confeccionado em Nylon Emborrachado Externamente (tecido de Poliamida de 190 fios com base [&hellip;]<\/p>\n","protected":false},"featured_media":3396,"comment_status":"closed","ping_status":"closed","template":"","meta":[],"product_brand":[],"product_cat":[222,207],"product_tag":[],"class_list":{"0":"post-3395","1":"product","2":"type-product","3":"status-publish","4":"has-post-thumbnail","6":"product_cat-capas","7":"product_cat-epis","9":"first","10":"instock","11":"shipping-taxable","12":"product-type-simple"},"_links":{"self":[{"href":"https:\/\/www.kimarca.com.br\/site\/wp-json\/wp\/v2\/product\/3395","targetHints":{"allow":["GET"]}}],"collection":[{"href":"https:\/\/www.kimarca.com.br\/site\/wp-json\/wp\/v2\/product"}],"about":[{"href":"https:\/\/www.kimarca.com.br\/site\/wp-json\/wp\/v2\/types\/product"}],"replies":[{"embeddable":true,"href":"https:\/\/www.kimarca.com.br\/site\/wp-json\/wp\/v2\/comments?post=3395"}],"wp:featuredmedia":[{"embeddable":true,"href":"https:\/\/www.kimarca.com.br\/site\/wp-json\/wp\/v2\/media\/3396"}],"wp:attachment":[{"href":"https:\/\/www.kimarca.com.br\/site\/wp-json\/wp\/v2\/media?parent=3395"}],"wp:term":[{"taxonomy":"product_brand","embeddable":true,"href":"https:\/\/www.kimarca.com.br\/site\/wp-json\/wp\/v2\/product_brand?post=3395"},{"taxonomy":"product_cat","embeddable":true,"href":"https:\/\/www.kimarca.com.br\/site\/wp-json\/wp\/v2\/product_cat?post=3395"},{"taxonomy":"product_tag","embeddable":true,"href":"https:\/\/www.kimarca.com.br\/site\/wp-json\/wp\/v2\/product_tag?post=3395"}],"curies":[{"name":"wp","href":"https:\/\/api.w.org\/{rel}","templated":true}]}}