{"id":3388,"date":"2018-02-19T14:44:30","date_gmt":"2018-02-19T17:44:30","guid":{"rendered":"https:\/\/www.kimarca.com.br\/site\/?post_type=product&#038;p=3388"},"modified":"2024-11-03T23:40:48","modified_gmt":"2024-11-04T02:40:48","slug":"acqua-flex-82bpc","status":"publish","type":"product","link":"https:\/\/www.kimarca.com.br\/site\/produto\/acqua-flex-82bpc\/","title":{"rendered":"Acqua Flex 82BPC"},"content":{"rendered":"<p>Bota de seguran\u00e7a cano curto, tipo imperme\u00e1vel, de uso profissional, confeccionada em policloreto de vinila (pvc) injetado em uma s\u00f3 pe\u00e7a.<\/p>\n<p>Forro Simples ou Sem Forra\u00e7\u00e3o<br \/>\n\u2022 Peso 1,300 (par)<br \/>\n\u2022 Altura 285mm (n\u00ba 40)<\/p>\n","protected":false},"excerpt":{"rendered":"<p>Bota de seguran\u00e7a cano curto, tipo imperme\u00e1vel, de uso profissional, confeccionada em policloreto de vinila [&hellip;]<\/p>\n","protected":false},"featured_media":3389,"comment_status":"closed","ping_status":"closed","template":"","meta":[],"product_brand":[],"product_cat":[221,207],"product_tag":[],"class_list":{"0":"post-3388","1":"product","2":"type-product","3":"status-publish","4":"has-post-thumbnail","6":"product_cat-calcados","7":"product_cat-epis","9":"first","10":"instock","11":"shipping-taxable","12":"product-type-simple"},"_links":{"self":[{"href":"https:\/\/www.kimarca.com.br\/site\/wp-json\/wp\/v2\/product\/3388","targetHints":{"allow":["GET"]}}],"collection":[{"href":"https:\/\/www.kimarca.com.br\/site\/wp-json\/wp\/v2\/product"}],"about":[{"href":"https:\/\/www.kimarca.com.br\/site\/wp-json\/wp\/v2\/types\/product"}],"replies":[{"embeddable":true,"href":"https:\/\/www.kimarca.com.br\/site\/wp-json\/wp\/v2\/comments?post=3388"}],"wp:featuredmedia":[{"embeddable":true,"href":"https:\/\/www.kimarca.com.br\/site\/wp-json\/wp\/v2\/media\/3389"}],"wp:attachment":[{"href":"https:\/\/www.kimarca.com.br\/site\/wp-json\/wp\/v2\/media?parent=3388"}],"wp:term":[{"taxonomy":"product_brand","embeddable":true,"href":"https:\/\/www.kimarca.com.br\/site\/wp-json\/wp\/v2\/product_brand?post=3388"},{"taxonomy":"product_cat","embeddable":true,"href":"https:\/\/www.kimarca.com.br\/site\/wp-json\/wp\/v2\/product_cat?post=3388"},{"taxonomy":"product_tag","embeddable":true,"href":"https:\/\/www.kimarca.com.br\/site\/wp-json\/wp\/v2\/product_tag?post=3388"}],"curies":[{"name":"wp","href":"https:\/\/api.w.org\/{rel}","templated":true}]}}