{"id":3386,"date":"2018-02-19T14:39:47","date_gmt":"2018-02-19T17:39:47","guid":{"rendered":"https:\/\/www.kimarca.com.br\/site\/?post_type=product&#038;p=3386"},"modified":"2024-11-03T23:40:48","modified_gmt":"2024-11-04T02:40:48","slug":"botina-bravo","status":"publish","type":"product","link":"https:\/\/www.kimarca.com.br\/site\/produto\/botina-bravo\/","title":{"rendered":"Botina Bravo"},"content":{"rendered":"<p style=\"font-weight: 400;\">Descri\u00e7\u00e3o<\/p>\n<p style=\"font-weight: 400;\">CAL\u00c7ADO OCUPACIONAL DE USO PROFISSIONAL, TIPO BOTINA, FECHAMENTO EM EL\u00c1STICO, CONFECCIONADA EM COURO CURTIDO AO CROMO, PALMILHA DE MONTAGEM EM MATERIAL RECICL\u00c1VEL MONTADA PELO SISTEMA STROBEL, COM BICO DE PLASTICO, SOLADO DE POLIURETANO BIDENSIDADE INJETADO DIRETO NO CABEDAL.<\/p>\n","protected":false},"excerpt":{"rendered":"<p>Descri\u00e7\u00e3o CAL\u00c7ADO OCUPACIONAL DE USO PROFISSIONAL, TIPO BOTINA, FECHAMENTO EM EL\u00c1STICO, CONFECCIONADA EM COURO CURTIDO [&hellip;]<\/p>\n","protected":false},"featured_media":3387,"comment_status":"closed","ping_status":"closed","template":"","meta":[],"product_brand":[],"product_cat":[221,207],"product_tag":[],"class_list":{"0":"post-3386","1":"product","2":"type-product","3":"status-publish","4":"has-post-thumbnail","6":"product_cat-calcados","7":"product_cat-epis","9":"first","10":"instock","11":"shipping-taxable","12":"product-type-simple"},"_links":{"self":[{"href":"https:\/\/www.kimarca.com.br\/site\/wp-json\/wp\/v2\/product\/3386","targetHints":{"allow":["GET"]}}],"collection":[{"href":"https:\/\/www.kimarca.com.br\/site\/wp-json\/wp\/v2\/product"}],"about":[{"href":"https:\/\/www.kimarca.com.br\/site\/wp-json\/wp\/v2\/types\/product"}],"replies":[{"embeddable":true,"href":"https:\/\/www.kimarca.com.br\/site\/wp-json\/wp\/v2\/comments?post=3386"}],"wp:featuredmedia":[{"embeddable":true,"href":"https:\/\/www.kimarca.com.br\/site\/wp-json\/wp\/v2\/media\/3387"}],"wp:attachment":[{"href":"https:\/\/www.kimarca.com.br\/site\/wp-json\/wp\/v2\/media?parent=3386"}],"wp:term":[{"taxonomy":"product_brand","embeddable":true,"href":"https:\/\/www.kimarca.com.br\/site\/wp-json\/wp\/v2\/product_brand?post=3386"},{"taxonomy":"product_cat","embeddable":true,"href":"https:\/\/www.kimarca.com.br\/site\/wp-json\/wp\/v2\/product_cat?post=3386"},{"taxonomy":"product_tag","embeddable":true,"href":"https:\/\/www.kimarca.com.br\/site\/wp-json\/wp\/v2\/product_tag?post=3386"}],"curies":[{"name":"wp","href":"https:\/\/api.w.org\/{rel}","templated":true}]}}