{"id":3380,"date":"2018-02-16T15:44:22","date_gmt":"2018-02-16T17:44:22","guid":{"rendered":"https:\/\/www.kimarca.com.br\/site\/?post_type=product&#038;p=3380"},"modified":"2024-11-03T23:40:49","modified_gmt":"2024-11-04T02:40:49","slug":"g1-carrinho-para-condominio","status":"publish","type":"product","link":"https:\/\/www.kimarca.com.br\/site\/produto\/g1-carrinho-para-condominio\/","title":{"rendered":"G1 &#8211; CARRINHO PARA CONDOM\u00cdNIO"},"content":{"rendered":"<h3>Descri\u00e7\u00e3o do produto<\/h3>\n<div class=\"ProductDescriptionContainer\">\n<div>\n<div id=\"_mcePaste\">Produto confeccionado em arames de 3,4 e 6 mm em a\u00e7o carbono SAE 1020 galvanizado, com borracha de prote\u00e7\u00e3o na borda superior, com cantos arredondados para melhor manipula\u00e7\u00e3o do carrinho.<\/div>\n<div id=\"_mcePaste\">Acompanha 2 rodas girat\u00f3rias de 4\u201d e 2 rodas fixas de 5\u201d de pvc.<\/div>\n<div id=\"_mcePaste\">N\u00e3o recomendamos o uso dos carrinhos em a\u00e7o carbono galvanizado em \u00e1reas litor\u00e2neas.<\/div>\n<div id=\"_mcePaste\">Obs.: Para uso em \u00e1reas litor\u00e2neas, \u00e9 fundamental que o carrinho receba uma camada de pintura eletrost\u00e1tica para minimizar a a\u00e7\u00e3o<\/div>\n<div id=\"_mcePaste\">do tempo e da maresia.<\/div>\n<p>Produto confeccionado em a\u00e7o carbono SAE 1020 galvanizado, com borracha de prote\u00e7\u00e3o na borda superior, com cantos arredondados para melhor manipula\u00e7\u00e3o do carrinho.<\/p>\n<p>Acompanha 2 rodas girat\u00f3rias e 2 rodas fixas de pvc.<\/p>\n<p>N\u00e3o recomendamos o uso dos carrinhos em a\u00e7o carbono galvanizado em \u00e1reas litor\u00e2neas.<\/p>\n<p>Obs: Para uso em \u00e1reas litor\u00e2neas, \u00e9 fundamental que o carrinho receba uma camada de pintura eletrost\u00e1tica para minimizar a a\u00e7\u00e3o do tempo e da maresia (pintura mediante encomenda)<\/p>\n<p><strong>Capacidade:<\/strong>\u00a0140L aproximadamente<\/p>\n<p><strong>Medidas :<\/strong>\u00a0 (Altura) 950mm X (Largura) 540mm\u00a0 X (Profundidade) 870mm<\/p>\n<p><strong>Tamanhos dispon\u00edveis:<\/p>\n<p><\/strong>&#8211;\u00a0<span class=\"Apple-converted-space\">\u00a0<\/span><strong>G1:<\/strong>\u00a0Carrinho para condom\u00ednio 140L<\/p>\n<p>&#8211;\u00a0<span class=\"Apple-converted-space\">\u00a0<\/span><strong>G2:<\/strong>\u00a0Carrinho com reparti\u00e7\u00e3o lateral 215L<\/p>\n<p>&#8211;\u00a0<span class=\"Apple-converted-space\">\u00a0<\/span><strong>G3:<\/strong>\u00a0Carrinho para 300L<\/p>\n<p>&#8211;\u00a0\u00a0<strong>G4:<\/strong>\u00a0Carrinho para 500L<\/p>\n<p>Fornecemos tambem a trava para carrinho<br \/>\n<strong>&#8211; G19<\/strong><\/p>\n<\/div>\n<\/div>\n","protected":false},"excerpt":{"rendered":"<p>Descri\u00e7\u00e3o do produto Produto confeccionado em arames de 3,4 e 6 mm em a\u00e7o carbono [&hellip;]<\/p>\n","protected":false},"featured_media":3381,"comment_status":"closed","ping_status":"closed","template":"","meta":[],"product_brand":[],"product_cat":[264],"product_tag":[],"class_list":{"0":"post-3380","1":"product","2":"type-product","3":"status-publish","4":"has-post-thumbnail","6":"product_cat-carros-funcionais","8":"first","9":"instock","10":"shipping-taxable","11":"product-type-simple"},"_links":{"self":[{"href":"https:\/\/www.kimarca.com.br\/site\/wp-json\/wp\/v2\/product\/3380","targetHints":{"allow":["GET"]}}],"collection":[{"href":"https:\/\/www.kimarca.com.br\/site\/wp-json\/wp\/v2\/product"}],"about":[{"href":"https:\/\/www.kimarca.com.br\/site\/wp-json\/wp\/v2\/types\/product"}],"replies":[{"embeddable":true,"href":"https:\/\/www.kimarca.com.br\/site\/wp-json\/wp\/v2\/comments?post=3380"}],"wp:featuredmedia":[{"embeddable":true,"href":"https:\/\/www.kimarca.com.br\/site\/wp-json\/wp\/v2\/media\/3381"}],"wp:attachment":[{"href":"https:\/\/www.kimarca.com.br\/site\/wp-json\/wp\/v2\/media?parent=3380"}],"wp:term":[{"taxonomy":"product_brand","embeddable":true,"href":"https:\/\/www.kimarca.com.br\/site\/wp-json\/wp\/v2\/product_brand?post=3380"},{"taxonomy":"product_cat","embeddable":true,"href":"https:\/\/www.kimarca.com.br\/site\/wp-json\/wp\/v2\/product_cat?post=3380"},{"taxonomy":"product_tag","embeddable":true,"href":"https:\/\/www.kimarca.com.br\/site\/wp-json\/wp\/v2\/product_tag?post=3380"}],"curies":[{"name":"wp","href":"https:\/\/api.w.org\/{rel}","templated":true}]}}