{"id":3374,"date":"2018-02-16T15:37:00","date_gmt":"2018-02-16T17:37:00","guid":{"rendered":"https:\/\/www.kimarca.com.br\/site\/?post_type=product&#038;p=3374"},"modified":"2024-11-03T23:40:49","modified_gmt":"2024-11-04T02:40:49","slug":"c660p-contentor-plastico-660l-com-pedal","status":"publish","type":"product","link":"https:\/\/www.kimarca.com.br\/site\/produto\/c660p-contentor-plastico-660l-com-pedal\/","title":{"rendered":"C660p &#8211; CONTENTOR PL\u00c1STICO 660L COM PEDAL"},"content":{"rendered":"<h3>Descri\u00e7\u00e3o do produto<\/h3>\n<div class=\"ProductDescriptionContainer\">\n<div>\n<p>Cont\u00eainer pl\u00e1stico\u00a0<strong>INJETADO\u00a0<\/strong>em pl\u00e1stico polietileno de alta densidade (PEAD)\u00a0e aditivado com prote\u00e7\u00e3o UV.<\/p>\n<p>Capacidade: 660L \/ 264Kg<\/p>\n<p>Sua superf\u00edcie \u00e9 lav\u00e1vel e imperme\u00e1vel, de forma a n\u00e3o permitir o vazamento de l\u00edquidos e seus cantos internos s\u00e3o arredondados.<\/p>\n<p>Medidas externas:(AxLxP) 1220mm X 1380mm X 772<\/p>\n<p>Acompanha tampa articulada ao pr\u00f3prio corpo, munh\u00f5es laterais para basculamento, dreno para escoamento de l\u00edquidos e quatro girat\u00f3rios com\u00a0rodas de borracha de 8&#8243;, sendo dois\u00a0com freio de estacionamento e com \u00e2ngulo de giro de 360\u00ba.<\/p>\n<p>Possui pedal em tubo de a\u00e7o carbono 1020 com pintura eletrost\u00e1tica (ep\u00f3xi) na cor preta.<\/p>\n<p>Produto fabricado em conformidade com a Norma DIN EN 840.<\/p>\n<p>Cores:<br \/>\n&#8211; Verde,<br \/>\n&#8211; Azul;<br \/>\n&#8211; Amarelo;<br \/>\n&#8211; Vermelho;<br \/>\n&#8211; Laranja;<br \/>\n&#8211; Branco;<br \/>\n&#8211; Cinza escuro;<br \/>\n&#8211; Marrom;<br \/>\n&#8211; Preto.<\/p>\n<p>Obs.: Os pinos de articula\u00e7\u00e3o da tampa e\u00a0os munh\u00f5es de basculamento s\u00e3o injetados exclusivamente na cor\u00a0preta.<\/p>\n<p>Medidas : (AxLxP) 1220 x 1380 x 772mm<\/p>\n<\/div>\n<\/div>\n","protected":false},"excerpt":{"rendered":"<p>Descri\u00e7\u00e3o do produto Cont\u00eainer pl\u00e1stico\u00a0INJETADO\u00a0em pl\u00e1stico polietileno de alta densidade (PEAD)\u00a0e aditivado com prote\u00e7\u00e3o UV. [&hellip;]<\/p>\n","protected":false},"featured_media":3375,"comment_status":"closed","ping_status":"closed","template":"","meta":[],"product_brand":[],"product_cat":[249],"product_tag":[],"class_list":{"0":"post-3374","1":"product","2":"type-product","3":"status-publish","4":"has-post-thumbnail","6":"product_cat-coletores","8":"first","9":"instock","10":"shipping-taxable","11":"product-type-simple"},"_links":{"self":[{"href":"https:\/\/www.kimarca.com.br\/site\/wp-json\/wp\/v2\/product\/3374","targetHints":{"allow":["GET"]}}],"collection":[{"href":"https:\/\/www.kimarca.com.br\/site\/wp-json\/wp\/v2\/product"}],"about":[{"href":"https:\/\/www.kimarca.com.br\/site\/wp-json\/wp\/v2\/types\/product"}],"replies":[{"embeddable":true,"href":"https:\/\/www.kimarca.com.br\/site\/wp-json\/wp\/v2\/comments?post=3374"}],"wp:featuredmedia":[{"embeddable":true,"href":"https:\/\/www.kimarca.com.br\/site\/wp-json\/wp\/v2\/media\/3375"}],"wp:attachment":[{"href":"https:\/\/www.kimarca.com.br\/site\/wp-json\/wp\/v2\/media?parent=3374"}],"wp:term":[{"taxonomy":"product_brand","embeddable":true,"href":"https:\/\/www.kimarca.com.br\/site\/wp-json\/wp\/v2\/product_brand?post=3374"},{"taxonomy":"product_cat","embeddable":true,"href":"https:\/\/www.kimarca.com.br\/site\/wp-json\/wp\/v2\/product_cat?post=3374"},{"taxonomy":"product_tag","embeddable":true,"href":"https:\/\/www.kimarca.com.br\/site\/wp-json\/wp\/v2\/product_tag?post=3374"}],"curies":[{"name":"wp","href":"https:\/\/api.w.org\/{rel}","templated":true}]}}