{"id":3370,"date":"2018-02-16T15:34:06","date_gmt":"2018-02-16T17:34:06","guid":{"rendered":"https:\/\/www.kimarca.com.br\/site\/?post_type=product&#038;p=3370"},"modified":"2024-11-03T23:40:49","modified_gmt":"2024-11-04T02:40:49","slug":"c240p-c240pa-contentor-plastico-240l-com-pedal-lateral","status":"publish","type":"product","link":"https:\/\/www.kimarca.com.br\/site\/produto\/c240p-c240pa-contentor-plastico-240l-com-pedal-lateral\/","title":{"rendered":"C240p -C240PA- CONTENTOR PL\u00c1STICO 240L COM PEDAL LATERAL"},"content":{"rendered":"<h3>Descri\u00e7\u00e3o do produto<\/h3>\n<div class=\"ProductDescriptionContainer\">\n<div>\n<div id=\"_mcePaste\">Corpo e tampa injetados em pl\u00e1stico polipropileno (PP) copol\u00edmerocom prote\u00e7\u00e3o UV.<\/div>\n<div id=\"_mcePaste\">O aditivo \u00e9 para prote\u00e7\u00e3o U.V do pigmento e mat\u00e9ria prima.<\/div>\n<div id=\"_mcePaste\">Possuipino da tampa em poliacetal.<\/div>\n<div id=\"_mcePaste\">Material de alta qualidade e bel\u00edssimo acabamento.<\/div>\n<div id=\"_mcePaste\">Podendo ser injetado em polietileno de alta densidade (PEAD) mediante encomenda previa.<\/div>\n<div id=\"_mcePaste\">O acionamento da tampa \u00e9 feito atrav\u00e9s de pedal lateral produzido em a\u00e7o carbono 1020 galvanizado. Temos a op\u00e7\u00e3o de fornecer tamb\u00e9m com pintura eletrost\u00e1tica (cor preta) mediante encomenda pr\u00e9via.<\/div>\n<div id=\"_mcePaste\">Acompanha um par de rodas de 12\u201d (300mm) confeccionadas em borracha maci\u00e7a para n\u00e3o danificar o piso e facilitar a<\/div>\n<div id=\"_mcePaste\">movimenta\u00e7\u00e3o. Eixo das rodas elaborado em a\u00e7o carbono 1020 galvanizado.<\/div>\n<div id=\"_mcePaste\">Aten\u00e7\u00e3o: cont\u00eainer fabricado conforme as especifica\u00e7\u00f5es europeias<\/div>\n<p>Corpo e tampa injetados em pl\u00e1stico polipropileno (PP) copol\u00edmerocom prote\u00e7\u00e3o UV.O aditivo \u00e9 para prote\u00e7\u00e3o U.V do pigmento e mat\u00e9ria prima.Possuipino da tampa em poliacetal.\u00a0Material de alta qualidade e bel\u00edssimo acabamento.Podendo ser injetado em polietileno de alta densidade (PEAD) mediante encomenda previa.O acionamento da tampa \u00e9 feito atrav\u00e9s de pedal lateral produzido em a\u00e7o carbono 1020 galvanizado.<\/p>\n<p>Temos a op\u00e7\u00e3o de fornecer tamb\u00e9m com pintura eletrost\u00e1tica (cor preta) mediante encomenda pr\u00e9via.Acompanha um par de rodas de 12\u201d (300mm) confeccionadas em borracha maci\u00e7a para n\u00e3o danificar o piso e facilitar a\u00a0movimenta\u00e7\u00e3o. Eixo das rodas elaborado em a\u00e7o carbono 1020 galvanizado.<br \/>\nAten\u00e7\u00e3o: cont\u00eainer fabricado conforme as especifica\u00e7\u00f5es europeias<\/p>\n<p>Cores dispon\u00edveis:<br \/>\n&#8211;\u00a0C\u00f3d. C240p: Preto;<br \/>\n&#8211;\u00a0C\u00f3d. C240pa: Branco, Amarelo, Laranja,\u00a0Verde, Azul, Cinza Claro, Vermelho e Marrom.<\/p>\n<p>Capacidade:\u00a0240 litros.<br \/>\nTodos os cont\u00eaineres\u00a0s\u00e3o aditivados de prote\u00e7\u00e3o UV em sua fabrica\u00e7\u00e3o. S\u00e3o injetados em Polipropileno ou Polietileno de Alta Densidade. O pedal lateral \u00e9 elaborado em a\u00e7o carbono pintado (ep\u00f3xi preto) ou galvanizado.<br \/>\nDimens\u00f5es (AxLxP): 1060mm x 570mm x 740mm.<\/p>\n<\/div>\n<hr class=\"ProductSectionSeparator\" \/>\n<\/div>\n","protected":false},"excerpt":{"rendered":"<p>Descri\u00e7\u00e3o do produto Corpo e tampa injetados em pl\u00e1stico polipropileno (PP) copol\u00edmerocom prote\u00e7\u00e3o UV. O [&hellip;]<\/p>\n","protected":false},"featured_media":3371,"comment_status":"closed","ping_status":"closed","template":"","meta":[],"product_brand":[],"product_cat":[249],"product_tag":[],"class_list":{"0":"post-3370","1":"product","2":"type-product","3":"status-publish","4":"has-post-thumbnail","6":"product_cat-coletores","8":"first","9":"instock","10":"shipping-taxable","11":"product-type-simple"},"_links":{"self":[{"href":"https:\/\/www.kimarca.com.br\/site\/wp-json\/wp\/v2\/product\/3370","targetHints":{"allow":["GET"]}}],"collection":[{"href":"https:\/\/www.kimarca.com.br\/site\/wp-json\/wp\/v2\/product"}],"about":[{"href":"https:\/\/www.kimarca.com.br\/site\/wp-json\/wp\/v2\/types\/product"}],"replies":[{"embeddable":true,"href":"https:\/\/www.kimarca.com.br\/site\/wp-json\/wp\/v2\/comments?post=3370"}],"wp:featuredmedia":[{"embeddable":true,"href":"https:\/\/www.kimarca.com.br\/site\/wp-json\/wp\/v2\/media\/3371"}],"wp:attachment":[{"href":"https:\/\/www.kimarca.com.br\/site\/wp-json\/wp\/v2\/media?parent=3370"}],"wp:term":[{"taxonomy":"product_brand","embeddable":true,"href":"https:\/\/www.kimarca.com.br\/site\/wp-json\/wp\/v2\/product_brand?post=3370"},{"taxonomy":"product_cat","embeddable":true,"href":"https:\/\/www.kimarca.com.br\/site\/wp-json\/wp\/v2\/product_cat?post=3370"},{"taxonomy":"product_tag","embeddable":true,"href":"https:\/\/www.kimarca.com.br\/site\/wp-json\/wp\/v2\/product_tag?post=3370"}],"curies":[{"name":"wp","href":"https:\/\/api.w.org\/{rel}","templated":true}]}}