{"id":3368,"date":"2018-02-16T15:32:31","date_gmt":"2018-02-16T17:32:31","guid":{"rendered":"https:\/\/www.kimarca.com.br\/site\/?post_type=product&#038;p=3368"},"modified":"2024-11-03T23:40:49","modified_gmt":"2024-11-04T02:40:49","slug":"c240-c240a-contentor-plastico-240l","status":"publish","type":"product","link":"https:\/\/www.kimarca.com.br\/site\/produto\/c240-c240a-contentor-plastico-240l\/","title":{"rendered":"C240 -C240A- CONTENTOR PL\u00c1STICO 240L"},"content":{"rendered":"<h3>Descri\u00e7\u00e3o do produto<\/h3>\n<div class=\"ProductDescriptionContainer\">\n<div>\n<p>Corpo e tampa injetados em pl\u00e1stico polipropileno (PP) copol\u00edmero com prote\u00e7\u00e3o UV,o\u00a0aditivo \u00e9 para prote\u00e7\u00e3o U.V do pigmento e mat\u00e9ria prima.<\/p>\n<p>Possui pino da tampa em poliacetal.<\/p>\n<p>Material de alta qualidade e bel\u00edssimo acabamento.<\/p>\n<p>Podendo ser injetado em polietileno de alta densidade (PEAD) mediante a encomenda.<\/p>\n<p>Acompanha um par de rodas de 200mm ou de 300 confeccionadas em borracha maci\u00e7a para n\u00e3o danificar o piso e facilitar a movimenta\u00e7\u00e3o. Eixo das rodas elaborado em a\u00e7o carbono 1020 galvanizado.<\/p>\n<p>Aten\u00e7\u00e3o: cont\u00eainer fabricado conforme as especifica\u00e7\u00f5es europeias.<\/p>\n<div>Cores dispon\u00edveis:<\/div>\n<p>-C\u00f3digo C240: (com rodas pequena 200mm): preto;<\/p>\n<p>-C\u00f3digoC240a: (com rodas pequena 200mm): branco, amarelo e<\/p>\n<p>laranja, verde, azul, vermelho, cinza e marrom.<\/p>\n<p>-C\u00f3digo C240c: (com rodas grande 300mm):<\/p>\n<p>Dimens\u00f5es (AxLxP): 1060mm x\u00a0570mm x 720mm.<\/p>\n<\/div>\n<hr class=\"ProductSectionSeparator\" \/>\n<\/div>\n","protected":false},"excerpt":{"rendered":"<p>Descri\u00e7\u00e3o do produto Corpo e tampa injetados em pl\u00e1stico polipropileno (PP) copol\u00edmero com prote\u00e7\u00e3o UV,o\u00a0aditivo [&hellip;]<\/p>\n","protected":false},"featured_media":3369,"comment_status":"closed","ping_status":"closed","template":"","meta":[],"product_brand":[],"product_cat":[249],"product_tag":[],"class_list":{"0":"post-3368","1":"product","2":"type-product","3":"status-publish","4":"has-post-thumbnail","6":"product_cat-coletores","8":"first","9":"instock","10":"shipping-taxable","11":"product-type-simple"},"_links":{"self":[{"href":"https:\/\/www.kimarca.com.br\/site\/wp-json\/wp\/v2\/product\/3368","targetHints":{"allow":["GET"]}}],"collection":[{"href":"https:\/\/www.kimarca.com.br\/site\/wp-json\/wp\/v2\/product"}],"about":[{"href":"https:\/\/www.kimarca.com.br\/site\/wp-json\/wp\/v2\/types\/product"}],"replies":[{"embeddable":true,"href":"https:\/\/www.kimarca.com.br\/site\/wp-json\/wp\/v2\/comments?post=3368"}],"wp:featuredmedia":[{"embeddable":true,"href":"https:\/\/www.kimarca.com.br\/site\/wp-json\/wp\/v2\/media\/3369"}],"wp:attachment":[{"href":"https:\/\/www.kimarca.com.br\/site\/wp-json\/wp\/v2\/media?parent=3368"}],"wp:term":[{"taxonomy":"product_brand","embeddable":true,"href":"https:\/\/www.kimarca.com.br\/site\/wp-json\/wp\/v2\/product_brand?post=3368"},{"taxonomy":"product_cat","embeddable":true,"href":"https:\/\/www.kimarca.com.br\/site\/wp-json\/wp\/v2\/product_cat?post=3368"},{"taxonomy":"product_tag","embeddable":true,"href":"https:\/\/www.kimarca.com.br\/site\/wp-json\/wp\/v2\/product_tag?post=3368"}],"curies":[{"name":"wp","href":"https:\/\/api.w.org\/{rel}","templated":true}]}}