{"id":3366,"date":"2018-02-16T15:30:44","date_gmt":"2018-02-16T17:30:44","guid":{"rendered":"https:\/\/www.kimarca.com.br\/site\/?post_type=product&#038;p=3366"},"modified":"2024-11-03T23:40:49","modified_gmt":"2024-11-04T02:40:49","slug":"c120p-contentor-plastico-120l-com-pedal-lateral","status":"publish","type":"product","link":"https:\/\/www.kimarca.com.br\/site\/produto\/c120p-contentor-plastico-120l-com-pedal-lateral\/","title":{"rendered":"C120p &#8211; CONTENTOR PL\u00c1STICO 120L COM PEDAL LATERAL"},"content":{"rendered":"<p>Descri\u00e7\u00e3o do produto<\/p>\n<p>Cont\u00eainer pl\u00e1stico com\u00a0rodas de 200mm\u00a0e pedal lateral. Padr\u00e3o europeu.<\/p>\n<div class=\"ProductDescriptionContainer\">\n<div>\n<p>Cores dispon\u00edveis:<br \/>\n&#8211;\u00a0C\u00f3d. X120p: Preto;<br \/>\n&#8211;\u00a0C\u00f3d. X120pa: Branco, Amarelo, Laranja, Verde, Azul, Cinza Claro, Vermelho e Marrom.<\/p>\n<p>Capacidade: 120 litros.<\/p>\n<p>Todos os cont\u00eaineres\u00a0s\u00e3o injetados em polipropileno\u00a0com aplica\u00e7\u00e3o de prote\u00e7\u00e3o UV ou em Polietileno de Alta Densidade.<\/p>\n<p>Estrutura met\u00e1lica do pedal\u00a0em a\u00e7o\u00a0carbono pintado (preto) ou galvanizado.<\/p>\n<p>Medidas(AxLxP): 980mm X 480mm X 550mm<\/p>\n<\/div>\n<\/div>\n","protected":false},"excerpt":{"rendered":"<p>Descri\u00e7\u00e3o do produto Cont\u00eainer pl\u00e1stico com\u00a0rodas de 200mm\u00a0e pedal lateral. Padr\u00e3o europeu. Cores dispon\u00edveis: &#8211;\u00a0C\u00f3d. [&hellip;]<\/p>\n","protected":false},"featured_media":3367,"comment_status":"closed","ping_status":"closed","template":"","meta":[],"product_brand":[],"product_cat":[249],"product_tag":[],"class_list":{"0":"post-3366","1":"product","2":"type-product","3":"status-publish","4":"has-post-thumbnail","6":"product_cat-coletores","8":"first","9":"instock","10":"shipping-taxable","11":"product-type-simple"},"_links":{"self":[{"href":"https:\/\/www.kimarca.com.br\/site\/wp-json\/wp\/v2\/product\/3366","targetHints":{"allow":["GET"]}}],"collection":[{"href":"https:\/\/www.kimarca.com.br\/site\/wp-json\/wp\/v2\/product"}],"about":[{"href":"https:\/\/www.kimarca.com.br\/site\/wp-json\/wp\/v2\/types\/product"}],"replies":[{"embeddable":true,"href":"https:\/\/www.kimarca.com.br\/site\/wp-json\/wp\/v2\/comments?post=3366"}],"wp:featuredmedia":[{"embeddable":true,"href":"https:\/\/www.kimarca.com.br\/site\/wp-json\/wp\/v2\/media\/3367"}],"wp:attachment":[{"href":"https:\/\/www.kimarca.com.br\/site\/wp-json\/wp\/v2\/media?parent=3366"}],"wp:term":[{"taxonomy":"product_brand","embeddable":true,"href":"https:\/\/www.kimarca.com.br\/site\/wp-json\/wp\/v2\/product_brand?post=3366"},{"taxonomy":"product_cat","embeddable":true,"href":"https:\/\/www.kimarca.com.br\/site\/wp-json\/wp\/v2\/product_cat?post=3366"},{"taxonomy":"product_tag","embeddable":true,"href":"https:\/\/www.kimarca.com.br\/site\/wp-json\/wp\/v2\/product_tag?post=3366"}],"curies":[{"name":"wp","href":"https:\/\/api.w.org\/{rel}","templated":true}]}}