{"id":3364,"date":"2018-02-16T15:28:50","date_gmt":"2018-02-16T17:28:50","guid":{"rendered":"https:\/\/www.kimarca.com.br\/site\/?post_type=product&#038;p=3364"},"modified":"2024-11-03T23:40:49","modified_gmt":"2024-11-04T02:40:49","slug":"c120-contentor-plastico-120l","status":"publish","type":"product","link":"https:\/\/www.kimarca.com.br\/site\/produto\/c120-contentor-plastico-120l\/","title":{"rendered":"C120 &#8211; CONTENTOR PL\u00c1STICO 120L"},"content":{"rendered":"<h3>Descri\u00e7\u00e3o do produto<\/h3>\n<div class=\"ProductDescriptionContainer\">\n<div>\n<div id=\"_mcePaste\">Corpo e tampa injetados em pl\u00e1stico polipropileno (PP) copol\u00edmero com prote\u00e7\u00e3oUV.<\/div>\n<div id=\"_mcePaste\">O aditivo \u00e9 para prote\u00e7\u00e3o U.V do pigmento e mat\u00e9ria prima, possui pino da tampa em poliacetal.<\/div>\n<div id=\"_mcePaste\">Material de alta qualidade e bel\u00edssimo acabamento.<\/div>\n<div id=\"_mcePaste\">Podendo ser injetado em polietileno de alta densidade (PEAD) mediante a encomenda.<\/div>\n<div id=\"_mcePaste\">Acompanha um par de rodas de 8\u2019\u2019 (200mm)confeccionadas em borracha maci\u00e7a para n\u00e3o danificar o piso e facilitar a movimenta\u00e7\u00e3o. Eixo das rodas elaborado em a\u00e7o carbono 1020 galvanizado.<\/div>\n<div id=\"_mcePaste\">Aten\u00e7\u00e3o: cont\u00eainer fabricado conforme as especifica\u00e7\u00f5es europeias.<\/div>\n<p>Corpo e tampa injetados em pl\u00e1stico polipropileno (PP) copol\u00edmero com prote\u00e7\u00e3oUV.<\/p>\n<p>O aditivo \u00e9 para prote\u00e7\u00e3o U.V do pigmento e mat\u00e9ria prima, possui pino da tampa em poliacetal.Material de alta qualidade e bel\u00edssimo acabamento,Podendo ser injetado em polietileno de alta densidade (PEAD) mediante a encomenda.<\/p>\n<p>Acompanha um par de rodas de &#8220;8&#8221; (200mm)confeccionadas em borracha maci\u00e7a para n\u00e3o danificar o piso e facilitar a movimenta\u00e7\u00e3o. Eixo das rodas elaborado em a\u00e7o carbono 1020 galvanizado.Aten\u00e7\u00e3o: cont\u00eainer fabricado conforme as especifica\u00e7\u00f5es europeias.<\/p>\n<p>Cont\u00eainer pl\u00e1stico com\u00a0rodas de 200mm. Padr\u00e3o europeu.<\/p>\n<p>Cores dispon\u00edveis:<br \/>\n-C\u00f3d. C120: Preto;<br \/>\n-C\u00f3d. C120a: Branco, Amarelo, Laranja,\u00a0Verde, Azul, Cinza Claro, Vermelho e Marrom.<\/p>\n<p>Capacidade: 120 litros.<\/p>\n<p>Medidas(AxLxP):980mm X 480mm X 550mm<\/p>\n<\/div>\n<\/div>\n","protected":false},"excerpt":{"rendered":"<p>Descri\u00e7\u00e3o do produto Corpo e tampa injetados em pl\u00e1stico polipropileno (PP) copol\u00edmero com prote\u00e7\u00e3oUV. O [&hellip;]<\/p>\n","protected":false},"featured_media":3365,"comment_status":"closed","ping_status":"closed","template":"","meta":[],"product_brand":[],"product_cat":[249],"product_tag":[],"class_list":{"0":"post-3364","1":"product","2":"type-product","3":"status-publish","4":"has-post-thumbnail","6":"product_cat-coletores","8":"first","9":"instock","10":"shipping-taxable","11":"product-type-simple"},"_links":{"self":[{"href":"https:\/\/www.kimarca.com.br\/site\/wp-json\/wp\/v2\/product\/3364","targetHints":{"allow":["GET"]}}],"collection":[{"href":"https:\/\/www.kimarca.com.br\/site\/wp-json\/wp\/v2\/product"}],"about":[{"href":"https:\/\/www.kimarca.com.br\/site\/wp-json\/wp\/v2\/types\/product"}],"replies":[{"embeddable":true,"href":"https:\/\/www.kimarca.com.br\/site\/wp-json\/wp\/v2\/comments?post=3364"}],"wp:featuredmedia":[{"embeddable":true,"href":"https:\/\/www.kimarca.com.br\/site\/wp-json\/wp\/v2\/media\/3365"}],"wp:attachment":[{"href":"https:\/\/www.kimarca.com.br\/site\/wp-json\/wp\/v2\/media?parent=3364"}],"wp:term":[{"taxonomy":"product_brand","embeddable":true,"href":"https:\/\/www.kimarca.com.br\/site\/wp-json\/wp\/v2\/product_brand?post=3364"},{"taxonomy":"product_cat","embeddable":true,"href":"https:\/\/www.kimarca.com.br\/site\/wp-json\/wp\/v2\/product_cat?post=3364"},{"taxonomy":"product_tag","embeddable":true,"href":"https:\/\/www.kimarca.com.br\/site\/wp-json\/wp\/v2\/product_tag?post=3364"}],"curies":[{"name":"wp","href":"https:\/\/api.w.org\/{rel}","templated":true}]}}