{"id":3350,"date":"2018-02-16T14:59:51","date_gmt":"2018-02-16T16:59:51","guid":{"rendered":"https:\/\/www.kimarca.com.br\/site\/?post_type=product&#038;p=3350"},"modified":"2024-11-03T23:40:49","modified_gmt":"2024-11-04T02:40:49","slug":"poliflex-luva-de-seguranca-tricotada-em-nylon","status":"publish","type":"product","link":"https:\/\/www.kimarca.com.br\/site\/produto\/poliflex-luva-de-seguranca-tricotada-em-nylon\/","title":{"rendered":"POLIFLEX &#8211; Luva de seguran\u00e7a tricotada em nylon"},"content":{"rendered":"<div id=\"corpo-van-prod\">\n<div id=\"txt-van-prod\"><b>Benef\u00edcios<\/b><\/p>\n<ul>\n<li>Boa resist\u00eancia abrasiva<\/li>\n<li>Prote\u00e7\u00e3o antiest\u00e1tica dissipativa para manuseio de equipamentos eletroeletr\u00f4nicos<\/li>\n<li>Conforto para per\u00edodos prolongados de uso<\/li>\n<\/ul>\n<\/div>\n<\/div>\n<div id=\"corpo-desc-prod\"><b>Descri\u00e7\u00e3o<\/b><br \/>\nA luva Poliflex \u00e9 confeccionada em nylon e proporciona sensibilidade para atividades que exigem prote\u00e7\u00e3o das m\u00e3os contra agentes abrasivos. \u00c9 ideal para atividades que requerem prote\u00e7\u00e3o antiest\u00e1tica dissipativa para o produto manipulado. Conta com formato ambidestro e se adequa perfeitamente \u00e0s m\u00e3os para melhor tato e liberdade de movimentos.<\/p>\n<p>Recomendado para:<\/p>\n<\/div>\n<div id=\"corpo-desc-prod\">\n<div id=\"txt-van-prod\"><b>Aplica\u00e7\u00f5es<\/b><\/p>\n<ul>\n<li>Atividades na ind\u00fastria mec\u00e2nica e automobil\u00edstica<\/li>\n<li>Servi\u00e7os na constru\u00e7\u00e3o civil<\/li>\n<li>Atividades de manuten\u00e7\u00e3o e montagem<\/li>\n<li>Servi\u00e7os gerais<\/li>\n<\/ul>\n<\/div>\n<\/div>\n","protected":false},"excerpt":{"rendered":"<p>Benef\u00edcios Boa resist\u00eancia abrasiva Prote\u00e7\u00e3o antiest\u00e1tica dissipativa para manuseio de equipamentos eletroeletr\u00f4nicos Conforto para per\u00edodos [&hellip;]<\/p>\n","protected":false},"featured_media":3351,"comment_status":"closed","ping_status":"closed","template":"","meta":[],"product_brand":[],"product_cat":[207,218],"product_tag":[],"class_list":{"0":"post-3350","1":"product","2":"type-product","3":"status-publish","4":"has-post-thumbnail","6":"product_cat-epis","7":"product_cat-luvas","9":"first","10":"instock","11":"shipping-taxable","12":"product-type-simple"},"_links":{"self":[{"href":"https:\/\/www.kimarca.com.br\/site\/wp-json\/wp\/v2\/product\/3350","targetHints":{"allow":["GET"]}}],"collection":[{"href":"https:\/\/www.kimarca.com.br\/site\/wp-json\/wp\/v2\/product"}],"about":[{"href":"https:\/\/www.kimarca.com.br\/site\/wp-json\/wp\/v2\/types\/product"}],"replies":[{"embeddable":true,"href":"https:\/\/www.kimarca.com.br\/site\/wp-json\/wp\/v2\/comments?post=3350"}],"wp:featuredmedia":[{"embeddable":true,"href":"https:\/\/www.kimarca.com.br\/site\/wp-json\/wp\/v2\/media\/3351"}],"wp:attachment":[{"href":"https:\/\/www.kimarca.com.br\/site\/wp-json\/wp\/v2\/media?parent=3350"}],"wp:term":[{"taxonomy":"product_brand","embeddable":true,"href":"https:\/\/www.kimarca.com.br\/site\/wp-json\/wp\/v2\/product_brand?post=3350"},{"taxonomy":"product_cat","embeddable":true,"href":"https:\/\/www.kimarca.com.br\/site\/wp-json\/wp\/v2\/product_cat?post=3350"},{"taxonomy":"product_tag","embeddable":true,"href":"https:\/\/www.kimarca.com.br\/site\/wp-json\/wp\/v2\/product_tag?post=3350"}],"curies":[{"name":"wp","href":"https:\/\/api.w.org\/{rel}","templated":true}]}}