{"id":3346,"date":"2018-02-16T14:54:55","date_gmt":"2018-02-16T16:54:55","guid":{"rendered":"https:\/\/www.kimarca.com.br\/site\/?post_type=product&#038;p=3346"},"modified":"2024-11-03T23:40:49","modified_gmt":"2024-11-04T02:40:49","slug":"sensiflex-flex-luva-de-seguranca-nitrilica-descartavel","status":"publish","type":"product","link":"https:\/\/www.kimarca.com.br\/site\/produto\/sensiflex-flex-luva-de-seguranca-nitrilica-descartavel\/","title":{"rendered":"SENSIFLEX FLEX &#8211; Luva de seguran\u00e7a nitr\u00edlica descart\u00e1vel"},"content":{"rendered":"<div id=\"corpo-van-prod\">\n<div id=\"txt-van-prod\">\n<p><b>Benef\u00edcios<\/b><\/p>\n<ul>\n<li>Prote\u00e7\u00e3o qu\u00edmica com alta sensibilidade<\/li>\n<li>Isenta de l\u00e1tex: hipoalerg\u00eanica<\/li>\n<\/ul>\n<\/div>\n<\/div>\n<div id=\"corpo-desc-prod\"><b>Descri\u00e7\u00e3o<\/b><br \/>\nA luva Sensiflex Flex \u00e9 confeccionada em borracha nitr\u00edlica e sua espessura foi desenvolvida para proporcionar prote\u00e7\u00e3o sem perder o tato e a sensibilidade. Perfeita para atender a RDC26 em substitui\u00e7\u00e3o \u00e0s luvas de l\u00e1tex. N\u00e3o provoca alergia em pessoas sens\u00edveis \u00e0 borracha natural.Recomendado para:<\/p>\n<\/div>\n<div id=\"corpo-desc-prod\">\n<div id=\"txt-van-prod\">\n<p><b>Aplica\u00e7\u00f5es<\/b><\/p>\n<ul>\n<li>Manuseio de alimentos<\/li>\n<li>Ind\u00fastria qu\u00edmica e metal\u00fargica<\/li>\n<li>Atividades em autope\u00e7as<\/li>\n<\/ul>\n<\/div>\n<\/div>\n","protected":false},"excerpt":{"rendered":"<p>Benef\u00edcios Prote\u00e7\u00e3o qu\u00edmica com alta sensibilidade Isenta de l\u00e1tex: hipoalerg\u00eanica Descri\u00e7\u00e3o A luva Sensiflex Flex [&hellip;]<\/p>\n","protected":false},"featured_media":3347,"comment_status":"closed","ping_status":"closed","template":"","meta":[],"product_brand":[],"product_cat":[207,218],"product_tag":[],"class_list":{"0":"post-3346","1":"product","2":"type-product","3":"status-publish","4":"has-post-thumbnail","6":"product_cat-epis","7":"product_cat-luvas","9":"first","10":"instock","11":"shipping-taxable","12":"product-type-simple"},"_links":{"self":[{"href":"https:\/\/www.kimarca.com.br\/site\/wp-json\/wp\/v2\/product\/3346","targetHints":{"allow":["GET"]}}],"collection":[{"href":"https:\/\/www.kimarca.com.br\/site\/wp-json\/wp\/v2\/product"}],"about":[{"href":"https:\/\/www.kimarca.com.br\/site\/wp-json\/wp\/v2\/types\/product"}],"replies":[{"embeddable":true,"href":"https:\/\/www.kimarca.com.br\/site\/wp-json\/wp\/v2\/comments?post=3346"}],"wp:featuredmedia":[{"embeddable":true,"href":"https:\/\/www.kimarca.com.br\/site\/wp-json\/wp\/v2\/media\/3347"}],"wp:attachment":[{"href":"https:\/\/www.kimarca.com.br\/site\/wp-json\/wp\/v2\/media?parent=3346"}],"wp:term":[{"taxonomy":"product_brand","embeddable":true,"href":"https:\/\/www.kimarca.com.br\/site\/wp-json\/wp\/v2\/product_brand?post=3346"},{"taxonomy":"product_cat","embeddable":true,"href":"https:\/\/www.kimarca.com.br\/site\/wp-json\/wp\/v2\/product_cat?post=3346"},{"taxonomy":"product_tag","embeddable":true,"href":"https:\/\/www.kimarca.com.br\/site\/wp-json\/wp\/v2\/product_tag?post=3346"}],"curies":[{"name":"wp","href":"https:\/\/api.w.org\/{rel}","templated":true}]}}