{"id":3334,"date":"2018-02-16T14:41:22","date_gmt":"2018-02-16T16:41:22","guid":{"rendered":"https:\/\/www.kimarca.com.br\/site\/?post_type=product&#038;p=3334"},"modified":"2024-11-03T23:40:49","modified_gmt":"2024-11-04T02:40:49","slug":"silver-latex-luva-de-latex-com-verniz-silver","status":"publish","type":"product","link":"https:\/\/www.kimarca.com.br\/site\/produto\/silver-latex-luva-de-latex-com-verniz-silver\/","title":{"rendered":"SILVER L\u00c1TEX &#8211; Luva de l\u00e1tex com verniz silver"},"content":{"rendered":"<div id=\"corpo-van-prod\">\n<div id=\"txt-van-prod\">\n<p><b>Benef\u00edcios<\/b><\/p>\n<ul>\n<li>Ideal para manuseio de produtos de limpeza e outros qu\u00edmicos<\/li>\n<li>Com camada em verniz silver, que evita alergia de contato com o l\u00e1tex<\/li>\n<li>Alta ader\u00eancia ao manusear objetos com umidade<\/li>\n<\/ul>\n<\/div>\n<\/div>\n<div id=\"corpo-desc-prod\"><b>Descri\u00e7\u00e3o<\/b><br \/>\nA luva\u00a0Danny Silver\u00a0L\u00e1tex s\u00e3o fabricadas em l\u00e1tex (borracha natural) e possuem excelente flexibilidade e ader\u00eancia. S\u00e3o projetadas com formato anat\u00f4mico para permitir o m\u00e1ximo de mobilidade do usu\u00e1rio. Possuem palma com antiderrapante para manuseio seguro de objetos. As luvas recebem tratamento bactericida e fungicida para maior seguran\u00e7a do do trabalhador. Al\u00e9m disso, s\u00e3o clorinadas e possuem revestimento interno\u00a0Silver\u00a0que diminui a probabilidade de alergia em pessoas sens\u00edveis ao l\u00e1tex.Recomendado para:<\/div>\n<div id=\"corpo-desc-prod\">\n<div id=\"txt-van-prod\">\n<p><b>Aplica\u00e7\u00f5es<\/b><\/p>\n<ul>\n<li>Servi\u00e7os gerais e de higieniza\u00e7\u00e3o<\/li>\n<li>Manuseio de alimentos<\/li>\n<\/ul>\n<\/div>\n<\/div>\n","protected":false},"excerpt":{"rendered":"<p>Benef\u00edcios Ideal para manuseio de produtos de limpeza e outros qu\u00edmicos Com camada em verniz [&hellip;]<\/p>\n","protected":false},"featured_media":3335,"comment_status":"closed","ping_status":"closed","template":"","meta":[],"product_brand":[],"product_cat":[207,218],"product_tag":[],"class_list":{"0":"post-3334","1":"product","2":"type-product","3":"status-publish","4":"has-post-thumbnail","6":"product_cat-epis","7":"product_cat-luvas","9":"first","10":"instock","11":"shipping-taxable","12":"product-type-simple"},"_links":{"self":[{"href":"https:\/\/www.kimarca.com.br\/site\/wp-json\/wp\/v2\/product\/3334","targetHints":{"allow":["GET"]}}],"collection":[{"href":"https:\/\/www.kimarca.com.br\/site\/wp-json\/wp\/v2\/product"}],"about":[{"href":"https:\/\/www.kimarca.com.br\/site\/wp-json\/wp\/v2\/types\/product"}],"replies":[{"embeddable":true,"href":"https:\/\/www.kimarca.com.br\/site\/wp-json\/wp\/v2\/comments?post=3334"}],"wp:featuredmedia":[{"embeddable":true,"href":"https:\/\/www.kimarca.com.br\/site\/wp-json\/wp\/v2\/media\/3335"}],"wp:attachment":[{"href":"https:\/\/www.kimarca.com.br\/site\/wp-json\/wp\/v2\/media?parent=3334"}],"wp:term":[{"taxonomy":"product_brand","embeddable":true,"href":"https:\/\/www.kimarca.com.br\/site\/wp-json\/wp\/v2\/product_brand?post=3334"},{"taxonomy":"product_cat","embeddable":true,"href":"https:\/\/www.kimarca.com.br\/site\/wp-json\/wp\/v2\/product_cat?post=3334"},{"taxonomy":"product_tag","embeddable":true,"href":"https:\/\/www.kimarca.com.br\/site\/wp-json\/wp\/v2\/product_tag?post=3334"}],"curies":[{"name":"wp","href":"https:\/\/api.w.org\/{rel}","templated":true}]}}