{"id":3332,"date":"2018-02-16T14:39:06","date_gmt":"2018-02-16T16:39:06","guid":{"rendered":"https:\/\/www.kimarca.com.br\/site\/?post_type=product&#038;p=3332"},"modified":"2024-11-03T23:40:49","modified_gmt":"2024-11-04T02:40:49","slug":"neolatex-luva-de-seguranca-em-neoprene-e-latex","status":"publish","type":"product","link":"https:\/\/www.kimarca.com.br\/site\/produto\/neolatex-luva-de-seguranca-em-neoprene-e-latex\/","title":{"rendered":"NEOL\u00c1TEX &#8211; Luva de seguran\u00e7a em neoprene e l\u00e1tex"},"content":{"rendered":"<div id=\"corpo-van-prod\">\n<div id=\"txt-van-prod\">\n<p><b>Benef\u00edcios<\/b><\/p>\n<ul>\n<li>Alta resist\u00eancia a produtos qu\u00edmicos e abrasivos<\/li>\n<li>\u00a0Ideal para atividades em imers\u00e3o<\/li>\n<li>Resistente a \u00e1cido sulf\u00farico e soda c\u00e1ustica<\/li>\n<li>Forro em algod\u00e3o: maior conforto e absor\u00e7\u00e3o do suor para longos per\u00edodos de uso<\/li>\n<\/ul>\n<\/div>\n<\/div>\n<div id=\"corpo-desc-prod\"><b>Descri\u00e7\u00e3o<\/b><br \/>\nA luva Neol\u00e1tex \u00e9 confeccionada em l\u00e1tex natural e neoprene com refor\u00e7o extra que, juntos, garantem mais maleabilidade, destreza e liberdade nos movimentos. Alta resist\u00eancia qu\u00edmica e mec\u00e2nica em fun\u00e7\u00e3o de sua espessura de 0,70 mm. Seu interior forrado em algod\u00e3o flocado e palma antiderrapante proporcionam maior conforto e seguran\u00e7a ao usu\u00e1rio no uso di\u00e1rio.Recomendado para:<\/p>\n<\/div>\n<div id=\"corpo-desc-prod\">\n<div id=\"txt-van-prod\">\n<p><b>Aplica\u00e7\u00f5es<\/b><\/p>\n<ul>\n<li>Manuseio de produtos qu\u00edmicos<\/li>\n<li>Higieniza\u00e7\u00e3o e servi\u00e7os gerais<\/li>\n<li>Servi\u00e7os de Pintura<\/li>\n<li>Atividades na constru\u00e7\u00e3o civil<\/li>\n<\/ul>\n<\/div>\n<\/div>\n","protected":false},"excerpt":{"rendered":"<p>Benef\u00edcios Alta resist\u00eancia a produtos qu\u00edmicos e abrasivos \u00a0Ideal para atividades em imers\u00e3o Resistente a [&hellip;]<\/p>\n","protected":false},"featured_media":3333,"comment_status":"closed","ping_status":"closed","template":"","meta":[],"product_brand":[],"product_cat":[207,218],"product_tag":[],"class_list":{"0":"post-3332","1":"product","2":"type-product","3":"status-publish","4":"has-post-thumbnail","6":"product_cat-epis","7":"product_cat-luvas","9":"first","10":"instock","11":"shipping-taxable","12":"product-type-simple"},"_links":{"self":[{"href":"https:\/\/www.kimarca.com.br\/site\/wp-json\/wp\/v2\/product\/3332","targetHints":{"allow":["GET"]}}],"collection":[{"href":"https:\/\/www.kimarca.com.br\/site\/wp-json\/wp\/v2\/product"}],"about":[{"href":"https:\/\/www.kimarca.com.br\/site\/wp-json\/wp\/v2\/types\/product"}],"replies":[{"embeddable":true,"href":"https:\/\/www.kimarca.com.br\/site\/wp-json\/wp\/v2\/comments?post=3332"}],"wp:featuredmedia":[{"embeddable":true,"href":"https:\/\/www.kimarca.com.br\/site\/wp-json\/wp\/v2\/media\/3333"}],"wp:attachment":[{"href":"https:\/\/www.kimarca.com.br\/site\/wp-json\/wp\/v2\/media?parent=3332"}],"wp:term":[{"taxonomy":"product_brand","embeddable":true,"href":"https:\/\/www.kimarca.com.br\/site\/wp-json\/wp\/v2\/product_brand?post=3332"},{"taxonomy":"product_cat","embeddable":true,"href":"https:\/\/www.kimarca.com.br\/site\/wp-json\/wp\/v2\/product_cat?post=3332"},{"taxonomy":"product_tag","embeddable":true,"href":"https:\/\/www.kimarca.com.br\/site\/wp-json\/wp\/v2\/product_tag?post=3332"}],"curies":[{"name":"wp","href":"https:\/\/api.w.org\/{rel}","templated":true}]}}