{"id":3328,"date":"2018-02-16T14:34:33","date_gmt":"2018-02-16T16:34:33","guid":{"rendered":"https:\/\/www.kimarca.com.br\/site\/?post_type=product&#038;p=3328"},"modified":"2024-11-03T23:40:49","modified_gmt":"2024-11-04T02:40:49","slug":"max-orange-luva-de-latex-reforcada","status":"publish","type":"product","link":"https:\/\/www.kimarca.com.br\/site\/produto\/max-orange-luva-de-latex-reforcada\/","title":{"rendered":"MAX ORANGE &#8211; Luva de l\u00e1tex refor\u00e7ada"},"content":{"rendered":"<div id=\"corpo-van-prod\">\n<div id=\"txt-van-prod\">\n<p><b>Benef\u00edcios<\/b><\/p>\n<ul>\n<li>Maior resist\u00eancia qu\u00edmica e abrasiva<\/li>\n<li>Alta ader\u00eancia para atividades com umidade<\/li>\n<li>Forro aveludado para maior conforto<\/li>\n<\/ul>\n<\/div>\n<\/div>\n<div id=\"corpo-desc-prod\"><b>Descri\u00e7\u00e3o<\/b><br \/>\nA luva Max Orange \u00e9 fabricada em l\u00e1tex natural e conta com com espessura refor\u00e7ada de 0.70 mm, que proporciona maior resist\u00eancia abrasiva e maior prote\u00e7\u00e3o a produtos qu\u00edmicos. A palma possui antiderrapante, que oferece maior seguran\u00e7a ao manusear objetos secos ou \u00famidos.Recomendado para:<\/div>\n<div id=\"corpo-desc-prod\">\n<div id=\"txt-van-prod\">\n<p><b>Aplica\u00e7\u00f5es<\/b><\/p>\n<ul>\n<li>Atividades de montagem e manuten\u00e7\u00e3o<\/li>\n<li>Servi\u00e7os de limpeza<\/li>\n<li>Ideal para atividades em imers\u00e3o<\/li>\n<li>Ind\u00fastria qu\u00edmica, aliment\u00edcia e agr\u00edcola<\/li>\n<\/ul>\n<\/div>\n<\/div>\n","protected":false},"excerpt":{"rendered":"<p>Benef\u00edcios Maior resist\u00eancia qu\u00edmica e abrasiva Alta ader\u00eancia para atividades com umidade Forro aveludado para [&hellip;]<\/p>\n","protected":false},"featured_media":3329,"comment_status":"closed","ping_status":"closed","template":"","meta":[],"product_brand":[],"product_cat":[207,218],"product_tag":[],"class_list":{"0":"post-3328","1":"product","2":"type-product","3":"status-publish","4":"has-post-thumbnail","6":"product_cat-epis","7":"product_cat-luvas","9":"first","10":"instock","11":"shipping-taxable","12":"product-type-simple"},"_links":{"self":[{"href":"https:\/\/www.kimarca.com.br\/site\/wp-json\/wp\/v2\/product\/3328","targetHints":{"allow":["GET"]}}],"collection":[{"href":"https:\/\/www.kimarca.com.br\/site\/wp-json\/wp\/v2\/product"}],"about":[{"href":"https:\/\/www.kimarca.com.br\/site\/wp-json\/wp\/v2\/types\/product"}],"replies":[{"embeddable":true,"href":"https:\/\/www.kimarca.com.br\/site\/wp-json\/wp\/v2\/comments?post=3328"}],"wp:featuredmedia":[{"embeddable":true,"href":"https:\/\/www.kimarca.com.br\/site\/wp-json\/wp\/v2\/media\/3329"}],"wp:attachment":[{"href":"https:\/\/www.kimarca.com.br\/site\/wp-json\/wp\/v2\/media?parent=3328"}],"wp:term":[{"taxonomy":"product_brand","embeddable":true,"href":"https:\/\/www.kimarca.com.br\/site\/wp-json\/wp\/v2\/product_brand?post=3328"},{"taxonomy":"product_cat","embeddable":true,"href":"https:\/\/www.kimarca.com.br\/site\/wp-json\/wp\/v2\/product_cat?post=3328"},{"taxonomy":"product_tag","embeddable":true,"href":"https:\/\/www.kimarca.com.br\/site\/wp-json\/wp\/v2\/product_tag?post=3328"}],"curies":[{"name":"wp","href":"https:\/\/api.w.org\/{rel}","templated":true}]}}