{"id":3326,"date":"2018-02-16T14:33:03","date_gmt":"2018-02-16T16:33:03","guid":{"rendered":"https:\/\/www.kimarca.com.br\/site\/?post_type=product&#038;p=3326"},"modified":"2024-11-03T23:40:49","modified_gmt":"2024-11-04T02:40:49","slug":"longatex-luva-de-latex-cano-longo","status":"publish","type":"product","link":"https:\/\/www.kimarca.com.br\/site\/produto\/longatex-luva-de-latex-cano-longo\/","title":{"rendered":"LONGATEX &#8211; Luva de l\u00e1tex cano longo"},"content":{"rendered":"<div id=\"corpo-van-prod\">\n<div id=\"txt-van-prod\">\n<p><b>Benef\u00edcios<\/b><\/p>\n<ul>\n<li>Prote\u00e7\u00e3o qu\u00edmica para m\u00e3os e antebra\u00e7o<\/li>\n<li>Alta ader\u00eancia para manuseio de objetos com umidade<\/li>\n<li>Punho com virola: n\u00e3o permite a entrada de l\u00edquidos no interior da luva<\/li>\n<\/ul>\n<\/div>\n<\/div>\n<div id=\"corpo-desc-prod\"><b>Descri\u00e7\u00e3o<\/b><br \/>\nConfeccionada em l\u00e1tex natural, a luva Longatex possui punho longo e \u00e9 ideal para atividades com imers\u00e3o at\u00e9 o antebra\u00e7o. O punho em virola prende-se ao bra\u00e7o, evitando a entrada de l\u00edquidos. Conta com palma e dedos antiderrapantes, que evitam o deslize de objetos secos ou molhados.Recomendado para:<\/div>\n<div id=\"corpo-desc-prod\">\n<div id=\"txt-van-prod\">\n<p><b>Aplica\u00e7\u00f5es<\/b><\/p>\n<ul>\n<li>Atividades de limpeza<\/li>\n<li>Manuseio de produtos qu\u00edmicos<\/li>\n<li>Atividades que requerem a imers\u00e3o do antebra\u00e7o no produto manuseado<\/li>\n<\/ul>\n<\/div>\n<\/div>\n","protected":false},"excerpt":{"rendered":"<p>Benef\u00edcios Prote\u00e7\u00e3o qu\u00edmica para m\u00e3os e antebra\u00e7o Alta ader\u00eancia para manuseio de objetos com umidade [&hellip;]<\/p>\n","protected":false},"featured_media":3327,"comment_status":"closed","ping_status":"closed","template":"","meta":[],"product_brand":[],"product_cat":[207,218],"product_tag":[],"class_list":{"0":"post-3326","1":"product","2":"type-product","3":"status-publish","4":"has-post-thumbnail","6":"product_cat-epis","7":"product_cat-luvas","9":"first","10":"instock","11":"shipping-taxable","12":"product-type-simple"},"_links":{"self":[{"href":"https:\/\/www.kimarca.com.br\/site\/wp-json\/wp\/v2\/product\/3326","targetHints":{"allow":["GET"]}}],"collection":[{"href":"https:\/\/www.kimarca.com.br\/site\/wp-json\/wp\/v2\/product"}],"about":[{"href":"https:\/\/www.kimarca.com.br\/site\/wp-json\/wp\/v2\/types\/product"}],"replies":[{"embeddable":true,"href":"https:\/\/www.kimarca.com.br\/site\/wp-json\/wp\/v2\/comments?post=3326"}],"wp:featuredmedia":[{"embeddable":true,"href":"https:\/\/www.kimarca.com.br\/site\/wp-json\/wp\/v2\/media\/3327"}],"wp:attachment":[{"href":"https:\/\/www.kimarca.com.br\/site\/wp-json\/wp\/v2\/media?parent=3326"}],"wp:term":[{"taxonomy":"product_brand","embeddable":true,"href":"https:\/\/www.kimarca.com.br\/site\/wp-json\/wp\/v2\/product_brand?post=3326"},{"taxonomy":"product_cat","embeddable":true,"href":"https:\/\/www.kimarca.com.br\/site\/wp-json\/wp\/v2\/product_cat?post=3326"},{"taxonomy":"product_tag","embeddable":true,"href":"https:\/\/www.kimarca.com.br\/site\/wp-json\/wp\/v2\/product_tag?post=3326"}],"curies":[{"name":"wp","href":"https:\/\/api.w.org\/{rel}","templated":true}]}}