{"id":3322,"date":"2018-02-16T14:29:25","date_gmt":"2018-02-16T16:29:25","guid":{"rendered":"https:\/\/www.kimarca.com.br\/site\/?post_type=product&#038;p=3322"},"modified":"2024-11-03T23:40:49","modified_gmt":"2024-11-04T02:40:49","slug":"maxiblack-luva-de-latex-ambidestra","status":"publish","type":"product","link":"https:\/\/www.kimarca.com.br\/site\/produto\/maxiblack-luva-de-latex-ambidestra\/","title":{"rendered":"MAXIBLACK &#8211; Luva de l\u00e1tex ambidestra"},"content":{"rendered":"<div id=\"corpo-van-prod\">\n<div id=\"txt-van-prod\">\n<p><b>Benef\u00edcios<\/b><\/p>\n<ul>\n<li>Tato e sensibilidade sem abrir m\u00e3o da prote\u00e7\u00e3o<\/li>\n<li>Por ser ambidestra, permite a troca de apenas uma luva em vez do par proporcionando maior economia<\/li>\n<li>Alta ader\u00eancia para atividades com umidade<\/li>\n<\/ul>\n<\/div>\n<\/div>\n<div id=\"corpo-desc-prod\"><b>Descri\u00e7\u00e3o<\/b><br \/>\nA luva Maxiblack \u00e9 confeccionada em l\u00e1tex natural com grip antiderrapante para melhor ader\u00eancia ao manusear objetos \u00famidos. Sua colora\u00e7\u00e3o \u00e9 ideal para atividades que envolvam alto \u00edndice de sujidade. Possui fina espessura, para melhor tato e sensibilidade.Recomendado para:<\/div>\n<div id=\"corpo-desc-prod\">\n<div id=\"txt-van-prod\">\n<p><b>Aplica\u00e7\u00f5es<\/b><\/p>\n<ul>\n<li>Manuseio de cosm\u00e9ticos e produtos est\u00e9ticos<\/li>\n<li>Atividades na ind\u00fastria farmac\u00eautica e agr\u00edcola<\/li>\n<li>Servi\u00e7os gerais<\/li>\n<li>Atividades automotivas<\/li>\n<\/ul>\n<\/div>\n<\/div>\n","protected":false},"excerpt":{"rendered":"<p>Benef\u00edcios Tato e sensibilidade sem abrir m\u00e3o da prote\u00e7\u00e3o Por ser ambidestra, permite a troca [&hellip;]<\/p>\n","protected":false},"featured_media":3323,"comment_status":"closed","ping_status":"closed","template":"","meta":[],"product_brand":[],"product_cat":[207,218],"product_tag":[],"class_list":{"0":"post-3322","1":"product","2":"type-product","3":"status-publish","4":"has-post-thumbnail","6":"product_cat-epis","7":"product_cat-luvas","9":"first","10":"instock","11":"shipping-taxable","12":"product-type-simple"},"_links":{"self":[{"href":"https:\/\/www.kimarca.com.br\/site\/wp-json\/wp\/v2\/product\/3322","targetHints":{"allow":["GET"]}}],"collection":[{"href":"https:\/\/www.kimarca.com.br\/site\/wp-json\/wp\/v2\/product"}],"about":[{"href":"https:\/\/www.kimarca.com.br\/site\/wp-json\/wp\/v2\/types\/product"}],"replies":[{"embeddable":true,"href":"https:\/\/www.kimarca.com.br\/site\/wp-json\/wp\/v2\/comments?post=3322"}],"wp:featuredmedia":[{"embeddable":true,"href":"https:\/\/www.kimarca.com.br\/site\/wp-json\/wp\/v2\/media\/3323"}],"wp:attachment":[{"href":"https:\/\/www.kimarca.com.br\/site\/wp-json\/wp\/v2\/media?parent=3322"}],"wp:term":[{"taxonomy":"product_brand","embeddable":true,"href":"https:\/\/www.kimarca.com.br\/site\/wp-json\/wp\/v2\/product_brand?post=3322"},{"taxonomy":"product_cat","embeddable":true,"href":"https:\/\/www.kimarca.com.br\/site\/wp-json\/wp\/v2\/product_cat?post=3322"},{"taxonomy":"product_tag","embeddable":true,"href":"https:\/\/www.kimarca.com.br\/site\/wp-json\/wp\/v2\/product_tag?post=3322"}],"curies":[{"name":"wp","href":"https:\/\/api.w.org\/{rel}","templated":true}]}}