{"id":3316,"date":"2018-02-16T14:20:04","date_gmt":"2018-02-16T16:20:04","guid":{"rendered":"https:\/\/www.kimarca.com.br\/site\/?post_type=product&#038;p=3316"},"modified":"2024-11-03T23:40:49","modified_gmt":"2024-11-04T02:40:49","slug":"lightflex-total-luva-nitrilica","status":"publish","type":"product","link":"https:\/\/www.kimarca.com.br\/site\/produto\/lightflex-total-luva-nitrilica\/","title":{"rendered":"LIGHTFLEX TOTAL &#8211; Luva nitr\u00edlica"},"content":{"rendered":"<div id=\"corpo-van-prod\">\n<div id=\"txt-van-prod\">\n<p><b>Benef\u00edcios<\/b><\/p>\n<ul>\n<li>Banho total em nitr\u00edlico, ideal para manuseio de produtos qu\u00edmicos<\/li>\n<li>Forro em algod\u00e3o para maior conforto e absor\u00e7\u00e3o do suor<\/li>\n<li>Punho el\u00e1stico para perfeito ajuste<\/li>\n<\/ul>\n<\/div>\n<\/div>\n<div id=\"corpo-desc-prod\"><b>Descri\u00e7\u00e3o<\/b><br \/>\nA luva Lightflex Total possui banho em borracha nitr\u00edlica que garante excelente prote\u00e7\u00e3o contra agentes qu\u00edmicos e boa resist\u00eancia abrasiva. Seu interior em algod\u00e3o felpudo e o formato anat\u00f4mico proporcionam conforto durante o per\u00edodo de uso. Conta com punho em malha com el\u00e1stico que permite o perfeito ajuste ao punho e evita a entrada de res\u00edduos s\u00f3lidosRecomendado para:<\/div>\n<div id=\"corpo-desc-prod\">\n<div id=\"txt-van-prod\">\n<p><b>Aplica\u00e7\u00f5es<\/b><\/p>\n<ul>\n<li>Manuseio de metais secos ou oleados<\/li>\n<li>Manuten\u00e7\u00e3o e montagem<\/li>\n<li>Trabalhos com chaparia e pe\u00e7as pl\u00e1sticas<\/li>\n<\/ul>\n<\/div>\n<\/div>\n","protected":false},"excerpt":{"rendered":"<p>Benef\u00edcios Banho total em nitr\u00edlico, ideal para manuseio de produtos qu\u00edmicos Forro em algod\u00e3o para [&hellip;]<\/p>\n","protected":false},"featured_media":3317,"comment_status":"closed","ping_status":"closed","template":"","meta":[],"product_brand":[],"product_cat":[207,218],"product_tag":[],"class_list":{"0":"post-3316","1":"product","2":"type-product","3":"status-publish","4":"has-post-thumbnail","6":"product_cat-epis","7":"product_cat-luvas","9":"first","10":"instock","11":"shipping-taxable","12":"product-type-simple"},"_links":{"self":[{"href":"https:\/\/www.kimarca.com.br\/site\/wp-json\/wp\/v2\/product\/3316","targetHints":{"allow":["GET"]}}],"collection":[{"href":"https:\/\/www.kimarca.com.br\/site\/wp-json\/wp\/v2\/product"}],"about":[{"href":"https:\/\/www.kimarca.com.br\/site\/wp-json\/wp\/v2\/types\/product"}],"replies":[{"embeddable":true,"href":"https:\/\/www.kimarca.com.br\/site\/wp-json\/wp\/v2\/comments?post=3316"}],"wp:featuredmedia":[{"embeddable":true,"href":"https:\/\/www.kimarca.com.br\/site\/wp-json\/wp\/v2\/media\/3317"}],"wp:attachment":[{"href":"https:\/\/www.kimarca.com.br\/site\/wp-json\/wp\/v2\/media?parent=3316"}],"wp:term":[{"taxonomy":"product_brand","embeddable":true,"href":"https:\/\/www.kimarca.com.br\/site\/wp-json\/wp\/v2\/product_brand?post=3316"},{"taxonomy":"product_cat","embeddable":true,"href":"https:\/\/www.kimarca.com.br\/site\/wp-json\/wp\/v2\/product_cat?post=3316"},{"taxonomy":"product_tag","embeddable":true,"href":"https:\/\/www.kimarca.com.br\/site\/wp-json\/wp\/v2\/product_tag?post=3316"}],"curies":[{"name":"wp","href":"https:\/\/api.w.org\/{rel}","templated":true}]}}