{"id":3292,"date":"2018-02-16T13:53:04","date_gmt":"2018-02-16T15:53:04","guid":{"rendered":"https:\/\/www.kimarca.com.br\/site\/?post_type=product&#038;p=3292"},"modified":"2024-11-03T23:40:49","modified_gmt":"2024-11-04T02:40:49","slug":"lustra-moveis-bry-alfazema","status":"publish","type":"product","link":"https:\/\/www.kimarca.com.br\/site\/produto\/lustra-moveis-bry-alfazema\/","title":{"rendered":"Lustra M\u00f3veis Bry Alfazema"},"content":{"rendered":"<h2>Lustra M\u00f3veis Bry Alfazema.\u00a0Prote\u00e7\u00e3o e perfuma\u00e7\u00e3o em m\u00f3veis de madeiras. Ajuda a proteger os m\u00f3veis contra a a\u00e7\u00e3o dos cupins.<\/h2>\n<p><strong>Vers\u00f5es<\/strong><br \/>\n\u2013 Alfazema<br \/>\n\u2013 Erva Doce<br \/>\n\u2013 Jasmim<br \/>\n\u2013 Lavanda<\/p>\n<p><strong>Embalagens<\/strong><br \/>\n200 ml<\/p>\n<p><strong>Ambientes Indicados<\/strong><br \/>\nSala, Quarto, Sala de jantar<\/p>\n<p><strong>saiba + | Informa\u00e7\u00f5es Gerais<\/strong><br \/>\nLimpador que proporciona brilho instant\u00e2neo aos m\u00f3veis de madeira, compensados, MDF e similares, f\u00f3rmica, bancadas em m\u00e1rmores e artefatos em couro, deixando um excelente perfume.<\/p>\n<p><strong>Modo de usar:<\/strong>\u00a0aplique com aux\u00edlio de um pano levemente umedecido. Em seguida, lustre com uma flanela limpa e seca.<\/p>\n<p>Cuidados: n\u00e3o aplique o produto diretamente sobre a superf\u00edcie.<\/p>\n","protected":false},"excerpt":{"rendered":"<p>Lustra M\u00f3veis Bry Alfazema.\u00a0Prote\u00e7\u00e3o e perfuma\u00e7\u00e3o em m\u00f3veis de madeiras. Ajuda a proteger os m\u00f3veis [&hellip;]<\/p>\n","protected":false},"featured_media":3293,"comment_status":"closed","ping_status":"closed","template":"","meta":[],"product_brand":[],"product_cat":[241],"product_tag":[],"class_list":{"0":"post-3292","1":"product","2":"type-product","3":"status-publish","4":"has-post-thumbnail","6":"product_cat-ceras","8":"first","9":"instock","10":"shipping-taxable","11":"product-type-simple"},"_links":{"self":[{"href":"https:\/\/www.kimarca.com.br\/site\/wp-json\/wp\/v2\/product\/3292","targetHints":{"allow":["GET"]}}],"collection":[{"href":"https:\/\/www.kimarca.com.br\/site\/wp-json\/wp\/v2\/product"}],"about":[{"href":"https:\/\/www.kimarca.com.br\/site\/wp-json\/wp\/v2\/types\/product"}],"replies":[{"embeddable":true,"href":"https:\/\/www.kimarca.com.br\/site\/wp-json\/wp\/v2\/comments?post=3292"}],"wp:featuredmedia":[{"embeddable":true,"href":"https:\/\/www.kimarca.com.br\/site\/wp-json\/wp\/v2\/media\/3293"}],"wp:attachment":[{"href":"https:\/\/www.kimarca.com.br\/site\/wp-json\/wp\/v2\/media?parent=3292"}],"wp:term":[{"taxonomy":"product_brand","embeddable":true,"href":"https:\/\/www.kimarca.com.br\/site\/wp-json\/wp\/v2\/product_brand?post=3292"},{"taxonomy":"product_cat","embeddable":true,"href":"https:\/\/www.kimarca.com.br\/site\/wp-json\/wp\/v2\/product_cat?post=3292"},{"taxonomy":"product_tag","embeddable":true,"href":"https:\/\/www.kimarca.com.br\/site\/wp-json\/wp\/v2\/product_tag?post=3292"}],"curies":[{"name":"wp","href":"https:\/\/api.w.org\/{rel}","templated":true}]}}