{"id":3279,"date":"2018-02-16T13:39:21","date_gmt":"2018-02-16T15:39:21","guid":{"rendered":"https:\/\/www.kimarca.com.br\/site\/?post_type=product&#038;p=3279"},"modified":"2024-11-03T23:40:49","modified_gmt":"2024-11-04T02:40:49","slug":"ingleza-ardosia-max-incolor","status":"publish","type":"product","link":"https:\/\/www.kimarca.com.br\/site\/produto\/ingleza-ardosia-max-incolor\/","title":{"rendered":"Ingleza Ard\u00f3sia Max Incolor"},"content":{"rendered":"<h2>Ingleza Ard\u00f3sia Max Incolor, brilho para pisos de pedra. Prote\u00e7\u00e3o e alta resist\u00eancia contra riscos e desgaste.<\/h2>\n<p><strong>Vers\u00f5es<\/strong><br \/>\n\u2013 Incolor<br \/>\n\u2013 Verde<br \/>\n<strong>Embalagens<\/strong><br \/>\nConte\u00fado 750 ml<\/p>\n<p><strong>Ambientes Indicados<\/strong><br \/>\nSala, Quarto, Sala de jantar<\/p>\n<p><strong>saiba + | Informa\u00e7\u00f5es Gerais<\/strong><br \/>\nPrimeira cera desenvolvida especialmente para superf\u00edcies revestidas em pedra, oferece brilho intenso. Elaborada com ativos especiais, \u00e9 aditivada com pol\u00edmero acr\u00edlico que proporciona alta prote\u00e7\u00e3o \u00e0 superf\u00edcie de pedra.<\/p>\n<p><strong>Modo de usar:<\/strong>\u00a0aplique o produto uniformemente sobre a superf\u00edcie limpa e seca, com aux\u00edlio de um pano macio envolvido em um rodo. Se desejar intensificar o brilho, passe enceradeira com feltro. Para conservar os resultados, passe um pano \u00famido e, ap\u00f3s secar, passe enceradeira com feltro.<\/p>\n<p><strong>Cuidados:<\/strong>\u00a0se o piso estiver com excesso de cera, use Tira Ceras Ingleza para remov\u00ea-la. Em piso virgem, completamente isento de cera ou ap\u00f3s remo\u00e7\u00e3o completa, o melhor resultado ocorrer\u00e1 ap\u00f3s a terceira camada, com o intervalo de 45 minutos entre as aplica\u00e7\u00f5es.<\/p>\n","protected":false},"excerpt":{"rendered":"<p>Ingleza Ard\u00f3sia Max Incolor, brilho para pisos de pedra. Prote\u00e7\u00e3o e alta resist\u00eancia contra riscos [&hellip;]<\/p>\n","protected":false},"featured_media":3280,"comment_status":"closed","ping_status":"closed","template":"","meta":[],"product_brand":[],"product_cat":[241],"product_tag":[],"class_list":{"0":"post-3279","1":"product","2":"type-product","3":"status-publish","4":"has-post-thumbnail","6":"product_cat-ceras","8":"first","9":"instock","10":"shipping-taxable","11":"product-type-simple"},"_links":{"self":[{"href":"https:\/\/www.kimarca.com.br\/site\/wp-json\/wp\/v2\/product\/3279","targetHints":{"allow":["GET"]}}],"collection":[{"href":"https:\/\/www.kimarca.com.br\/site\/wp-json\/wp\/v2\/product"}],"about":[{"href":"https:\/\/www.kimarca.com.br\/site\/wp-json\/wp\/v2\/types\/product"}],"replies":[{"embeddable":true,"href":"https:\/\/www.kimarca.com.br\/site\/wp-json\/wp\/v2\/comments?post=3279"}],"wp:featuredmedia":[{"embeddable":true,"href":"https:\/\/www.kimarca.com.br\/site\/wp-json\/wp\/v2\/media\/3280"}],"wp:attachment":[{"href":"https:\/\/www.kimarca.com.br\/site\/wp-json\/wp\/v2\/media?parent=3279"}],"wp:term":[{"taxonomy":"product_brand","embeddable":true,"href":"https:\/\/www.kimarca.com.br\/site\/wp-json\/wp\/v2\/product_brand?post=3279"},{"taxonomy":"product_cat","embeddable":true,"href":"https:\/\/www.kimarca.com.br\/site\/wp-json\/wp\/v2\/product_cat?post=3279"},{"taxonomy":"product_tag","embeddable":true,"href":"https:\/\/www.kimarca.com.br\/site\/wp-json\/wp\/v2\/product_tag?post=3279"}],"curies":[{"name":"wp","href":"https:\/\/api.w.org\/{rel}","templated":true}]}}