{"id":3248,"date":"2018-02-16T12:24:11","date_gmt":"2018-02-16T14:24:11","guid":{"rendered":"https:\/\/www.kimarca.com.br\/site\/?post_type=product&#038;p=3248"},"modified":"2024-11-03T23:40:50","modified_gmt":"2024-11-04T02:40:50","slug":"uau-cloro-ativo-squeeze","status":"publish","type":"product","link":"https:\/\/www.kimarca.com.br\/site\/produto\/uau-cloro-ativo-squeeze\/","title":{"rendered":"UAU Cloro Ativo Squeeze"},"content":{"rendered":"<h2>UAU Cloro Ativo Squeeze.\u00a0Poderoso limpador com cloro ativo e a\u00e7\u00e3o limpa limo.<\/h2>\n<p><strong>Vers\u00f5es<\/strong><br \/>\n\u2013 Squeeze<br \/>\n\u2013 Gatilho com aplicador e refil<\/p>\n<p><strong>Embalagens<\/strong><br \/>\n500 ml<\/p>\n<p><strong>Ambientes Indicados<\/strong><br \/>\nCozinha, Lavanderia, Garagem, \u00c1rea de Churrasco, Banheiro<\/p>\n<p><strong>saiba + | Informa\u00e7\u00f5es Gerais<\/strong><br \/>\nLimpador de banheiro com efeito 3 em 1: branqueia, desinfeta e remove o limo, sem esfor\u00e7o. Com alto poder bactericida e a\u00e7\u00e3o limpa limo, remove facilmente gorduras e sujeiras, matando germes e bact\u00e9rias. Limpa sem esfregar as manchas escuras provocadas pelo mofo e limo. Substitui com efici\u00eancia a \u00e1gua sanit\u00e1ria na limpeza de tecidos.<\/p>\n<p><strong>Modo de usar:<\/strong>\u00a0dirija o jato sobre a superf\u00edcie a ser limpa, deixe agir por alguns instantes e enx\u00e1gue, limpando grandes \u00e1reas aos poucos. Em superf\u00edcies muito sujas, deixe o produto agir por alguns instantes e esfregue com esponja macia se necess\u00e1rio. Para exterminar germes e bact\u00e9rias, aplique o produto puro e deixe agir por 10 minutos. Indicado para pisos, azulejos, banheiros, superf\u00edcies lav\u00e1veis e resistentes ao cloro.<\/p>\n<p><strong>Cuidados:<\/strong>\u00a0recomenda-se o uso de luvas. Teste em uma pequena \u00e1rea antes de usar. N\u00e3o utilize esponja ou palha de a\u00e7o. N\u00e3o utilize em tecidos n\u00e3o resistentes ao cloro, carpetes, madeiras, superf\u00edcies pintadas ou met\u00e1licas, de papel, borracha ou a\u00e7o inox. N\u00e3o misture com outros produtos de limpeza, especialmente produtos amoniacados e \u00e1cidos. Em cer\u00e2micas porosas ou desgastadas poder\u00e1 ocorrer altera\u00e7\u00e3o na cor da superf\u00edcie.<\/p>\n","protected":false},"excerpt":{"rendered":"<p>UAU Cloro Ativo Squeeze.\u00a0Poderoso limpador com cloro ativo e a\u00e7\u00e3o limpa limo. Vers\u00f5es \u2013 Squeeze [&hellip;]<\/p>\n","protected":false},"featured_media":3249,"comment_status":"closed","ping_status":"closed","template":"","meta":[],"product_brand":[],"product_cat":[243],"product_tag":[],"class_list":{"0":"post-3248","1":"product","2":"type-product","3":"status-publish","4":"has-post-thumbnail","6":"product_cat-desinfetantes","8":"first","9":"instock","10":"shipping-taxable","11":"product-type-simple"},"_links":{"self":[{"href":"https:\/\/www.kimarca.com.br\/site\/wp-json\/wp\/v2\/product\/3248","targetHints":{"allow":["GET"]}}],"collection":[{"href":"https:\/\/www.kimarca.com.br\/site\/wp-json\/wp\/v2\/product"}],"about":[{"href":"https:\/\/www.kimarca.com.br\/site\/wp-json\/wp\/v2\/types\/product"}],"replies":[{"embeddable":true,"href":"https:\/\/www.kimarca.com.br\/site\/wp-json\/wp\/v2\/comments?post=3248"}],"wp:featuredmedia":[{"embeddable":true,"href":"https:\/\/www.kimarca.com.br\/site\/wp-json\/wp\/v2\/media\/3249"}],"wp:attachment":[{"href":"https:\/\/www.kimarca.com.br\/site\/wp-json\/wp\/v2\/media?parent=3248"}],"wp:term":[{"taxonomy":"product_brand","embeddable":true,"href":"https:\/\/www.kimarca.com.br\/site\/wp-json\/wp\/v2\/product_brand?post=3248"},{"taxonomy":"product_cat","embeddable":true,"href":"https:\/\/www.kimarca.com.br\/site\/wp-json\/wp\/v2\/product_cat?post=3248"},{"taxonomy":"product_tag","embeddable":true,"href":"https:\/\/www.kimarca.com.br\/site\/wp-json\/wp\/v2\/product_tag?post=3248"}],"curies":[{"name":"wp","href":"https:\/\/api.w.org\/{rel}","templated":true}]}}