{"id":3244,"date":"2018-02-16T12:20:00","date_gmt":"2018-02-16T14:20:00","guid":{"rendered":"https:\/\/www.kimarca.com.br\/site\/?post_type=product&#038;p=3244"},"modified":"2024-11-03T23:40:50","modified_gmt":"2024-11-04T02:40:50","slug":"uau-flores-folhas","status":"publish","type":"product","link":"https:\/\/www.kimarca.com.br\/site\/produto\/uau-flores-folhas\/","title":{"rendered":"UAU Flores &#038; Folhas"},"content":{"rendered":"<h2>UAU Flores &amp; Folhas,\u00a0multi Ambientes \u2013 Super Perfumado<\/h2>\n<p><strong>Embalagens<\/strong><br \/>\n500 ml<\/p>\n<p><strong>Ambientes Indicados<\/strong><br \/>\nCozinha, Sala, Quarto, Sala de jantar, Lavanderia, Banheiro<\/p>\n<p><strong>saiba + | Informa\u00e7\u00f5es Gerais<\/strong><br \/>\nLimpador multiuso para diferentes ambientes da casa, que combina o poder de limpeza com uma exclusiva fragr\u00e2ncia e deixa agrad\u00e1vel sensa\u00e7\u00e3o de refresc\u00e2ncia nos ambientes.<\/p>\n<p><strong>Modo de usar:<\/strong>\u00a0Aplique com o auxilio um pano \u00famido sobre a superf\u00edcie a ser limpa. Pode ser usado em pl\u00e1sticos, esmaltados, pinturas e demais superf\u00edcies lav\u00e1veis.<\/p>\n<p><strong>Cuidados:<\/strong>\u00a0antes de usar, teste o produto em uma pequena \u00e1rea escondida, para certificar-se de que n\u00e3o ir\u00e1 manchar. Recomendamos n\u00e3o aplicar em pinturas mais sens\u00edveis, como o painel de fog\u00f5es.<\/p>\n","protected":false},"excerpt":{"rendered":"<p>UAU Flores &amp; Folhas,\u00a0multi Ambientes \u2013 Super Perfumado Embalagens 500 ml Ambientes Indicados Cozinha, Sala, [&hellip;]<\/p>\n","protected":false},"featured_media":3245,"comment_status":"closed","ping_status":"closed","template":"","meta":[],"product_brand":[],"product_cat":[243],"product_tag":[],"class_list":{"0":"post-3244","1":"product","2":"type-product","3":"status-publish","4":"has-post-thumbnail","6":"product_cat-desinfetantes","8":"first","9":"instock","10":"shipping-taxable","11":"product-type-simple"},"_links":{"self":[{"href":"https:\/\/www.kimarca.com.br\/site\/wp-json\/wp\/v2\/product\/3244","targetHints":{"allow":["GET"]}}],"collection":[{"href":"https:\/\/www.kimarca.com.br\/site\/wp-json\/wp\/v2\/product"}],"about":[{"href":"https:\/\/www.kimarca.com.br\/site\/wp-json\/wp\/v2\/types\/product"}],"replies":[{"embeddable":true,"href":"https:\/\/www.kimarca.com.br\/site\/wp-json\/wp\/v2\/comments?post=3244"}],"wp:featuredmedia":[{"embeddable":true,"href":"https:\/\/www.kimarca.com.br\/site\/wp-json\/wp\/v2\/media\/3245"}],"wp:attachment":[{"href":"https:\/\/www.kimarca.com.br\/site\/wp-json\/wp\/v2\/media?parent=3244"}],"wp:term":[{"taxonomy":"product_brand","embeddable":true,"href":"https:\/\/www.kimarca.com.br\/site\/wp-json\/wp\/v2\/product_brand?post=3244"},{"taxonomy":"product_cat","embeddable":true,"href":"https:\/\/www.kimarca.com.br\/site\/wp-json\/wp\/v2\/product_cat?post=3244"},{"taxonomy":"product_tag","embeddable":true,"href":"https:\/\/www.kimarca.com.br\/site\/wp-json\/wp\/v2\/product_tag?post=3244"}],"curies":[{"name":"wp","href":"https:\/\/api.w.org\/{rel}","templated":true}]}}